{"id":70,"date":"2016-09-22T08:32:19","date_gmt":"2016-09-22T08:32:19","guid":{"rendered":"http:\/\/fn.se\/ystad-osterlen\/?page_id=70"},"modified":"2016-10-18T07:56:11","modified_gmt":"2016-10-18T07:56:11","slug":"internationell-afton-fokus-afrika-2008","status":"publish","type":"page","link":"https:\/\/fn.se\/ystad-osterlen\/internationell-afton-fokus-afrika-2008\/","title":{"rendered":"Internationell Afton \u201dFokus Afrika\u201d 2008"},"content":{"rendered":"<h2>Internationell Afton \u201dFokus Afrika\u201d<\/h2>\n<p class=\"intro\"><strong>F\u00f6r tredje g\u00e5ngen denna h\u00f6st, var det \u00e5ter dags f\u00f6r internationell afton med Ystad\/\u00d6sterlens FN-f\u00f6rening, denna g\u00e5ng med tema &#8221;Fokus Afrika&#8221;. Platsen var Forum Ystad, dit vuxenutbildning och invandrarundervisning \u00e4r f\u00f6rlagd och som \u00e4r en viktig samarbetspartner f\u00f6r v\u00e5r FN-f\u00f6rening. \u00c4ven V\u00e4rldsbutiken och R\u00e4ttvis Handel deltog med sina produkter fr\u00e5n Afrika.<\/strong><\/p>\n<p>Ca 40 personer f\u00f6rflyttades sig denna kv\u00e4ll fr\u00e5n den sk\u00e5nska vinterkylan till betydligt sydligare breddgrader med resa genom Sydafrika och Namibia, som Margaretha och Bengt Gundel ber\u00e4ttade och<\/p>\n<div id=\"attachment_72\" style=\"width: 245px\" class=\"wp-caption alignright\"><img loading=\"lazy\" decoding=\"async\" aria-describedby=\"caption-attachment-72\" class=\"size-full wp-image-72\" src=\"https:\/\/fn.se\/ystad-osterlen\/wp-content\/uploads\/sites\/82\/2016\/09\/Internationell-afton-Foto-Ali-Semesim.jpg\" alt=\"Foto: Ali Semesim\" width=\"235\" height=\"176\" \/><p id=\"caption-attachment-72\" class=\"wp-caption-text\">Foto: Ali Semesim<\/p><\/div>\n<p>visade film och bildspel om.<\/p>\n<p>Paret Gundel, som sedan tidigare \u00e4r engagerade i ABF Sk\u00e5ne och S\u00f6dra Afrikaf\u00f6reningen SAFRAN, ber\u00e4ttade om en rad olika projekt som man st\u00f6djer h\u00e4rigenom tillsammans med \u00e4ven Afrikagrupperna\u00a0och SIDA.<\/p>\n<p>Pengar insamlades ocks\u00e5 till den fattiga skolan Lutholi JSS i Transkei, ett omr\u00e5de i \u00d6stra Kap, Sydafrika, med n\u00e4stan uteslutande svart befolkning, ca 70% arbets-l\u00f6shet och 30 % HIV\/Aidsdrabbade.<\/p>\n<p>B\u00e5de Namibia och Sydafrika g\u00e5r till val n\u00e4sta \u00e5r. Namibia med 18 \u00e5r av sj\u00e4lvst\u00e4ndighet bakom sig, n\u00e5got som \u00e5rets fredspristagare Martthi Ahtisaari aktivt bidrog till som FN:s speciella s\u00e4ndebud och numera hedersmedborgare i Namibia. Sydafrika med regeringspartiet ANC sedan 1994, som nu splittrats. Det finns anledning att k\u00e4nna viss oro inf\u00f6r Sydafrikas framtid med Jacob Zuma som hittills ende presidentkandidat. I b\u00e5da l\u00e4nder finns fortfarande mentala s\u00e5v\u00e4l som ekonomiska barri\u00e4rer som ett arv<\/p>\n<div id=\"attachment_71\" style=\"width: 245px\" class=\"wp-caption alignright\"><img loading=\"lazy\" decoding=\"async\" aria-describedby=\"caption-attachment-71\" class=\"size-full wp-image-71\" src=\"https:\/\/fn.se\/ystad-osterlen\/wp-content\/uploads\/sites\/82\/2016\/09\/Internationell-afton-Foto-Ali-Semesim-2.jpg\" alt=\"Foto: Ali Semesim\" width=\"235\" height=\"176\" \/><p id=\"caption-attachment-71\" class=\"wp-caption-text\">Foto: Ali Semesim<\/p><\/div>\n<p>fr\u00e5n apartheidtiden. \u00c4ven katastrofsituationen i Zimbabwe togs upp med miljontals sv\u00e4ltande och nu \u00e4ven koleraepidemi. Finns det inte anledning f\u00f6r FN och EU att omedelbart ingripa?<\/p>\n<p>\u00c4nd\u00e5 \u00e4r det best\u00e5ende intrycket den gl\u00e4dje som v\u00e5ra afrikanska v\u00e4nner f\u00f6rm\u00e5r ta tillvara och dela med sig av i en f\u00f6r \u00f6vrigt utsatt tillvaro. Afrika \u00e4r inte bara &#8221;el\u00e4ndesbeskrivningar&#8221; som Jimmy Tour\u00e9 p\u00e5pekade, n\u00e4r han tillsammans med Mande Kalu fr\u00e5n V\u00e4stafrika avslutade kv\u00e4llen med s\u00e5ng, dans och medryckande afrikanska rytmer som ledsagade oss ut i decemberkv\u00e4llen, n\u00e4stan lika svart som den afrikanska natten, som n\u00e4stan lika snabbt \u00f6verg\u00e5r i en bl\u00e4ndande soluppg\u00e5ng och ger oss en ny dag b\u00e5de h\u00e4r och i Afrika.<\/p>\n","protected":false},"excerpt":{"rendered":"<p>Internationell Afton \u201dFokus Afrika\u201d F\u00f6r tredje g\u00e5ngen denna h\u00f6st, var det \u00e5ter dags f\u00f6r internationell afton med Ystad\/\u00d6sterlens FN-f\u00f6rening, denna&hellip;<\/p>\n","protected":false},"author":17,"featured_media":0,"parent":0,"menu_order":0,"comment_status":"closed","ping_status":"closed","template":"templates\/template-sub.php","meta":{"_acf_changed":false,"footnotes":"","_links_to":"","_links_to_target":""},"class_list":["post-70","page","type-page","status-publish","hentry"],"acf":[],"_links":{"self":[{"href":"https:\/\/fn.se\/ystad-osterlen\/wp-json\/wp\/v2\/pages\/70","targetHints":{"allow":["GET"]}}],"collection":[{"href":"https:\/\/fn.se\/ystad-osterlen\/wp-json\/wp\/v2\/pages"}],"about":[{"href":"https:\/\/fn.se\/ystad-osterlen\/wp-json\/wp\/v2\/types\/page"}],"author":[{"embeddable":true,"href":"https:\/\/fn.se\/ystad-osterlen\/wp-json\/wp\/v2\/users\/17"}],"replies":[{"embeddable":true,"href":"https:\/\/fn.se\/ystad-osterlen\/wp-json\/wp\/v2\/comments?post=70"}],"version-history":[{"count":1,"href":"https:\/\/fn.se\/ystad-osterlen\/wp-json\/wp\/v2\/pages\/70\/revisions"}],"predecessor-version":[{"id":74,"href":"https:\/\/fn.se\/ystad-osterlen\/wp-json\/wp\/v2\/pages\/70\/revisions\/74"}],"wp:attachment":[{"href":"https:\/\/fn.se\/ystad-osterlen\/wp-json\/wp\/v2\/media?parent=70"}],"curies":[{"name":"wp","href":"https:\/\/api.w.org\/{rel}","templated":true}]}}