{"id":44,"date":"2016-09-22T08:06:54","date_gmt":"2016-09-22T08:06:54","guid":{"rendered":"http:\/\/fn.se\/ystad-osterlen\/?page_id=44"},"modified":"2016-10-18T07:55:47","modified_gmt":"2016-10-18T07:55:47","slug":"arkiv","status":"publish","type":"page","link":"https:\/\/fn.se\/ystad-osterlen\/arkiv\/","title":{"rendered":"Arkiv"},"content":{"rendered":"<h2>Arkiv<\/h2>\n<p>H\u00e4r kan du l\u00e4sa om v\u00e5ra tidigare aktiviteter.<\/p>\n<p><a href=\"https:\/\/fn.se\/ystad-osterlen\/backakradagarna-till-dag-hammarskjolds-minne\/\">Back\u00e5kradagarna till Dag Hammarskj\u00f6lds minne<\/a><\/p>\n<p><a href=\"https:\/\/fn.se\/ystad-osterlen\/internationell-afton-fokus-afrika-2008\/\">Internationell Afton &#8221;Fokus Afrika&#8221; 2008<\/a><\/p>\n<p><a href=\"https:\/\/fn.se\/ystad-osterlen\/bilder-fran-arsmotet-2010\/\">Bilder fr\u00e5n \u00c5rsm\u00f6tet 2010<\/a><\/p>\n","protected":false},"excerpt":{"rendered":"<p>Arkiv H\u00e4r kan du l\u00e4sa om v\u00e5ra tidigare aktiviteter. Back\u00e5kradagarna till Dag Hammarskj\u00f6lds minne Internationell Afton &#8221;Fokus Afrika&#8221; 2008 Bilder&hellip;<\/p>\n","protected":false},"author":17,"featured_media":0,"parent":0,"menu_order":0,"comment_status":"closed","ping_status":"closed","template":"templates\/template-sub.php","meta":{"_acf_changed":false,"footnotes":"","_links_to":"","_links_to_target":""},"class_list":["post-44","page","type-page","status-publish","hentry"],"acf":[],"_links":{"self":[{"href":"https:\/\/fn.se\/ystad-osterlen\/wp-json\/wp\/v2\/pages\/44","targetHints":{"allow":["GET"]}}],"collection":[{"href":"https:\/\/fn.se\/ystad-osterlen\/wp-json\/wp\/v2\/pages"}],"about":[{"href":"https:\/\/fn.se\/ystad-osterlen\/wp-json\/wp\/v2\/types\/page"}],"author":[{"embeddable":true,"href":"https:\/\/fn.se\/ystad-osterlen\/wp-json\/wp\/v2\/users\/17"}],"replies":[{"embeddable":true,"href":"https:\/\/fn.se\/ystad-osterlen\/wp-json\/wp\/v2\/comments?post=44"}],"version-history":[{"count":4,"href":"https:\/\/fn.se\/ystad-osterlen\/wp-json\/wp\/v2\/pages\/44\/revisions"}],"predecessor-version":[{"id":88,"href":"https:\/\/fn.se\/ystad-osterlen\/wp-json\/wp\/v2\/pages\/44\/revisions\/88"}],"wp:attachment":[{"href":"https:\/\/fn.se\/ystad-osterlen\/wp-json\/wp\/v2\/media?parent=44"}],"curies":[{"name":"wp","href":"https:\/\/api.w.org\/{rel}","templated":true}]}}