{"id":13,"date":"2016-09-20T13:54:08","date_gmt":"2016-09-20T13:54:08","guid":{"rendered":"http:\/\/fn.se\/ystad-osterlen\/?page_id=13"},"modified":"2016-10-18T07:56:30","modified_gmt":"2016-10-18T07:56:30","slug":"verksamhet","status":"publish","type":"page","link":"https:\/\/fn.se\/ystad-osterlen\/verksamhet\/","title":{"rendered":"Verksamhet"},"content":{"rendered":"<p>H\u00e4r hittar du information om och kontaktuppgifter till v\u00e5r styrelse. Du kan \u00e4ven l\u00e4sa protokoll, verksamhetsber\u00e4ttelse och leta i v\u00e5rat arkiv.<\/p>\n","protected":false},"excerpt":{"rendered":"<p>H\u00e4r hittar du information om och kontaktuppgifter till v\u00e5r styrelse. Du kan \u00e4ven l\u00e4sa protokoll, verksamhetsber\u00e4ttelse och leta i v\u00e5rat&hellip;<\/p>\n","protected":false},"author":17,"featured_media":0,"parent":0,"menu_order":0,"comment_status":"closed","ping_status":"closed","template":"templates\/template-sub.php","meta":{"_acf_changed":false,"footnotes":"","_links_to":"","_links_to_target":""},"class_list":["post-13","page","type-page","status-publish","hentry"],"acf":[],"_links":{"self":[{"href":"https:\/\/fn.se\/ystad-osterlen\/wp-json\/wp\/v2\/pages\/13","targetHints":{"allow":["GET"]}}],"collection":[{"href":"https:\/\/fn.se\/ystad-osterlen\/wp-json\/wp\/v2\/pages"}],"about":[{"href":"https:\/\/fn.se\/ystad-osterlen\/wp-json\/wp\/v2\/types\/page"}],"author":[{"embeddable":true,"href":"https:\/\/fn.se\/ystad-osterlen\/wp-json\/wp\/v2\/users\/17"}],"replies":[{"embeddable":true,"href":"https:\/\/fn.se\/ystad-osterlen\/wp-json\/wp\/v2\/comments?post=13"}],"version-history":[{"count":1,"href":"https:\/\/fn.se\/ystad-osterlen\/wp-json\/wp\/v2\/pages\/13\/revisions"}],"predecessor-version":[{"id":15,"href":"https:\/\/fn.se\/ystad-osterlen\/wp-json\/wp\/v2\/pages\/13\/revisions\/15"}],"wp:attachment":[{"href":"https:\/\/fn.se\/ystad-osterlen\/wp-json\/wp\/v2\/media?parent=13"}],"curies":[{"name":"wp","href":"https:\/\/api.w.org\/{rel}","templated":true}]}}