{"id":9,"date":"2021-03-31T22:09:36","date_gmt":"2021-03-31T22:09:36","guid":{"rendered":"http:\/\/fn.se\/vaxjo\/?page_id=9"},"modified":"2022-05-11T13:52:49","modified_gmt":"2022-05-11T13:52:49","slug":"board","status":"publish","type":"page","link":"https:\/\/fn.se\/vaxjo\/board\/","title":{"rendered":"Styrelsen"},"content":{"rendered":"<h1>Styrelsen<\/h1>\n<p><strong>Ordf\u00f6rande<\/strong> &#8211; Gustav Bruzelius<\/p>\n<p><strong>Vice Ordf\u00f6rande<\/strong> &#8211; Cassie Dong<\/p>\n<p><strong>Kass\u00f6r<\/strong> &#8211; Jasmina Potera<\/p>\n<p><strong>Sekreterare<\/strong> &#8211; Wilma H\u00e5kansson<\/p>\n<p><strong>Kommunikationkoordinator<\/strong> &#8211; Martin Ekman<\/p>\n<p><strong>Medlemskoordinator<\/strong> &#8211; Ana Luc\u00eda Garin Rodriguez<\/p>\n<p><strong>Ungdomskoordinator &#8211; <\/strong>Paniz Khosrowshahi<br \/><br \/><\/p>\n<p><strong>Styrelsemedlemmar:<\/strong><\/p>\n<p>Omotola Fashima<\/p>\n<p>Lukas Nylander<\/p>\n<p>Alexander Lindqvist<\/p>\n\n\n<p><\/p>\n","protected":false},"excerpt":{"rendered":"<p>Styrelsen Ordf\u00f6rande &#8211; Gustav Bruzelius Vice Ordf\u00f6rande &#8211; Cassie Dong Kass\u00f6r &#8211; Jasmina Potera Sekreterare &#8211; Wilma H\u00e5kansson Kommunikationkoordinator &#8211;&hellip;<\/p>\n","protected":false},"author":17,"featured_media":0,"parent":0,"menu_order":0,"comment_status":"closed","ping_status":"closed","template":"templates\/template-sub.php","meta":{"_acf_changed":false,"footnotes":"","_links_to":"","_links_to_target":""},"class_list":["post-9","page","type-page","status-publish","hentry"],"acf":[],"_links":{"self":[{"href":"https:\/\/fn.se\/vaxjo\/wp-json\/wp\/v2\/pages\/9","targetHints":{"allow":["GET"]}}],"collection":[{"href":"https:\/\/fn.se\/vaxjo\/wp-json\/wp\/v2\/pages"}],"about":[{"href":"https:\/\/fn.se\/vaxjo\/wp-json\/wp\/v2\/types\/page"}],"author":[{"embeddable":true,"href":"https:\/\/fn.se\/vaxjo\/wp-json\/wp\/v2\/users\/17"}],"replies":[{"embeddable":true,"href":"https:\/\/fn.se\/vaxjo\/wp-json\/wp\/v2\/comments?post=9"}],"version-history":[{"count":10,"href":"https:\/\/fn.se\/vaxjo\/wp-json\/wp\/v2\/pages\/9\/revisions"}],"predecessor-version":[{"id":72,"href":"https:\/\/fn.se\/vaxjo\/wp-json\/wp\/v2\/pages\/9\/revisions\/72"}],"wp:attachment":[{"href":"https:\/\/fn.se\/vaxjo\/wp-json\/wp\/v2\/media?parent=9"}],"curies":[{"name":"wp","href":"https:\/\/api.w.org\/{rel}","templated":true}]}}