{"id":33,"date":"2016-09-22T09:18:45","date_gmt":"2016-09-22T09:18:45","guid":{"rendered":"http:\/\/fn.se\/vaxjo\/?page_id=33"},"modified":"2021-11-17T12:04:34","modified_gmt":"2021-11-17T12:04:34","slug":"arkiv","status":"publish","type":"page","link":"https:\/\/fn.se\/vaxjo\/arkiv\/","title":{"rendered":"Arkiv"},"content":{"rendered":"<h2>Arkiv<\/h2>\n<p>H\u00e4r kan du l\u00e4sa om v\u00e5ra tidigare aktiviteter.<br \/>\n&#8212;&#8212;&#8212;&#8212;&#8212;&#8212;&#8212;&#8212;&#8212;&#8212;&#8212;&#8212;&#8212;&#8212;&#8212;&#8212;&#8212;&#8212;&#8212;&#8212;&#8212;&#8212;&#8212;&#8212;&#8212;&#8212;&#8212;&#8212;&#8212;&#8212;&#8212;&#8212;&#8212;&#8212;&#8212;&#8212;&#8212;&#8212;&#8212;&#8212;&#8212;&#8212;&#8212;&#8212;&#8212;&#8212;&#8212;&#8212;&#8212;&#8212;&#8212;&#8212;&#8212;&#8212;<\/p>\n<h3>Earth Week i V\u00e4xj\u00f6<\/h3>\n<p>Fr\u00e5n den 27 mars till och med den 28 mars kommer vi i styrelsen medverka p\u00e5 V\u00e4xj\u00f6s Earth Week m\u00e4ssa som h\u00e5lls f\u00f6r att uppm\u00e4rksamma milj\u00f6 med fokus p\u00e5 milj\u00f6- och framtidsfr\u00e5gor. M\u00e4ssan \u00e4ger rum i V\u00e4xj\u00f6s stadsbibliotek och konserthus d\u00e4r vi i f\u00f6reningen kommer att h\u00e5lla till i biblioteket med monterplats 14. M\u00e4ssan varar fr\u00e5n kl. 12-16 p\u00e5 fredagen och fr\u00e5n kl. 10-15 p\u00e5 l\u00f6rdagen. Under m\u00e4ssan kommer vi att bidra med ett milj\u00f6quiz och en t\u00e4vling som g\u00e5r ut p\u00e5 att gissa hur m\u00e5nga liter vatten det g\u00e5r \u00e5t f\u00f6r att producera en speciell produkt.<\/p>\n<p>L\u00e4s mer p\u00e5: http:\/\/www.vaxjo.se\/-\/Invanare\/Miljo&#8211;klimat\/Miljotips-och-goda-exempel\/Earth-Week\/Om-Earth-Week-\/<\/p>\n<h3>World Water Day<\/h3>\n<p>Den 22 mars \u00e4r det World Water Day som uppm\u00e4rksammar vikten av rent vatten och h\u00e5llbar utveckling. Detta \u00e4r en dag att uppm\u00e4rksamma och fira vikten av rent vatten till alla v\u00e4rldens kanter och hur vi skall hantera rent vatten i framtiden genom en h\u00e5llbar utveckling s\u00e5 att alla kan f\u00e5 tillg\u00e5ng till rent vatten. Det \u00e4r \u00e4ven en dag f\u00f6r att g\u00f6ra en skillnad f\u00f6r alla de m\u00e4nniskor av den globala befolkningen som lider av vatten relaterade fr\u00e5gor. Det \u00e4r en dag att uppm\u00e4rksamma och sprida information f\u00f6r hur vi skall hanterar vattenfr\u00e5gan i framtiden.<\/p>\n<p>L\u00e4s mer p\u00e5: http:\/\/www.unwater.org\/worldwaterday\/about\/en\/#sthash.OzQ3JGVc.dpuf<\/p>\n<p>Vi i V\u00e4xj\u00f6 FN-f\u00f6rening kommer att uppm\u00e4rksamma denna dag genom ett fr\u00e4mjande i fr\u00e5gan d\u00e4r vi kommer att f\u00f6respr\u00e5ka vikten av vattenfr\u00e5gan genom att sprida informationen och ha ett bokbord i Linn\u00e9universitetets bibliotek p\u00e5 s\u00f6ndag, den 22\/3 fr\u00e5n kl. 13.00 till 15.00. Vi kommer \u00e4ven att erbjuda en t\u00e4vling som lyfter fr\u00e5gan ang\u00e5ende vatten, samt ett milj\u00f6quiz d\u00e4r man kan vinna en donation till valfri FN kampanj. Vi kommer \u00e4ven finnas d\u00e4r f\u00f6r att sprida information om f\u00f6reningen och hur just du kan engagerade dig!<\/p>\n<h3>Studiecirkel h\u00f6sten 2012<\/h3>\n<p><strong>Studiebok<\/strong> ; Finns det lim i Afrika av Lars Eric Berg \/Martin Ehrling<\/p>\n<p><strong>M\u00f6testid<\/strong> 18.00 -20.00<\/p>\n<p><strong>Datum<\/strong><\/p>\n<p>v 34\u00a0 M\u00e5ndag 20 Augusti<br \/>\nKapitel \/\u00c4mne; Har dom Elspisar ? sid 70-75,<br \/>\nVarf\u00f6r finns det stammar ? sid 76-85<\/p>\n<p>v 39\u00a0 M\u00e5ndag 24 September<br \/>\nKapitel \/\u00c4mne; Har dom n\u00e5gon historia ? sid 86 -93<\/p>\n<p>v 43\u00a0 M\u00e5ndag 22 Oktober<br \/>\nKapitel \/\u00c4mne; Varf\u00f6r finns det olika spr\u00e5k ? sid 94-103<br \/>\nFinns det medicinm\u00e4n ? sid 104 -115<\/p>\n<p>v 48\u00a0 M\u00e5ndag 26 November<br \/>\nKapitel \/\u00c4mne. Hudf\u00e4rger sid.116-121<br \/>\nHur ser gr\u00e4nser ut i verkligheten ? sid 122 -127<\/p>\n<h2>2015<\/h2>\n<p><strong>World Health Day &amp; International Day of Remembrance of the Victims of the Rwanda Genocide<\/strong><br \/>\nIg\u00e5r, den 7\/4 intr\u00e4ffade tv\u00e5 internationella dagar som vi i V\u00e4xj\u00f6 FN-f\u00f6rening uppm\u00e4rksammade!<br \/>\nTemat f\u00f6r \u00e5rets World Health Day var &#8221;Mats\u00e4kerhet&#8221;. M\u00e5nga h\u00e4lsoproblem har sin grund i bl.a. bristf\u00e4llig mathantering. D\u00e4rf\u00f6r beh\u00f6vs b\u00e4ttre koordinering \u00f6ver landsgr\u00e4nser f\u00f6r att s\u00e4kra upp hela den f\u00f6dliga f\u00f6rs\u00f6rjningskedjan.<br \/>\n<a class=\"new-window\" href=\"https:\/\/www.youtube.com\/watch?v=8saaEsV0Th4\" target=\"_blank\" rel=\"nofollow noopener\">https:\/\/www.youtube.com\/watch?v=8saaEsV0Th4<\/a><\/p>\n<p>\u00c4ven International Day of Remembrance of the Victims of the Rwanda Genocide intr\u00e4ffade denna dag. 1994 intr\u00e4ffade denna <span class=\"text_exposed_show\">avskyv\u00e4rda aktion. 800 000 m\u00e4nniskor miste livet inom loppet av endast 3 m\u00e5nader. L\u00e5t FN verka f\u00f6r att information om stundande oroligheter fr\u00e5n lokala FN-trupper ej negligeras, detta d\u00e5 trupper sattes in men mycket senare, vilket fick till f\u00f6ljd att s\u00e5 m\u00e5nga miste livet.<\/span><\/p>\n<div class=\"text_exposed_show\">\n<p>Vi kan dock \u00e4ven se Rwanda som ett positivt exempel. \u00c5terf\u00f6reningsprocessen mellan hutuer och tutsier har genom \u00e5ren gjort stora och viktiga framsteg. Rwanda \u00e4r idag en av v\u00e4rldens fattigaste l\u00e4nder men g\u00f6r stora ekonomiska framsteg och fattigdomen minskar drastiskt. Regeringen i Kigali arbetar aktivt f\u00f6r skapandet av en ny nationell identitet som st\u00e4rker banden inom landet.<\/p>\n<\/div>\n<h3>Glad P\u00e5sk!<\/h3>\n<p>Vi vill \u00f6nska er en glad, fridfull och mysig P\u00e5sk fina f\u00f6ljare! We wish you all a very happy, peaceful and cozy Easter, dear followers!<\/p>\n<h3>April &#8211; Global H\u00e4lsa \/ Global Health<\/h3>\n<p>&#8211; Message in English will follow &#8211;<\/p>\n<p>Efter en m\u00e5nad med fokus p\u00e5 milj\u00f6 \u00e4r det nu dags att koncentrera oss p\u00e5 ett nytt tema, mycket relaterat till f\u00f6reg\u00e5ende \u2013 n\u00e4mligen &#8221;Global h\u00e4lsa&#8221;!<\/p>\n<p>Vi vill po\u00e4ngtera att &#8221;h\u00e4lsa&#8221; \u00e4r ett begrepp med en bred inneb\u00f6rd. Begreppet kan definieras och uppfattas i dess enklaste mening, helt enkelt som fr\u00e5nvaro av sjukdomar. Vi v\u00e4ljer dock att citera och st\u00e5 bakom V\u00e4rldsh\u00e4lsoorganisationens definition:<\/p>\n<div class=\"text_exposed_show\">\n<p>&#8221;H\u00e4lsa \u00e4r ett tillst\u00e5nd av fullst\u00e4ndigt fysiskt, psykiskt och socialt v\u00e4lbefinnande och ej endast fr\u00e5nvaron av sjukdom eller skr\u00f6plighet.&#8221;<\/p>\n<p>FN anser h\u00e4lsa vara en av de mest fundamentala r\u00e4ttigheterna som tillkommer varje m\u00e4nniska. F\u00f6r att st\u00f6dja denna sj\u00e4lvklarhet kommer vi i f\u00f6reningen jobba med att uppm\u00e4rksamma viktiga internationella dagar s\u00e5som World Health Day och World Malaria Day med mer eller mindre direkt koppling till temat, men ocks\u00e5 dagar som International Day for Mine Awarness and Assistance in Mine Action och International Mother Earth Day som indirekt har koppling till m\u00e4nsklig h\u00e4lsa och v\u00e4lbefinnande.<\/p>\n<p>H\u00e4ng med och ge g\u00e4rna era synpunkter kring v\u00e5rt tema! Ha det gott!<br \/>\n____________________________________________________<\/p>\n<p>After a month with focus on &#8221;environment&#8221; it is now time for dedicating April to a related theme \u2013 which is &#8221;Global health!&#8221;<\/p>\n<p>&#8221;Health&#8221; is a concept with a very broad meaning. The word can be descriped and perceived in its simplest sense, simply as the absence of disease. We choose, however, to quote and stand behind World Health Organization&#8217;s definition:<\/p>\n<p>&#8221;Health is a state of complete physical, mental and social well-being and not merely the absence of disease or infirmity.&#8221;<\/p>\n<p>UN considers health as one of the most fundamental rights of every human being. To support this self-evidence, we will work with the awarness of important international days such as World Health Day and World Malaria Day that are more or less directly linked to the theme, but also days as International Day for Mine Awarness and Assistance in Mine Action and the International Mother Earth Day, that are indirectly, but also linked to human health and wellbeing.<\/p>\n<p>You are very welcome to give your comments on our theme! Have a great day!<\/p>\n<\/div>\n<h2>Earth Week<\/h2>\n<p>Ni har s\u00e4kert m\u00e4rkt att Earth Week-veckan \u00e4r i full g\u00e5ng i V\u00e4xj\u00f6 och det gl\u00e4ds vi i V\u00e4xj\u00f6 FN-f\u00f6rening mycket \u00e5t! Vi vill p\u00e5minna om att vi i f\u00f6reningen kommmer att delta p\u00e5 Earth Week-m\u00e4ssan som kommer att h\u00e5llas p\u00e5 fredag och l\u00f6rdag 27-28 mars! Vi kommer att finnas p\u00e5 plats i V\u00e4xj\u00f6 stadsbibliotek med bokbord. Kom och prata med oss och andra utst\u00e4llare som v\u00e4rnar om milj\u00f6n!<\/p>\n<p><a class=\"new-window\" href=\"http:\/\/www.vaxjo.se\/-\/Invanare\/Miljo--klimat\/Miljotips-och-goda-exempel\/Earth-Week\/Earth-Week-massa-27-28-mars\/\" target=\"_blank\" rel=\"nofollow noopener\">http:\/\/www.vaxjo.se\/\u2026\/Earth-We\u2026\/Earth-Week-massa-27-28-mars\/<\/a><\/p>\n<h2><strong>The International Day of Remembrance of the Victims of Slavery and the Transatlantic Slave Trade<\/strong><\/h2>\n<p>Idag, den 25 mars, vill vi i V\u00e4xj\u00f6 FN-f\u00f6rening uppm\u00e4rksamma tv\u00e5 internationella dagar: &#8221;The International Day of Remembrance of the Victims of Slavery and the Transatlantic Slave Trade&#8221; samt &#8221;The International Day of Solidarity with Detained and Missing Staff Members&#8221;.<\/p>\n<p>Den internationella minnesdagen f\u00f6r offren f\u00f6r slaveri och den transatlantiska slavhandeln uppm\u00e4rksammas f\u00f6r att minnas de 15 miljoner m\u00e4n, kvinnor och barn som under 400 \u00e5r f\u00f6ll offer f\u00f6r detta. Varje \u00e5r vill <span class=\"text_exposed_show\">man bel\u00f6na och minnas dem som led och dog som ett resultat av detta brutala slavsystem. Man hoppas med den h\u00e4r dagen kunna v\u00e4cka medvetenhet om de faror som finns med rasism och f\u00f6rdomar idag. \u00c5rets tema f\u00f6r denna dag \u00e4r &#8221;Women and Slavery&#8221; och \u00e4mnar hylla de m\u00e5nga kvinnor som fick genomlida denna p\u00e5frestning och sexuella exploatering, men \u00e4ven dem som k\u00e4mpade f\u00f6r frihet fr\u00e5n slaveriet. F\u00f6r mer info kan ni l\u00e4sa h\u00e4r: <a class=\"new-window\" href=\"http:\/\/www.un.org\/en\/events\/slaveryremembranceday\/\" target=\"_blank\" rel=\"nofollow noopener\">http:\/\/www.un.org\/en\/events\/slaveryremembranceday\/<\/a><\/span><\/p>\n<div class=\"text_exposed_show\">\n<p>Den internationella dagen av solidaritet f\u00f6r f\u00e4ngslad och saknad personal uppm\u00e4rksammas varje \u00e5r f\u00f6r att minnas bortf\u00f6randet av Alec Collett som arbetade f\u00f6r FN:s r\u00e4kning och f\u00f6rdes bort 1985. Dagen har p\u00e5 senare \u00e5r f\u00e5tt \u00e4n st\u00f6rre betydelse p\u00e5 grund av \u00f6kade attacker mot FN och dess organ. Syftet med dagen \u00e4r att mobilisera f\u00f6r handling, kr\u00e4va r\u00e4ttvisa samt st\u00e4rka beslutsamheten f\u00f6r att skydda FN-arbetare och fredsbevarare samt arbetare inom icke-statliga organisationer och medier. F\u00f6r mer info om \u00e4mnet:<a class=\"new-window\" href=\"http:\/\/l.facebook.com\/l.php?u=http%3A%2F%2Fwww.un.org%2Fpress%2Fen%2F2013%2Fobv1199.doc.htm&amp;h=MAQHQsN_0&amp;enc=AZOxpcBe6ZkI2BC-SgfT77phVbUgvS_QFLTSwL0_4nTvpwwioIUSxCCsQ2iu3fRWY7fvng_eQ0fpbFuhLFpwjpZvcPUqkJeU3m8UL-WtAj8gVe9toJDCRIWXZWtFGPIAriEjR8CpnLhe8UPgmNdXGNY-tDKhMNZ7ua_u5_WStAOzaA&amp;s=1\" target=\"_blank\" rel=\"nofollow noopener\">http:\/\/www.un.org\/press\/en\/2013\/obv1199.doc.htm<\/a><\/p>\n<h2>We wish everyone a very happy International Day of Happiness!<\/h2>\n<p>Idag \u00e4r Internationella gl\u00e4djedagen som etablerades av FNs Generalf\u00f6rsamling \u00e5r 2012. P\u00e5 s\u00e5 s\u00e4tt erk\u00e4nner FN gl\u00e4dje och v\u00e4lbefinnande som universella m\u00e5l och ambitioner att uppn\u00e5 och p\u00e5pekar vikten av deras erk\u00e4nnande inom allm\u00e4nna politiska m\u00e5l.<\/p>\n<\/div>\n<p>The General Assembly of the UN has proclaimed 20 March the International Day of Happiness, recognising the relevance of happiness and well-being as univers<span class=\"text_exposed_show\">al goals and the importance of their recognition in public policy objectives.<\/span><\/p>\n<div class=\"text_exposed_show\">\n<p>Find more info on:<br \/>\nhttp:\/\/www.dayofhappiness.net\/#happiness<\/p>\n<p>Du kan \u00e4ven g\u00f6ra United Nations Foundation utmaning av att sprida gl\u00e4dje v\u00e4rlden \u00f6ver i hundra dagar! Mer information om hur du kan medverka och sprida gl\u00e4dje finns p\u00e5: http:\/\/world.100happydays.com<\/p>\n<h2>Medverka p\u00e5 Svenska FN-f\u00f6rbundets B-kurs om fred, s\u00e4kerhet och nedrustning!<\/h2>\n<\/div>\n<p class=\"intro\">B-kursen om fred, s\u00e4kerhet och nedrustning \u00e4r en forts\u00e4ttning p\u00e5 FN-f\u00f6rbundets grundkurs i FN-kunskap.Kursen behandlar delar av FN:s och FN-f\u00f6rbundets arbete inom omr\u00e5dena fred och s\u00e4kerhet, bland annat &#8221;skyldighet att skydda&#8221;, nedrustning och Sveriges st\u00f6d till FN:s fredsarbete. Kursdagen \u00e4r indelad i tre f\u00f6rel\u00e4sningspass och ett pass d\u00e4r vi spelar spelet &#8221;Peace by Piece&#8221; som ett interaktivt inslag.<\/p>\n<p>Kursen \u00e4r en heldagskurs och vi bjuder p\u00e5 f\u00f6r- och eftermiddagsfika. Lunch ansvarar deltagarna sj\u00e4lva f\u00f6r. Mer information kommer n\u00e4rmare kursdatum.<\/p>\n<p><strong>Tid:<\/strong>\u00a027 mars 9.30 &#8211; 16.45<br \/>\n<strong>Plats:<\/strong> Sensus, Studentgatan 4, 211 38 Malm\u00f6<br \/>\n<strong>Kursavgift medlem:<\/strong>\u00a0495 kronor<br \/>\n<strong>Kursavgift \u00f6vriga:<\/strong>\u00a0795 kronor<\/p>\n<h2>Earth Week i V\u00e4xj\u00f6<\/h2>\n<p>Fr\u00e5n den 27 mars till och med den 28 mars kommer vi i styrelsen medverka p\u00e5 V\u00e4xj\u00f6s Earth Week m\u00e4ssa som h\u00e5lls f\u00f6r att uppm\u00e4rksamma milj\u00f6 med fokus p\u00e5 milj\u00f6- och framtidsfr\u00e5gor. M\u00e4ssan \u00e4ger rum i V\u00e4xj\u00f6s stadsbibliotek och konserthus d\u00e4r vi i f\u00f6reningen kommer att h\u00e5lla till i biblioteket med monterplats 14. M\u00e4ssan varar fr\u00e5n kl. 12-16 p\u00e5 fredagen och fr\u00e5n kl. 10-15 p\u00e5 l\u00f6rdagen. Under m\u00e4ssan kommer vi att bidra med ett milj\u00f6quiz och en t\u00e4vling som g\u00e5r ut p\u00e5 att gissa hur m\u00e5nga liter vatten det g\u00e5r \u00e5t f\u00f6r att producera en speciell produkt.<\/p>\n<p>L\u00e4s mer p\u00e5: http:\/\/www.vaxjo.se\/-\/Invanare\/Miljo&#8211;klimat\/Miljotips-och-goda-exempel\/Earth-Week\/Om-Earth-Week-\/<\/p>\n<h2>World Water Day<\/h2>\n<p>Den 22 mars \u00e4r det World Water Day som uppm\u00e4rksammar vikten av rent vatten och h\u00e5llbar utveckling. Detta \u00e4r en dag att uppm\u00e4rksamma och fira vikten av rent vatten till alla v\u00e4rldens kanter och hur vi skall hantera rent vatten i framtiden genom en h\u00e5llbar utveckling s\u00e5 att alla kan f\u00e5 tillg\ufffd\ufffdng till rent vatten. Det \u00e4r \u00e4ven en dag f\u00f6r att g\u00f6ra en skillnad f\u00f6r alla de m\u00e4nniskor av den globala befolkningen som lider av vatten relaterade fr\u00e5gor. Det \u00e4r en dag att uppm\u00e4rksamma och sprida information f\u00f6r hur vi skall hanterar vattenfr\u00e5gan i framtiden.<\/p>\n<p>L\u00e4s mer p\u00e5: http:\/\/www.unwater.org\/worldwaterday\/about\/en\/#sthash.OzQ3JGVc.dpuf<\/p>\n<p>Vi i V\u00e4xj\u00f6 FN-f\u00f6rening kommer att uppm\u00e4rksamma denna dag genom ett fr\u00e4mjande i fr\u00e5gan d\u00e4r vi kommer att f\u00f6respr\u00e5ka vikten av vattenfr\u00e5gan genom att sprida informationen och ha ett bokbord i Linn\u00e9universitetets bibliotek p\u00e5 s\u00f6ndag, den 22\/3 fr\u00e5n kl. 13.00 till 15.00. Vi kommer \u00e4ven att erbjuda en t\u00e4vling som lyfter fr\u00e5gan ang\u00e5ende vatten, samt ett milj\u00f6quiz d\u00e4r man kan vinna en donation till valfri FN kampanj. Vi kommer \u00e4ven finnas d\u00e4r f\u00f6r att sprida information om f\u00f6reningen och hur just du kan engagerade dig!<\/p>\n<h2>Ny m\u00e5nad och nytt tema! New month and a new theme!<\/h2>\n<p>&#8211; Message in English will follow &#8211;<\/p>\n<p>Ny m\u00e5nad inneb\u00e4r nytt tema f\u00f6r V\u00e4xj\u00f6 FN-f\u00f6rening.Vi avslutade temat karri\u00e4r f\u00f6r februari genom att medverka p\u00e5 Am\u00e5r arbetsmarknadsm\u00e4ssa. Ett event vi i styrelsen fann vara mycket lyckat! Temat f\u00f6r mars \u00e4r milj\u00f6, en fr\u00e5ga vi t\u00e4nker uppm\u00e4rksamma under tv\u00e5 event. F\u00f6rst ut \u00e4r World Water Day den 22 mars d\u00e5 vi kommer att finnas p\u00e5 plats p\u00e5 UB vid Linn\u00e9universitetet under dagen. D\u00e4r kommer det att finnas bokbord och quiz f\u00f6r den intresserade.<\/p>\n<p>Vi <span class=\"text_exposed_show\">f\u00f6ljer upp detta event genom att n\u00e4rvara vid Earth Week den 27-28 mars!<br \/>\nDetta evenemang som \u00e4ger rum p\u00e5 Stadsbiblioteket \u00e4r anordnat av V\u00e4xj\u00f6 Kommun som valt att ut\u00f6ka WWF:s Earth Hour till en hel vecka med milj\u00f6n i fokus.<br \/>\nHj\u00e4rtligt v\u00e4lkomna till v\u00e5ra event under mars m\u00e5nad!<br \/>\n&#8212;<br \/>\nA new month means a new theme for V\u00e4xj\u00f6 UNA.<br \/>\nThe job fair of Am\u00e5r was our grande finale for the month of february, dedicated to the theme career. An event the board found was very giving! The theme for March is the enviroment, a subject we intend to draw our attention to during two events.<br \/>\n<\/span><\/p>\n<p><span class=\"text_exposed_show\">Firstly, we have the World Water Day the 22 of March when we will be at Linneaus University Library. We will have a book stand and a quiz for the interested. We follow up this event by attending Earth Week during 27-28 of March! This event takes place at the city library and is disposed by V\u00e4xj\u00f6 Municipality who has chosen to lenghten WWF:s Earth Hour to an entire week with the enviroment in focus.<br \/>\nYou&#8217;re most welcome to attend any of our events in March!<\/span><\/p>\n<p><em>10 mars<\/em><\/p>\n<p>FN-f\u00f6rbundet erbjuder A-, B- och C-kurser. F\u00f6r mer information, kika p\u00e5 hemsidan.<\/p>\n<p><em>9 mars<br \/>\n<\/em>Under Februari m\u00e5nad har vi arbetat efter temat &#8221;Karri\u00e4r och ungt engagemang&#8221;. Vi bj\u00f6d in Lin som arbetar p\u00e5 R\u00f6da Korset h\u00e4r, Pernilla som arbetar p\u00e5 FN-f\u00f6rbundet i Stockholm samt Jim som precis kommit hem fr\u00e5n sin praktik i Armeninen p\u00e5 deras FN-f\u00f6rbund. F\u00f6rel\u00e4sningen var v\u00e4ldigt givande och vi i styrelsen gick alla d\u00e4rifr\u00e5n med m\u00e5nga bra tips v\u00e4rdefulla f\u00f6r framtiden, vilket vi \u00e4ven hoppas att de som kom f\u00f6r att lyssna gjorde. Ut\u00f6ver detta anordnade vi, med hj\u00e4lp av V\u00e4xj\u00f6 International Students (VIS), CV-fotografering f\u00f6r att kunna ge ett proffsigt intryck p\u00e5 framtida jobbans\u00f6kningar.<\/p>\n<p>Under mars m\u00e5nad kommer vi arbeta utefter temat milj\u00f6. Den 22 mars finns vi p\u00e5 Linn\u00e9universitets bibliotek h\u00e4r i V\u00e4xj\u00f6 och den 27-28 mars kan ni hitta oss p\u00e5 Earth Week-m\u00e4ssan p\u00e5 V\u00e4xj\u00f6 stadsbibliotek. Vi hoppas att ni vill komma och bes\u00f6ka oss d\u00e4r!<\/p>\n<h2>2009<\/h2>\n<h3>Esl\u00f6vs FN-f\u00f6rening 25 \u00e5r<\/h3>\n<p class=\"intro\">I \u00e5r firade Esl\u00f6vs FN-f\u00f6rening 25 \u00e5r. Det firades bland annat med att man tog fram en jubileumsskrift d\u00e4r f\u00f6reningens historia skildras. <a href=\"https:\/\/fn.se\/vaxjo\/wp-content\/uploads\/sites\/74\/2016\/09\/Esl\u00f6vs-FN-f\u00f6rening-25-\u00e5r.pdf\">L\u00e4s skriften som PDF h\u00e4r!<\/a><\/p>\n","protected":false},"excerpt":{"rendered":"<p>Arkiv H\u00e4r kan du l\u00e4sa om v\u00e5ra tidigare aktiviteter. &#8212;&#8212;&#8212;&#8212;&#8212;&#8212;&#8212;&#8212;&#8212;&#8212;&#8212;&#8212;&#8212;&#8212;&#8212;&#8212;&#8212;&#8212;&#8212;&#8212;&#8212;&#8212;&#8212;&#8212;&#8212;&#8212;&#8212;&#8212;&#8212;&#8212;&#8212;&#8212;&#8212;&#8212;&#8212;&#8212;&#8212;&#8212;&#8212;&#8212;&#8212;&#8212;&#8212;&#8212;&#8212;&#8212;&#8212;&#8212;&#8212;&#8212;&#8212;&#8212;&#8212;&#8212; Earth Week i V\u00e4xj\u00f6 Fr\u00e5n den 27 mars till och&hellip;<\/p>\n","protected":false},"author":17,"featured_media":0,"parent":0,"menu_order":0,"comment_status":"closed","ping_status":"closed","template":"templates\/template-sub.php","meta":{"_acf_changed":false,"footnotes":"","_links_to":"","_links_to_target":""},"class_list":["post-33","page","type-page","status-publish","hentry"],"acf":[],"_links":{"self":[{"href":"https:\/\/fn.se\/vaxjo\/wp-json\/wp\/v2\/pages\/33","targetHints":{"allow":["GET"]}}],"collection":[{"href":"https:\/\/fn.se\/vaxjo\/wp-json\/wp\/v2\/pages"}],"about":[{"href":"https:\/\/fn.se\/vaxjo\/wp-json\/wp\/v2\/types\/page"}],"author":[{"embeddable":true,"href":"https:\/\/fn.se\/vaxjo\/wp-json\/wp\/v2\/users\/17"}],"replies":[{"embeddable":true,"href":"https:\/\/fn.se\/vaxjo\/wp-json\/wp\/v2\/comments?post=33"}],"version-history":[{"count":2,"href":"https:\/\/fn.se\/vaxjo\/wp-json\/wp\/v2\/pages\/33\/revisions"}],"predecessor-version":[{"id":62,"href":"https:\/\/fn.se\/vaxjo\/wp-json\/wp\/v2\/pages\/33\/revisions\/62"}],"wp:attachment":[{"href":"https:\/\/fn.se\/vaxjo\/wp-json\/wp\/v2\/media?parent=33"}],"curies":[{"name":"wp","href":"https:\/\/api.w.org\/{rel}","templated":true}]}}