{"id":21,"date":"2016-09-20T14:47:13","date_gmt":"2016-09-20T14:47:13","guid":{"rendered":"http:\/\/fn.se\/vaxjo\/?page_id=21"},"modified":"2016-10-18T07:54:27","modified_gmt":"2016-10-18T07:54:27","slug":"kampanjer","status":"publish","type":"page","link":"https:\/\/fn.se\/vaxjo\/kampanjer\/","title":{"rendered":"Kampanjer"},"content":{"rendered":"<h1>Kampanjer<\/h1>\n<p>Vi arbetar aktivt med FN-f\u00f6rbundets kampanjer b\u00e5de genom att anordna event s\u00e5som f\u00f6rel\u00e4singar, insamlingar samt att sprida information i V\u00e4xj\u00f6 med omnejd.<br \/>\nH\u00e4r kan du l\u00e4sa mer om de aktuella kampanjerna:<\/p>\n<p><strong><strong><a href=\"https:\/\/fn.se\/vi-gor\/vi-stodjer-viktiga-fn-projekt-i-varlden\/minor\/\">Minor<br \/>\n<\/a><br \/>\n<a href=\"https:\/\/fn.se\/vi-gor\/vi-stodjer-viktiga-fn-projekt-i-varlden\/skolmat\/\">Skolmat<br \/>\n<\/a><br \/>\n<a href=\"https:\/\/fn.se\/vi-gor\/vi-stodjer-viktiga-fn-projekt-i-varlden\/flicka\/\">Flicka<\/a><\/strong><\/strong><\/p>\n","protected":false},"excerpt":{"rendered":"<p>Kampanjer Vi arbetar aktivt med FN-f\u00f6rbundets kampanjer b\u00e5de genom att anordna event s\u00e5som f\u00f6rel\u00e4singar, insamlingar samt att sprida information i&hellip;<\/p>\n","protected":false},"author":17,"featured_media":0,"parent":0,"menu_order":0,"comment_status":"closed","ping_status":"closed","template":"templates\/template-sub.php","meta":{"_acf_changed":false,"footnotes":"","_links_to":"","_links_to_target":""},"class_list":["post-21","page","type-page","status-publish","hentry"],"acf":[],"_links":{"self":[{"href":"https:\/\/fn.se\/vaxjo\/wp-json\/wp\/v2\/pages\/21","targetHints":{"allow":["GET"]}}],"collection":[{"href":"https:\/\/fn.se\/vaxjo\/wp-json\/wp\/v2\/pages"}],"about":[{"href":"https:\/\/fn.se\/vaxjo\/wp-json\/wp\/v2\/types\/page"}],"author":[{"embeddable":true,"href":"https:\/\/fn.se\/vaxjo\/wp-json\/wp\/v2\/users\/17"}],"replies":[{"embeddable":true,"href":"https:\/\/fn.se\/vaxjo\/wp-json\/wp\/v2\/comments?post=21"}],"version-history":[{"count":1,"href":"https:\/\/fn.se\/vaxjo\/wp-json\/wp\/v2\/pages\/21\/revisions"}],"predecessor-version":[{"id":23,"href":"https:\/\/fn.se\/vaxjo\/wp-json\/wp\/v2\/pages\/21\/revisions\/23"}],"wp:attachment":[{"href":"https:\/\/fn.se\/vaxjo\/wp-json\/wp\/v2\/media?parent=21"}],"curies":[{"name":"wp","href":"https:\/\/api.w.org\/{rel}","templated":true}]}}