{"id":2,"date":"2016-08-11T10:54:26","date_gmt":"2016-08-11T10:54:26","guid":{"rendered":"http:\/\/fn.se\/vaxjo-fn-forening\/?page_id=2"},"modified":"2021-11-23T13:38:24","modified_gmt":"2021-11-23T13:38:24","slug":"sample-page","status":"publish","type":"page","link":"https:\/\/fn.se\/vaxjo\/","title":{"rendered":"Hem"},"content":{"rendered":"<h1 style=\"text-align: left\">V\u00e4lkommen till V\u00e4xj\u00f6 FN-f\u00f6rening!<img loading=\"lazy\" decoding=\"async\" class=\"size-medium wp-image-59 alignright\" src=\"https:\/\/fn.se\/vaxjo\/wp-content\/uploads\/sites\/74\/2021\/11\/Logga-UNA-Vaxjo-137x300.png\" alt=\"\" width=\"137\" height=\"300\" srcset=\"https:\/\/fn.se\/vaxjo\/wp-content\/uploads\/sites\/74\/2021\/11\/Logga-UNA-Vaxjo-137x300.png 137w, https:\/\/fn.se\/vaxjo\/wp-content\/uploads\/sites\/74\/2021\/11\/Logga-UNA-Vaxjo.png 159w\" sizes=\"auto, (max-width: 137px) 100vw, 137px\" \/><\/h1>\n<p style=\"text-align: left\"><span style=\"font-weight: 400\">Vi \u00e4r en studentf\u00f6rening kopplade till Linn\u00e9universitetet i V\u00e4xj\u00f6, men alla \u00e4r v\u00e4lkomna att bli medlemmar och engagera sig hos oss: gymnasieelever, studenter, vuxna och pension\u00e4rer! Eftersom m\u00e5nga medlemmar \u00e4r studenter \u00e4r vi en f\u00f6rening med personer fr\u00e5n flera olika l\u00e4nder, vilket \u00e4r extra roligt n\u00e4r vi arbetar tillsammans.<br \/>\n<\/span><\/p>\n<p>\u00c4r det n\u00e5got s\u00e4rskilt tema du brinner f\u00f6r eller ett projekt du skulle vilja driva?<span style=\"font-weight: 400\"><br \/>\n<\/span><span style=\"font-weight: 400\">Det finns stora m\u00f6jligheter att engagera sig hos oss: antingen genom att s\u00f6ka till styrelsen (vi har \u00e5rsm\u00f6te varje \u00e5r i februari), bli medlem i v\u00e5r volont\u00e4rgrupp och hj\u00e4lpa till under olika arrangemang, eller helt enkelt bli en aktiv medlem och komma med f\u00f6rslag p\u00e5 vad man vill att f\u00f6reningen ska arbeta med.<\/span><\/p>\n<p><span style=\"font-weight: 400\">V\u00e5rt f\u00f6reningsarbete med evenemang och insamlingar f\u00f6r att bidra till Agenda 2030 och FNs viktiga arbete publiceras l\u00f6pande genom v\u00e5ra sociala kanaler. F\u00f6lj oss g\u00e4rna p\u00e5 UNA V\u00e4xj\u00f6 (Facebook och Instagram) f\u00f6r att ta del av v\u00e5r verksamhet.<\/span><\/p>\n<p><span style=\"font-weight: 400\">V\u00e4xj\u00f6 FN-f\u00f6rening bildades den 7 april 1978 och har funnits sedan dess! Vi \u00e4r en del av Svenska FN-f\u00f6rbundet och tillh\u00f6r FN-distriktet Kronoberg. Som f\u00f6rening \u00e4r vi religi\u00f6st och politiskt obunden, och finns till f\u00f6r att informera om FN:s arbete och tillsammans p\u00e5verka f\u00f6r en b\u00e4ttre v\u00e4rld.<\/span><\/p>\n<p><span style=\"font-weight: 400\">Kontakta oss om du har n\u00e5gra fr\u00e5gor, eller f\u00f6lj oss p\u00e5 v\u00e5ra sociala medier:<\/span><span style=\"font-weight: 400\"><br \/>\n<\/span><span style=\"font-weight: 400\">Mail: <\/span><a href=\"mailto:fn.vaxjo@gmail.com\"><span style=\"font-weight: 400\">fn.vaxjo@gmail.com<\/span><span style=\"font-weight: 400\"><br \/>\n<\/span><\/a><span style=\"font-weight: 400\">Facebook: <\/span><a href=\"http:\/\/www.facebook.com\/UNAvaxjo\"><span style=\"font-weight: 400\">www.facebook.com\/UNAvaxjo<\/span><\/a><br \/>\n<span style=\"font-weight: 400\">Instagram: unavaxjo<\/span><\/p>\n<p><span style=\"font-weight: 400\">Hj\u00e4rtligt v\u00e4lkommen att vara med och p\u00e5verka tillsammans med oss i V\u00e4xj\u00f6 FN-f\u00f6rening!<\/span><\/p>\n<p><a class=\"new-window\" href=\"https:\/\/betalning.fn.se\/pfs\/memberregistration\/\" target=\"_blank\" rel=\"noopener\">Bli medlem i Svenska FN-f\u00f6rbundet h\u00e4r!<\/a><\/p>\n","protected":false},"excerpt":{"rendered":"<p>V\u00e4lkommen till V\u00e4xj\u00f6 FN-f\u00f6rening! Vi \u00e4r en studentf\u00f6rening kopplade till Linn\u00e9universitetet i V\u00e4xj\u00f6, men alla \u00e4r v\u00e4lkomna att bli medlemmar&hellip;<\/p>\n","protected":false},"author":16,"featured_media":5,"parent":0,"menu_order":0,"comment_status":"closed","ping_status":"open","template":"templates\/template-sub.php","meta":{"_acf_changed":false,"footnotes":"","_links_to":"","_links_to_target":""},"class_list":["post-2","page","type-page","status-publish","has-post-thumbnail","hentry"],"acf":[],"_links":{"self":[{"href":"https:\/\/fn.se\/vaxjo\/wp-json\/wp\/v2\/pages\/2","targetHints":{"allow":["GET"]}}],"collection":[{"href":"https:\/\/fn.se\/vaxjo\/wp-json\/wp\/v2\/pages"}],"about":[{"href":"https:\/\/fn.se\/vaxjo\/wp-json\/wp\/v2\/types\/page"}],"author":[{"embeddable":true,"href":"https:\/\/fn.se\/vaxjo\/wp-json\/wp\/v2\/users\/16"}],"replies":[{"embeddable":true,"href":"https:\/\/fn.se\/vaxjo\/wp-json\/wp\/v2\/comments?post=2"}],"version-history":[{"count":6,"href":"https:\/\/fn.se\/vaxjo\/wp-json\/wp\/v2\/pages\/2\/revisions"}],"predecessor-version":[{"id":67,"href":"https:\/\/fn.se\/vaxjo\/wp-json\/wp\/v2\/pages\/2\/revisions\/67"}],"wp:featuredmedia":[{"embeddable":true,"href":"https:\/\/fn.se\/vaxjo\/wp-json\/wp\/v2\/media\/5"}],"wp:attachment":[{"href":"https:\/\/fn.se\/vaxjo\/wp-json\/wp\/v2\/media?parent=2"}],"curies":[{"name":"wp","href":"https:\/\/api.w.org\/{rel}","templated":true}]}}