{"id":15,"date":"2016-09-20T14:39:13","date_gmt":"2016-09-20T14:39:13","guid":{"rendered":"http:\/\/fn.se\/vaxjo\/?page_id=15"},"modified":"2021-04-06T12:00:08","modified_gmt":"2021-04-06T12:00:08","slug":"kontakt","status":"publish","type":"page","link":"https:\/\/fn.se\/vaxjo\/kontakt\/","title":{"rendered":"Kontakt"},"content":{"rendered":"<h1>Kontakt<\/h1>\n<p>H\u00e4r kan ni n\u00e5 oss! F\u00f6lj oss g\u00e4rna p\u00e5 sociala medier f\u00f6r massa roliga uppdateringar.<\/p>\n<p><strong>Mail:\u00a0<a href=\"mailto:fn.vaxjo@gmail.com\">fn.vaxjo@gmail.com<\/a>\u00a0<\/strong><br \/>\n<strong>Facebook:<\/strong> <a href=\"https:\/\/www.facebook.com\/V%C3%A4xj%C3%B6-FN-f%C3%B6rening-V%C3%A4xj%C3%B6-UNA-202035246534335\/?fref=ts\">V\u00e4xj\u00f6 FN-f\u00f6rening (V\u00e4xj\u00f6 UNA)<\/a><br \/>\n<strong>Instagram:<\/strong> unavaxjo<\/p>\n","protected":false},"excerpt":{"rendered":"<p>Kontakt H\u00e4r kan ni n\u00e5 oss! F\u00f6lj oss g\u00e4rna p\u00e5 sociala medier f\u00f6r massa roliga uppdateringar. Mail:\u00a0fn.vaxjo@gmail.com\u00a0 Facebook: V\u00e4xj\u00f6 FN-f\u00f6rening&hellip;<\/p>\n","protected":false},"author":16,"featured_media":0,"parent":0,"menu_order":0,"comment_status":"closed","ping_status":"closed","template":"templates\/template-sub.php","meta":{"_acf_changed":false,"footnotes":"","_links_to":"","_links_to_target":""},"class_list":["post-15","page","type-page","status-publish","hentry"],"acf":[],"_links":{"self":[{"href":"https:\/\/fn.se\/vaxjo\/wp-json\/wp\/v2\/pages\/15","targetHints":{"allow":["GET"]}}],"collection":[{"href":"https:\/\/fn.se\/vaxjo\/wp-json\/wp\/v2\/pages"}],"about":[{"href":"https:\/\/fn.se\/vaxjo\/wp-json\/wp\/v2\/types\/page"}],"author":[{"embeddable":true,"href":"https:\/\/fn.se\/vaxjo\/wp-json\/wp\/v2\/users\/16"}],"replies":[{"embeddable":true,"href":"https:\/\/fn.se\/vaxjo\/wp-json\/wp\/v2\/comments?post=15"}],"version-history":[{"count":4,"href":"https:\/\/fn.se\/vaxjo\/wp-json\/wp\/v2\/pages\/15\/revisions"}],"predecessor-version":[{"id":43,"href":"https:\/\/fn.se\/vaxjo\/wp-json\/wp\/v2\/pages\/15\/revisions\/43"}],"wp:attachment":[{"href":"https:\/\/fn.se\/vaxjo\/wp-json\/wp\/v2\/media?parent=15"}],"curies":[{"name":"wp","href":"https:\/\/api.w.org\/{rel}","templated":true}]}}