{"id":12,"date":"2016-09-20T14:37:42","date_gmt":"2016-09-20T14:37:42","guid":{"rendered":"http:\/\/fn.se\/vaxjo\/?page_id=12"},"modified":"2021-11-17T12:20:41","modified_gmt":"2021-11-17T12:20:41","slug":"aktuellt","status":"publish","type":"page","link":"https:\/\/fn.se\/vaxjo\/aktuellt\/","title":{"rendered":"Aktuellt"},"content":{"rendered":"<p>V\u00e4xj\u00f6 FN-f\u00f6renings arbete uppdateras l\u00f6pande med nya evenemang, v\u00e4nligen f\u00f6lj oss p\u00e5 v\u00e5ra sociala kanaler f\u00f6r att h\u00e5lla dig uppdaterad!\u00a0<\/p>\n<p><span style=\"font-weight: 400\">Facebook: <\/span><a href=\"http:\/\/www.facebook.com\/UNAvaxjo\"><span style=\"font-weight: 400\">www.facebook.com\/UNAvaxjo<\/span><\/a><br \/><span style=\"font-weight: 400\">Instagram: unavaxjo<\/span><\/p>\n<p><span style=\"font-weight: 400\">Vi finns \u00e4ven till f\u00f6r alla er som vill engagera er, b\u00e5de som st\u00f6dmedlem och som aktiv medlem, som kommer med nya id\u00e9er f\u00f6r att f\u00f6reningen skall utvecklas. Som medlem i Svenska FN-f\u00f6rbundet och i V\u00e4xj\u00f6 FN-f\u00f6rening f\u00f6r du chansen att framf\u00f6r allt tr\u00e4ffa nya m\u00e4nniskor och vara med och p\u00e5verka hur v\u00e4rlden ser ut. Du f\u00e5r \u00e4ven Svenska FN-f\u00f6rbundets tidning V\u00e4rldshorisont hem 4 ggr\/\u00e5r, samtidigt som du \u00e4r med i en folkr\u00f6relse som arbetar f\u00f6r en mer r\u00e4ttvis och s\u00e4ker v\u00e4rld.<\/span><\/p>\n<p><span style=\"font-weight: 400\">Alla \u00e4r ni lika viktiga f\u00f6r att g\u00f6ra v\u00e5r r\u00f6st starkare i samh\u00e4llet. Alla \u00e4r vi ute efter att l\u00e4ra oss mera om v\u00e5r omv\u00e4rld och f\u00f6r att p\u00e5verka den till det b\u00e4ttre. Ni \u00e4r hj\u00e4rtligt v\u00e4lkomna att vara med och p\u00e5verka tillsammans med oss i v\u00e5r f\u00f6rening!<\/span><\/p>\n<p><a href=\"https:\/\/betalning.fn.se\/pfs\/memberregistration\/\"><span style=\"font-weight: 400\">Bli medlem i Svenska FN-f\u00f6rbundet h\u00e4r!<\/span><\/a><\/p>\n\n\n<p><\/p>\n","protected":false},"excerpt":{"rendered":"<p>V\u00e4xj\u00f6 FN-f\u00f6renings arbete uppdateras l\u00f6pande med nya evenemang, v\u00e4nligen f\u00f6lj oss p\u00e5 v\u00e5ra sociala kanaler f\u00f6r att h\u00e5lla dig uppdaterad!\u00a0&hellip;<\/p>\n","protected":false},"author":17,"featured_media":0,"parent":0,"menu_order":0,"comment_status":"closed","ping_status":"closed","template":"templates\/template-sub.php","meta":{"_acf_changed":false,"footnotes":"","_links_to":"","_links_to_target":""},"class_list":["post-12","page","type-page","status-publish","hentry"],"acf":[],"_links":{"self":[{"href":"https:\/\/fn.se\/vaxjo\/wp-json\/wp\/v2\/pages\/12","targetHints":{"allow":["GET"]}}],"collection":[{"href":"https:\/\/fn.se\/vaxjo\/wp-json\/wp\/v2\/pages"}],"about":[{"href":"https:\/\/fn.se\/vaxjo\/wp-json\/wp\/v2\/types\/page"}],"author":[{"embeddable":true,"href":"https:\/\/fn.se\/vaxjo\/wp-json\/wp\/v2\/users\/17"}],"replies":[{"embeddable":true,"href":"https:\/\/fn.se\/vaxjo\/wp-json\/wp\/v2\/comments?post=12"}],"version-history":[{"count":3,"href":"https:\/\/fn.se\/vaxjo\/wp-json\/wp\/v2\/pages\/12\/revisions"}],"predecessor-version":[{"id":64,"href":"https:\/\/fn.se\/vaxjo\/wp-json\/wp\/v2\/pages\/12\/revisions\/64"}],"wp:attachment":[{"href":"https:\/\/fn.se\/vaxjo\/wp-json\/wp\/v2\/media?parent=12"}],"curies":[{"name":"wp","href":"https:\/\/api.w.org\/{rel}","templated":true}]}}