{"id":2,"date":"2016-08-11T11:30:39","date_gmt":"2016-08-11T11:30:39","guid":{"rendered":"http:\/\/fn.se\/vasternorrlands-lans-fn-distrikt\/?page_id=2"},"modified":"2016-09-21T07:35:32","modified_gmt":"2016-09-21T07:35:32","slug":"sample-page","status":"publish","type":"page","link":"https:\/\/fn.se\/vasternorrlands-lans-fn-distrikt\/","title":{"rendered":"Hem"},"content":{"rendered":"<h1>V\u00e4lkommen till V\u00e4sternorrlands l\u00e4ns FN-distrikt!<\/h1>\n<p>Vi arbetar regionalt med samma m\u00e5l som FN-f\u00f6rbundet, det vill s\u00e4ga st\u00f6der medlemmarna i deras upplysningsarbete och opinionsbildning i internationella fr\u00e5gor, hj\u00e4lper till med <img loading=\"lazy\" decoding=\"async\" class=\"size-medium wp-image-15 alignright\" src=\"https:\/\/fn.se\/vasternorrlands-lans-fn-distrikt\/wp-content\/uploads\/sites\/120\/2016\/08\/SFN_DISTRIKT_Va\u00a6\u00easternorrlands-la\u00a6\u00eans-121x300.jpg\" alt=\"sfn_distrikt_va%c2%a6esternorrlands-la%c2%a6ens\" width=\"121\" height=\"300\" srcset=\"https:\/\/fn.se\/vasternorrlands-lans-fn-distrikt\/wp-content\/uploads\/sites\/120\/2016\/08\/SFN_DISTRIKT_Va\u00a6\u00easternorrlands-la\u00a6\u00eans-121x300.jpg 121w, https:\/\/fn.se\/vasternorrlands-lans-fn-distrikt\/wp-content\/uploads\/sites\/120\/2016\/08\/SFN_DISTRIKT_Va\u00a6\u00easternorrlands-la\u00a6\u00eans-413x1024.jpg 413w, https:\/\/fn.se\/vasternorrlands-lans-fn-distrikt\/wp-content\/uploads\/sites\/120\/2016\/08\/SFN_DISTRIKT_Va\u00a6\u00easternorrlands-la\u00a6\u00eans-129x320.jpg 129w, https:\/\/fn.se\/vasternorrlands-lans-fn-distrikt\/wp-content\/uploads\/sites\/120\/2016\/08\/SFN_DISTRIKT_Va\u00a6\u00easternorrlands-la\u00a6\u00eans-282x700.jpg 282w, https:\/\/fn.se\/vasternorrlands-lans-fn-distrikt\/wp-content\/uploads\/sites\/120\/2016\/08\/SFN_DISTRIKT_Va\u00a6\u00easternorrlands-la\u00a6\u00eans.jpg 489w\" sizes=\"auto, (max-width: 121px) 100vw, 121px\" \/>informationsmaterial och anordnar kurser och konferenser.<\/p>\n<h4>I V\u00c5RT DISTRIKT ING\u00c5R:<\/h4>\n<p><a title=\"H\u00e4rn\u00f6sands FN-f\u00f6rening\" href=\"https:\/\/fn.se\/harnosand\/\">H\u00e4rn\u00f6sands FN-f\u00f6rening<\/a><\/p>\n<p><a title=\"Sollefte\u00e5 FN-f\u00f6rening\" href=\"https:\/\/fn.se\/solleftea\/\">Sollefte\u00e5 FN-f\u00f6rening<\/a><\/p>\n<p><a title=\"Sundsvall\/Timr\u00e5 FN-f\u00f6rening\" href=\"https:\/\/fn.se\/sundsvall-timra\/\">Sundsvall\/Timr\u00e5 FN-f\u00f6rening<\/a><\/p>\n<p><a title=\"\u00d6rnsk\u00f6ldsviks FN-f\u00f6rening\" href=\"https:\/\/fn.se\/ornskoldsvik\/\">\u00d6rnsk\u00f6ldsviks FN-f\u00f6rening<\/a><\/p>\n<p>Tveka inte att kontakta oss om du har fr\u00e5gor.<\/p>\n<div class=\"vcard-group cf\">\n<div class=\"m m-vcard vcard\">\n<div class=\"m-c cf\">\n<h4 class=\"fn n\">STELLAN B\u00c4CKLUND<\/h4>\n<h4 class=\"fn n\"><img loading=\"lazy\" decoding=\"async\" class=\"alignnone size-medium wp-image-14\" src=\"https:\/\/fn.se\/vasternorrlands-lans-fn-distrikt\/wp-content\/uploads\/sites\/120\/2016\/08\/stellan-223x300.jpg\" alt=\"stellan\" width=\"223\" height=\"300\" srcset=\"https:\/\/fn.se\/vasternorrlands-lans-fn-distrikt\/wp-content\/uploads\/sites\/120\/2016\/08\/stellan-223x300.jpg 223w, https:\/\/fn.se\/vasternorrlands-lans-fn-distrikt\/wp-content\/uploads\/sites\/120\/2016\/08\/stellan-238x320.jpg 238w, https:\/\/fn.se\/vasternorrlands-lans-fn-distrikt\/wp-content\/uploads\/sites\/120\/2016\/08\/stellan.jpg 434w\" sizes=\"auto, (max-width: 223px) 100vw, 223px\" \/><\/h4>\n<div><span class=\"title\">Ordf\u00f6rande<\/span><\/div>\n<ul>\n<li class=\"tel\"><strong class=\"type\" title=\"work\">Telefon:<\/strong> <span class=\"value\">0660-22 10 18<\/span><\/li>\n<li><strong>E-post:<\/strong> <span class=\"structural\"><a href=\"mailto:stellan.backlund@fcbu.ornskoldsvik.se\">Stellan B\u00e4cklund<\/a>\u00a0<\/span><\/li>\n<li><strong>Fax:\u00a0<\/strong>0660-26 51 56<\/li>\n<\/ul>\n<\/div>\n<\/div>\n<\/div>\n","protected":false},"excerpt":{"rendered":"<p>V\u00e4lkommen till V\u00e4sternorrlands l\u00e4ns FN-distrikt! Vi arbetar regionalt med samma m\u00e5l som FN-f\u00f6rbundet, det vill s\u00e4ga st\u00f6der medlemmarna i deras&hellip;<\/p>\n","protected":false},"author":16,"featured_media":6,"parent":0,"menu_order":0,"comment_status":"closed","ping_status":"open","template":"templates\/template-sub.php","meta":{"_acf_changed":false,"footnotes":"","_links_to":"","_links_to_target":""},"class_list":["post-2","page","type-page","status-publish","has-post-thumbnail","hentry"],"acf":[],"_links":{"self":[{"href":"https:\/\/fn.se\/vasternorrlands-lans-fn-distrikt\/wp-json\/wp\/v2\/pages\/2","targetHints":{"allow":["GET"]}}],"collection":[{"href":"https:\/\/fn.se\/vasternorrlands-lans-fn-distrikt\/wp-json\/wp\/v2\/pages"}],"about":[{"href":"https:\/\/fn.se\/vasternorrlands-lans-fn-distrikt\/wp-json\/wp\/v2\/types\/page"}],"author":[{"embeddable":true,"href":"https:\/\/fn.se\/vasternorrlands-lans-fn-distrikt\/wp-json\/wp\/v2\/users\/16"}],"replies":[{"embeddable":true,"href":"https:\/\/fn.se\/vasternorrlands-lans-fn-distrikt\/wp-json\/wp\/v2\/comments?post=2"}],"version-history":[{"count":7,"href":"https:\/\/fn.se\/vasternorrlands-lans-fn-distrikt\/wp-json\/wp\/v2\/pages\/2\/revisions"}],"predecessor-version":[{"id":16,"href":"https:\/\/fn.se\/vasternorrlands-lans-fn-distrikt\/wp-json\/wp\/v2\/pages\/2\/revisions\/16"}],"wp:featuredmedia":[{"embeddable":true,"href":"https:\/\/fn.se\/vasternorrlands-lans-fn-distrikt\/wp-json\/wp\/v2\/media\/6"}],"wp:attachment":[{"href":"https:\/\/fn.se\/vasternorrlands-lans-fn-distrikt\/wp-json\/wp\/v2\/media?parent=2"}],"curies":[{"name":"wp","href":"https:\/\/api.w.org\/{rel}","templated":true}]}}