{"id":49,"date":"2016-12-12T12:56:33","date_gmt":"2016-12-12T12:56:33","guid":{"rendered":"http:\/\/fn.se\/vasteras\/?page_id=49"},"modified":"2017-02-15T13:07:46","modified_gmt":"2017-02-15T13:07:46","slug":"aktiviteter-2016","status":"publish","type":"page","link":"https:\/\/fn.se\/vasteras\/aktiviteter-2016\/","title":{"rendered":"Aktiviteter 2016"},"content":{"rendered":"<p><strong>Aktiviteter 2016<\/strong><\/p>\n<p>28 januari \u00a0 \u00a0 \u00a0 \u00a0 \u00a0 \u00a0 \u00a0 \u00c5rsm\u00f6te V\u00e4ster\u00e5s FN-f\u00f6rening<\/p>\n<p>8 mars \u00a0 \u00a0 \u00a0 \u00a0 \u00a0 \u00a0 \u00a0 \u00a0 \u00a0 \u00a0 F\u00f6rel\u00e4sning V\u00e4ster\u00e5s Stadsbibliotek \u00a0 \u00a0 \u00a0 \u00a0 \u00a0Internationella Kvinnodagen<\/p>\n<p>4 april \u00a0 \u00a0 \u00a0 \u00a0 \u00a0 \u00a0 \u00a0 \u00a0 \u00a0 \u00a0 \u00a0F\u00f6rel\u00e4sning V\u00e4ster\u00e5s Stadsbiblioteket \u00a0 \u00a0 \u00a0\u00a0FN:s Internationella\u00a0Fredsdag :\u00a0Minoriteter\u00a0i fokus<strong><br \/>\n<\/strong><\/p>\n<p>21 maj \u00a0 \u00a0 \u00a0 \u00a0 \u00a0 \u00a0 \u00a0 \u00a0 \u00a0 \u00a0 Barnfestivalen<\/p>\n<p>30 juni-2 juli \u00a0 \u00a0 \u00a0 \u00a0 \u00a0Cityfestivalen<\/p>\n<p>8 september \u00a0 \u00a0 \u00a0 \u00a0 \u00a0 F\u00f6rel\u00e4sning V\u00e4ster\u00e5s Stadsbibliotek \u00a0 \u00a0 \u00a0 \u00a0 \u00a0Global Terrorism<\/p>\n<p>3 oktober \u00a0 \u00a0 \u00a0 \u00a0 \u00a0 \u00a0 \u00a0 \u00a0&#8230;Orka-dagen \u00a0 \u00a0 \u00a0 \u00a0 \u00a0 \u00a0 \u00a0 \u00a0 \u00a0 \u00a0 \u00a0 \u00a0 \u00a0 \u00a0 \u00a0 \u00a0 \u00a0 \u00a0 \u00a0 \u00a0 \u00a0 \u00a0 \u00a0 \u00a0 \u00a0V\u00e4xhuset<\/p>\n<p>5 oktober \u00a0 \u00a0 \u00a0 \u00a0 \u00a0 \u00a0 \u00a0 \u00a0F\u00f6rel\u00e4sning V\u00e4ster\u00e5s Stadsbibliotek \u00a0 \u00a0 \u00a0 \u00a0 \u00a0FN:s\u00a0Internationella L\u00e4rardagen<\/p>\n<p>16 oktober \u00a0 \u00a0 \u00a0 \u00a0 \u00a0 \u00a0 \u00a0Syrien Manifestation \u00a0 \u00a0 \u00a0 \u00a0 \u00a0 \u00a0 \u00a0 \u00a0 \u00a0 \u00a0 \u00a0 \u00a0 \u00a0 \u00a0 \u00a0 \u00a0 \u00a0 \u00a0 \u00a0Sigmatorget<\/p>\n<p>23 oktober \u00a0 \u00a0 \u00a0 \u00a0 \u00a0 \u00a0 \u00a0Internationella FN-dagen \u00a0 \u00a0 \u00a0 \u00a0 \u00a0 \u00a0 \u00a0 \u00a0 \u00a0 \u00a0 \u00a0 \u00a0 \u00a0 \u00a0 Hallstahammar<\/p>\n<p>29 november \u00a0 \u00a0 \u00a0 \u00a0 \u00a0F\u00f6rel\u00e4sning V\u00e4ster\u00e5s Stadsbibliotek \u00a0 \u00a0 \u00a0 \u00a0 \u00a0FN:s Internationella Solidaritetsdag med det Palestinska folket<\/p>\n<p>10 december \u00a0 \u00a0 \u00a0 \u00a0 \u00a0 Julkortsf\u00f6rs\u00e4ljning Ungdomar<\/p>\n","protected":false},"excerpt":{"rendered":"<p>Aktiviteter 2016 28 januari \u00a0 \u00a0 \u00a0 \u00a0 \u00a0 \u00a0 \u00a0 \u00c5rsm\u00f6te V\u00e4ster\u00e5s FN-f\u00f6rening 8 mars \u00a0 \u00a0 \u00a0 \u00a0&hellip;<\/p>\n","protected":false},"author":107,"featured_media":0,"parent":0,"menu_order":0,"comment_status":"closed","ping_status":"closed","template":"","meta":{"_acf_changed":false,"footnotes":"","_links_to":"","_links_to_target":""},"class_list":["post-49","page","type-page","status-publish","hentry"],"acf":[],"_links":{"self":[{"href":"https:\/\/fn.se\/vasteras\/wp-json\/wp\/v2\/pages\/49","targetHints":{"allow":["GET"]}}],"collection":[{"href":"https:\/\/fn.se\/vasteras\/wp-json\/wp\/v2\/pages"}],"about":[{"href":"https:\/\/fn.se\/vasteras\/wp-json\/wp\/v2\/types\/page"}],"author":[{"embeddable":true,"href":"https:\/\/fn.se\/vasteras\/wp-json\/wp\/v2\/users\/107"}],"replies":[{"embeddable":true,"href":"https:\/\/fn.se\/vasteras\/wp-json\/wp\/v2\/comments?post=49"}],"version-history":[{"count":15,"href":"https:\/\/fn.se\/vasteras\/wp-json\/wp\/v2\/pages\/49\/revisions"}],"predecessor-version":[{"id":113,"href":"https:\/\/fn.se\/vasteras\/wp-json\/wp\/v2\/pages\/49\/revisions\/113"}],"wp:attachment":[{"href":"https:\/\/fn.se\/vasteras\/wp-json\/wp\/v2\/media?parent=49"}],"curies":[{"name":"wp","href":"https:\/\/api.w.org\/{rel}","templated":true}]}}