{"id":28,"date":"2016-09-20T15:24:37","date_gmt":"2016-09-20T15:24:37","guid":{"rendered":"http:\/\/fn.se\/vasteras\/?page_id=28"},"modified":"2020-03-03T14:37:18","modified_gmt":"2020-03-03T14:37:18","slug":"styrelse","status":"publish","type":"page","link":"https:\/\/fn.se\/vasteras\/styrelse\/","title":{"rendered":"Styrelse"},"content":{"rendered":"<h1 class=\"intro\"><strong>Styrelsen f\u00f6r V\u00e4ster\u00e5s FN-f\u00f6rening<\/strong><\/h1>\n<p>V\u00e4ster\u00e5s FN-f\u00f6renings styrelse best\u00e5r av f\u00f6ljande styrelsemedlemmar<\/p>\n<p><strong>Ordf\u00f6rande<\/strong><\/p>\n<p>Dhol Mukhtar<\/p>\n<p><strong style=\"font-size: inherit\">Vice ordf\u00f6rande\u00a0<\/strong><\/p>\n<p>Barnabas Udin<\/p>\n<p><strong>Sekreterare<\/strong><\/p>\n<p>Senhit Berhane<\/p>\n<p><strong>Ledam\u00f6ter<\/strong><\/p>\n<p style=\"text-align: left\">Dhol Mukhtar<br \/>\nSenhit Berhane \u00a0 \u00a0 \u00a0 \u00a0 \u00a0 \u00a0 \u00a0 \u00a0 \u00a0 \u00a0 \u00a0 \u00a0 \u00a0 \u00a0 \u00a0 \u00a0 \u00a0 \u00a0 \u00a0 \u00a0 \u00a0 \u00a0 \u00a0 \u00a0 \u00a0 \u00a0 \u00a0 \u00a0 \u00a0 \u00a0 \u00a0 \u00a0 \u00a0 \u00a0 \u00a0 \u00a0 \u00a0 \u00a0 \u00a0 \u00a0 \u00a0 \u00a0 \u00a0 \u00a0 \u00a0 \u00a0 \u00a0 \u00a0 \u00a0 \u00a0 \u00a0 \u00a0 \u00a0 \u00a0 \u00a0 \u00a0 \u00a0 \u00a0 \u00a0 \u00a0 \u00a0 \u00a0 \u00a0 \u00a0 \u00a0 \u00a0 \u00a0 \u00a0 \u00a0 \u00a0 \u00a0 \u00a0 \u00a0 \u00a0 \u00a0 \u00a0 \u00a0 \u00a0 \u00a0 \u00a0 \u00a0 \u00a0 \u00a0 \u00a0 \u00a0 \u00a0 \u00a0 \u00a0 \u00a0 \u00a0 \u00a0 \u00a0 \u00a0 \u00a0 \u00a0 Caroline Stenholm<\/p>\n<p><strong>Ungdomsansvarig<\/strong><\/p>\n<p>Carlos Tr\u00e9zor<\/p>\n<p><strong>Kommunikationsansvarig<\/strong><\/p>\n<p>Barnabas Udin<\/p>\n<p><strong>Sociala medier-ansvarig\u00a0<\/strong><\/p>\n<p>Carlos Tr\u00e9zor &amp; Senhit Berhane<\/p>\n<p><strong>Agenda 2030-ansvarig\/ Ambassad\u00f6r<\/strong><\/p>\n<p>Ida Paananen<\/p>\n<p><strong>Projekt Skolmat-ansvarig<\/strong><\/p>\n<p>Ayan Mohamud &amp; Senhit Berhane<\/p>\n<p><strong>Projekt Flicka\u00a0 ansvarig<\/strong><\/p>\n<p>Dhol Muqtar och Ebba Redberg<\/p>\n<p><strong>Projekt Minor ansvarig<\/strong><\/p>\n<p>Dhol Muqtar<\/p>\n<p><strong>Skolansvarig <\/strong><\/p>\n<p>Hashim \u00d6g &amp; Ayan Mohamud<\/p>\n<p><strong>Postmottagare &amp; Kass\u00f6r<\/strong><\/p>\n<p>Ebba Redberg<\/p>\n<p style=\"text-align: left\">\n<h4><\/h4>\n","protected":false},"excerpt":{"rendered":"<p>Styrelsen f\u00f6r V\u00e4ster\u00e5s FN-f\u00f6rening V\u00e4ster\u00e5s FN-f\u00f6renings styrelse best\u00e5r av f\u00f6ljande styrelsemedlemmar Ordf\u00f6rande Dhol Mukhtar Vice ordf\u00f6rande\u00a0 Barnabas Udin Sekreterare Senhit&hellip;<\/p>\n","protected":false},"author":16,"featured_media":0,"parent":0,"menu_order":0,"comment_status":"closed","ping_status":"closed","template":"templates\/template-sub.php","meta":{"_acf_changed":false,"footnotes":"","_links_to":"","_links_to_target":""},"class_list":["post-28","page","type-page","status-publish","hentry"],"acf":[],"_links":{"self":[{"href":"https:\/\/fn.se\/vasteras\/wp-json\/wp\/v2\/pages\/28","targetHints":{"allow":["GET"]}}],"collection":[{"href":"https:\/\/fn.se\/vasteras\/wp-json\/wp\/v2\/pages"}],"about":[{"href":"https:\/\/fn.se\/vasteras\/wp-json\/wp\/v2\/types\/page"}],"author":[{"embeddable":true,"href":"https:\/\/fn.se\/vasteras\/wp-json\/wp\/v2\/users\/16"}],"replies":[{"embeddable":true,"href":"https:\/\/fn.se\/vasteras\/wp-json\/wp\/v2\/comments?post=28"}],"version-history":[{"count":15,"href":"https:\/\/fn.se\/vasteras\/wp-json\/wp\/v2\/pages\/28\/revisions"}],"predecessor-version":[{"id":157,"href":"https:\/\/fn.se\/vasteras\/wp-json\/wp\/v2\/pages\/28\/revisions\/157"}],"wp:attachment":[{"href":"https:\/\/fn.se\/vasteras\/wp-json\/wp\/v2\/media?parent=28"}],"curies":[{"name":"wp","href":"https:\/\/api.w.org\/{rel}","templated":true}]}}