{"id":22,"date":"2016-09-20T15:09:57","date_gmt":"2016-09-20T15:09:57","guid":{"rendered":"http:\/\/fn.se\/vasteras\/?page_id=22"},"modified":"2019-04-04T14:09:19","modified_gmt":"2019-04-04T14:09:19","slug":"om-oss-och-medlemsskap","status":"publish","type":"page","link":"https:\/\/fn.se\/vasteras\/om-oss-och-medlemsskap\/","title":{"rendered":"Om oss och medlemsskap"},"content":{"rendered":"<ul>\n<li>F\u00f6reningen \u00e4r en del av den svenska FN-r\u00f6relsen och knuten till Svenska FN-f\u00f6rbundet<\/li>\n<li>F\u00f6reningen \u00e4r partipolitiskt och religi\u00f6st obunden<\/li>\n<li>Verksamheten bygger p\u00e5 lokala och n\u00e4ra krafter. Vi t\u00e4nker globalt men handlar n\u00e4ra och lokalt<\/li>\n<li>Id\u00e9er formas om hur internationellt samarbete kan fr\u00e4mjas. Det \u00e4r berikande p\u00e5 m\u00e5nga s\u00e4tt.<\/li>\n<\/ul>\n<p>H\u00e4r f\u00e5r du m\u00f6jlighet att:<\/p>\n<ul>\n<li>M\u00f6ta nya m\u00e4nniskor<\/li>\n<li>L\u00e4ra dig mer om FN och internationella fr\u00e5gor<\/li>\n<li>Arbeta med insamlingsprojekt<\/li>\n<li>P\u00e5verka, och framf\u00f6r allt bidra till, det viktiga arbetet f\u00f6r en b\u00e4ttre v\u00e4rld.<\/li>\n<li>Medverka i Svenska FN-f\u00f6rbundets kampanjer<\/li>\n<li>Vara med och p\u00e5verka Sveriges regering, EU och FN<\/li>\n<li>Vara med och granska hur Sverige lever upp till sina \u00e5taganden gentemot FN.<\/li>\n<\/ul>\n<p><strong>MEDLEMSKAP<\/strong><\/p>\n<p>Ordinarie: 200 kr per m\u00e5nad<br \/>\nMed autogiro 16 kr i m\u00e5naden<\/p>\n<p>Ungdom upp till\u00a026 \u00e5r: 100 kr per \u00e5r<br \/>\nMed autogiro 9 kr i m\u00e5naden<\/p>\n<p>Familj: 300 kr per \u00e5r<br \/>\nMed autogiro 25 kr i m\u00e5naden<\/p>\n<p>Som medlem st\u00f6djer du FN i sitt arbete<\/p>\n<p>Som medlem f\u00e5r du ocks\u00e5:<\/p>\n<ul>\n<li>Tidningen V\u00e4rldshorisont i din brevl\u00e5da 4 ggr\/\u00e5r<\/li>\n<li>Inbjudan till sp\u00e4nnande seminarier<\/li>\n<li>M\u00f6jligheter till engagemang och medverkan<\/li>\n<\/ul>\n<p><strong><a href=\"https:\/\/betalning.fn.se\/pfs\/memberregistration\/\">V\u00e4lkommen som medlem!<\/a><\/strong><\/p>\n","protected":false},"excerpt":{"rendered":"<p>F\u00f6reningen \u00e4r en del av den svenska FN-r\u00f6relsen och knuten till Svenska FN-f\u00f6rbundet F\u00f6reningen \u00e4r partipolitiskt och religi\u00f6st obunden Verksamheten&hellip;<\/p>\n","protected":false},"author":1,"featured_media":5,"parent":0,"menu_order":0,"comment_status":"closed","ping_status":"closed","template":"templates\/template-sub.php","meta":{"_acf_changed":false,"footnotes":"","_links_to":"","_links_to_target":""},"class_list":["post-22","page","type-page","status-publish","has-post-thumbnail","hentry"],"acf":[],"_links":{"self":[{"href":"https:\/\/fn.se\/vasteras\/wp-json\/wp\/v2\/pages\/22","targetHints":{"allow":["GET"]}}],"collection":[{"href":"https:\/\/fn.se\/vasteras\/wp-json\/wp\/v2\/pages"}],"about":[{"href":"https:\/\/fn.se\/vasteras\/wp-json\/wp\/v2\/types\/page"}],"author":[{"embeddable":true,"href":"https:\/\/fn.se\/vasteras\/wp-json\/wp\/v2\/users\/1"}],"replies":[{"embeddable":true,"href":"https:\/\/fn.se\/vasteras\/wp-json\/wp\/v2\/comments?post=22"}],"version-history":[{"count":2,"href":"https:\/\/fn.se\/vasteras\/wp-json\/wp\/v2\/pages\/22\/revisions"}],"predecessor-version":[{"id":36,"href":"https:\/\/fn.se\/vasteras\/wp-json\/wp\/v2\/pages\/22\/revisions\/36"}],"wp:featuredmedia":[{"embeddable":true,"href":"https:\/\/fn.se\/vasteras\/wp-json\/wp\/v2\/media\/5"}],"wp:attachment":[{"href":"https:\/\/fn.se\/vasteras\/wp-json\/wp\/v2\/media?parent=22"}],"curies":[{"name":"wp","href":"https:\/\/api.w.org\/{rel}","templated":true}]}}