{"id":66,"date":"2016-09-22T14:08:58","date_gmt":"2016-09-22T14:08:58","guid":{"rendered":"http:\/\/fn.se\/varberg\/?page_id=66"},"modified":"2016-10-18T07:45:31","modified_gmt":"2016-10-18T07:45:31","slug":"varbergs-fn-forening-50-ar-2009","status":"publish","type":"page","link":"https:\/\/fn.se\/varberg\/varbergs-fn-forening-50-ar-2009\/","title":{"rendered":"Varbergs FN-f\u00f6rening 50 \u00e5r 2009"},"content":{"rendered":"<h1>Varbergs FN-f\u00f6rening 50 \u00e5r 1959 &#8211; 2009<\/h1>\n<p><em>Varbergs FN-f\u00f6rening<\/em> \u00e4r en av de \u00e4ldsta f\u00f6reningarna i Sverige. Under \u00e5rens lopp har vi bl.a sysslat med information om FN, insalmingar, Fredsveckor och olika ungdoms-aktiviteter. Sendaste stora ungdomsprojektet var att samla in pengar och material till &#8221;R\u00e4tten till en leksak&#8221;. D\u00e5 var vi p\u00e5 bl.a ett barnhem i Litauen och l\u00e4mnade pengar och andra f\u00f6rn\u00f6denheter. Detta var mycket uppskattat.<\/p>\n<div id=\"attachment_67\" style=\"width: 310px\" class=\"wp-caption alignright\"><img loading=\"lazy\" decoding=\"async\" aria-describedby=\"caption-attachment-67\" class=\"size-medium wp-image-67\" src=\"https:\/\/fn.se\/varberg\/wp-content\/uploads\/sites\/63\/2016\/09\/50-\u00e5rsjubileum-1-300x199.jpg\" alt=\"Musik och s\u00e5ng av Habib, Ali och Calle.\" width=\"300\" height=\"199\" srcset=\"https:\/\/fn.se\/varberg\/wp-content\/uploads\/sites\/63\/2016\/09\/50-\u00e5rsjubileum-1-300x199.jpg 300w, https:\/\/fn.se\/varberg\/wp-content\/uploads\/sites\/63\/2016\/09\/50-\u00e5rsjubileum-1-450x299.jpg 450w, https:\/\/fn.se\/varberg\/wp-content\/uploads\/sites\/63\/2016\/09\/50-\u00e5rsjubileum-1.jpg 477w\" sizes=\"auto, (max-width: 300px) 100vw, 300px\" \/><p id=\"caption-attachment-67\" class=\"wp-caption-text\">Musik och s\u00e5ng av Habib, Ali och Calle.<\/p><\/div>\n<p>Med god mat fr\u00e5n Irak, musik, s\u00e5ng och annan underh\u00e5llning som tal firade vi i maj en av Sveriges \u00e4ldsta FN-f\u00f6reningar \u2013 Varbergs FN-f\u00f6rening 50 \u00e5r. Vi var cirka 40 personer som fick friska upp minnet\/l\u00e4ra oss mer om FN och Varbergs FN-f\u00f6rening genom att vid minglet g\u00e5 en tipsrunda och \u00e4ven se ett sp\u00e4nnande bildspel om f\u00f6reningen. Dessutom kunde man samtidigt se en intressant fotoutst\u00e4llning om Darfur. Alla nj\u00f6t av den goda och l\u00e4ckra maten, som v\u00e5ra v\u00e4nner fr\u00e5n Irak tillagat, och som vi nu kunde l\u00e4ra oss mer om. S\u00e5ng- och musikinslagen var ifr\u00e5n Sverige, Spanien och Irak. Ja, t.o.m p\u00e5 \u201dlejsiska\u201d en egen dialekt eller kanske mer r\u00e4tt ett spr\u00e5k fr\u00e5n fiskel\u00e4get Tr\u00e4sl\u00f6vsl\u00e4ge utanf\u00f6r Varberg. Under kv\u00e4llen samlade vi in pengar till Skolmat ger kunskap. V\u00e5r lyckade jubileumskv\u00e4ll avslutades med att sprakande t\u00e5rtor bars in av FN-ungdomar. Alla var glada och n\u00f6jda och ser fram emot en lika lysande och arbetsfylld framtid som f\u00f6reningen haft de g\u00e5ngna 50 \u00e5ren.<\/p>\n<div id=\"attachment_82\" style=\"width: 1034px\" class=\"wp-caption alignleft\"><img loading=\"lazy\" decoding=\"async\" aria-describedby=\"caption-attachment-82\" class=\"wp-image-82 size-large\" src=\"https:\/\/fn.se\/varberg\/wp-content\/uploads\/sites\/63\/2016\/09\/50-\u00e5rsjubileum-3-2-1024x680.jpg\" alt=\"V\u00e5r &quot;Mr FN&quot;, Lennart Nilsson, tar f\u00f6r sig av l\u00e4ckerheterna. Lennart var med n\u00e4r FN-f\u00f6rening bildades f\u00f6r 50 \u00e5r sedan. Han \u00e4r allt j\u00e4mt aktiv i f\u00f6reningen.\" width=\"1024\" height=\"680\" srcset=\"https:\/\/fn.se\/varberg\/wp-content\/uploads\/sites\/63\/2016\/09\/50-\u00e5rsjubileum-3-2-1024x680.jpg 1024w, https:\/\/fn.se\/varberg\/wp-content\/uploads\/sites\/63\/2016\/09\/50-\u00e5rsjubileum-3-2-300x199.jpg 300w, https:\/\/fn.se\/varberg\/wp-content\/uploads\/sites\/63\/2016\/09\/50-\u00e5rsjubileum-3-2-768x510.jpg 768w, https:\/\/fn.se\/varberg\/wp-content\/uploads\/sites\/63\/2016\/09\/50-\u00e5rsjubileum-3-2-450x299.jpg 450w, https:\/\/fn.se\/varberg\/wp-content\/uploads\/sites\/63\/2016\/09\/50-\u00e5rsjubileum-3-2.jpg 1500w\" sizes=\"auto, (max-width: 1024px) 100vw, 1024px\" \/><p id=\"caption-attachment-82\" class=\"wp-caption-text\">V\u00e5r &#8221;Mr FN&#8221;, Lennart Nilsson, tar f\u00f6r sig av l\u00e4ckerheterna. Lennart var med n\u00e4r FN-f\u00f6rening bildades f\u00f6r 50 \u00e5r sedan. Han \u00e4r allt j\u00e4mt aktiv i f\u00f6reningen.<\/p><\/div>\n<div id=\"attachment_68\" style=\"width: 498px\" class=\"wp-caption aligncenter\"><img loading=\"lazy\" decoding=\"async\" aria-describedby=\"caption-attachment-68\" class=\"wp-image-68 size-full\" src=\"https:\/\/fn.se\/varberg\/wp-content\/uploads\/sites\/63\/2016\/09\/50-\u00e5rsjubileum-6.jpg\" alt=\"Den h\u00e4rliga buff\u00e9n med specialiteter fr\u00e5n Irak.\" width=\"488\" height=\"324\" srcset=\"https:\/\/fn.se\/varberg\/wp-content\/uploads\/sites\/63\/2016\/09\/50-\u00e5rsjubileum-6.jpg 488w, https:\/\/fn.se\/varberg\/wp-content\/uploads\/sites\/63\/2016\/09\/50-\u00e5rsjubileum-6-300x199.jpg 300w, https:\/\/fn.se\/varberg\/wp-content\/uploads\/sites\/63\/2016\/09\/50-\u00e5rsjubileum-6-450x299.jpg 450w\" sizes=\"auto, (max-width: 488px) 100vw, 488px\" \/><p id=\"caption-attachment-68\" class=\"wp-caption-text\">Den h\u00e4rliga buff\u00e9n med specialiteter fr\u00e5n Irak.\u00a0<\/p><\/div>\n<div id=\"attachment_81\" style=\"width: 1034px\" class=\"wp-caption alignright\"><img loading=\"lazy\" decoding=\"async\" aria-describedby=\"caption-attachment-81\" class=\"wp-image-81 size-large\" src=\"https:\/\/fn.se\/varberg\/wp-content\/uploads\/sites\/63\/2016\/09\/50-\u00e5rsjubileum-2_1500px-1024x680.jpg\" alt=\"Dags f\u00f6r sprakande t\u00e5rtfinal som Linn, Elina, Maria, Ann-Sofi och Ali bjuder p\u00e5.\" width=\"1024\" height=\"680\" srcset=\"https:\/\/fn.se\/varberg\/wp-content\/uploads\/sites\/63\/2016\/09\/50-\u00e5rsjubileum-2_1500px-1024x680.jpg 1024w, https:\/\/fn.se\/varberg\/wp-content\/uploads\/sites\/63\/2016\/09\/50-\u00e5rsjubileum-2_1500px-300x199.jpg 300w, https:\/\/fn.se\/varberg\/wp-content\/uploads\/sites\/63\/2016\/09\/50-\u00e5rsjubileum-2_1500px-768x510.jpg 768w, https:\/\/fn.se\/varberg\/wp-content\/uploads\/sites\/63\/2016\/09\/50-\u00e5rsjubileum-2_1500px-450x299.jpg 450w, https:\/\/fn.se\/varberg\/wp-content\/uploads\/sites\/63\/2016\/09\/50-\u00e5rsjubileum-2_1500px.jpg 1500w\" sizes=\"auto, (max-width: 1024px) 100vw, 1024px\" \/><p id=\"caption-attachment-81\" class=\"wp-caption-text\">Dags f\u00f6r sprakande t\u00e5rtfinal som Linn, Elina, Maria, Ann-Sofi och Ali bjuder p\u00e5.<\/p><\/div>\n<p>&nbsp;<\/p>\n","protected":false},"excerpt":{"rendered":"<p>Varbergs FN-f\u00f6rening 50 \u00e5r 1959 &#8211; 2009 Varbergs FN-f\u00f6rening \u00e4r en av de \u00e4ldsta f\u00f6reningarna i Sverige. Under \u00e5rens lopp&hellip;<\/p>\n","protected":false},"author":17,"featured_media":83,"parent":0,"menu_order":0,"comment_status":"closed","ping_status":"closed","template":"templates\/template-sub.php","meta":{"_acf_changed":false,"footnotes":"","_links_to":"","_links_to_target":""},"class_list":["post-66","page","type-page","status-publish","has-post-thumbnail","hentry"],"acf":[],"_links":{"self":[{"href":"https:\/\/fn.se\/varberg\/wp-json\/wp\/v2\/pages\/66","targetHints":{"allow":["GET"]}}],"collection":[{"href":"https:\/\/fn.se\/varberg\/wp-json\/wp\/v2\/pages"}],"about":[{"href":"https:\/\/fn.se\/varberg\/wp-json\/wp\/v2\/types\/page"}],"author":[{"embeddable":true,"href":"https:\/\/fn.se\/varberg\/wp-json\/wp\/v2\/users\/17"}],"replies":[{"embeddable":true,"href":"https:\/\/fn.se\/varberg\/wp-json\/wp\/v2\/comments?post=66"}],"version-history":[{"count":4,"href":"https:\/\/fn.se\/varberg\/wp-json\/wp\/v2\/pages\/66\/revisions"}],"predecessor-version":[{"id":84,"href":"https:\/\/fn.se\/varberg\/wp-json\/wp\/v2\/pages\/66\/revisions\/84"}],"wp:featuredmedia":[{"embeddable":true,"href":"https:\/\/fn.se\/varberg\/wp-json\/wp\/v2\/media\/83"}],"wp:attachment":[{"href":"https:\/\/fn.se\/varberg\/wp-json\/wp\/v2\/media?parent=66"}],"curies":[{"name":"wp","href":"https:\/\/api.w.org\/{rel}","templated":true}]}}