{"id":58,"date":"2016-09-22T11:48:05","date_gmt":"2016-09-22T11:48:05","guid":{"rendered":"http:\/\/fn.se\/varberg\/?page_id=58"},"modified":"2016-10-18T07:45:22","modified_gmt":"2016-10-18T07:45:22","slug":"nationaldagen-2009","status":"publish","type":"page","link":"https:\/\/fn.se\/varberg\/nationaldagen-2009\/","title":{"rendered":"Nationaldagen 2009"},"content":{"rendered":"<h2>Nationaldagen 2009<\/h2>\n<div id=\"attachment_59\" style=\"width: 487px\" class=\"wp-caption alignleft\"><img loading=\"lazy\" decoding=\"async\" aria-describedby=\"caption-attachment-59\" class=\"wp-image-59 size-full\" src=\"https:\/\/fn.se\/varberg\/wp-content\/uploads\/sites\/63\/2016\/09\/National-2009-1.jpg\" alt=\"H\u00e4r kommer vi med FN-fanan. Jonas b\u00e4r fanan och Gunilla och Ali.\" width=\"477\" height=\"317\" srcset=\"https:\/\/fn.se\/varberg\/wp-content\/uploads\/sites\/63\/2016\/09\/National-2009-1.jpg 477w, https:\/\/fn.se\/varberg\/wp-content\/uploads\/sites\/63\/2016\/09\/National-2009-1-300x199.jpg 300w, https:\/\/fn.se\/varberg\/wp-content\/uploads\/sites\/63\/2016\/09\/National-2009-1-450x299.jpg 450w\" sizes=\"auto, (max-width: 477px) 100vw, 477px\" \/><p id=\"caption-attachment-59\" class=\"wp-caption-text\">H\u00e4r kommer vi med FN-fanan. Jonas b\u00e4r fanan och Gunilla och Ali.<\/p><\/div>\n<p>&nbsp;<\/p>\n<p>&nbsp;<\/p>\n<p>&nbsp;<\/p>\n<p>&nbsp;<\/p>\n<p>&nbsp;<\/p>\n<p>&nbsp;<\/p>\n<p>&nbsp;<\/p>\n<p>&nbsp;<\/p>\n<p>&nbsp;<\/p>\n<p>&nbsp;<\/p>\n<p>Det \u00e4r en gammal tradition att FN-fanan g\u00e5r i t\u00e4ten vid paraden best\u00e5ende av olika f\u00f6reningar och<\/p>\n<div id=\"attachment_60\" style=\"width: 209px\" class=\"wp-caption alignright\"><img loading=\"lazy\" decoding=\"async\" aria-describedby=\"caption-attachment-60\" class=\"wp-image-60 size-medium\" src=\"https:\/\/fn.se\/varberg\/wp-content\/uploads\/sites\/63\/2016\/09\/National-2009-2-199x300.jpg\" alt=\"FN-fanan i topp.\" width=\"199\" height=\"300\" srcset=\"https:\/\/fn.se\/varberg\/wp-content\/uploads\/sites\/63\/2016\/09\/National-2009-2-199x300.jpg 199w, https:\/\/fn.se\/varberg\/wp-content\/uploads\/sites\/63\/2016\/09\/National-2009-2-213x320.jpg 213w, https:\/\/fn.se\/varberg\/wp-content\/uploads\/sites\/63\/2016\/09\/National-2009-2-465x700.jpg 465w, https:\/\/fn.se\/varberg\/wp-content\/uploads\/sites\/63\/2016\/09\/National-2009-2.jpg 477w\" sizes=\"auto, (max-width: 199px) 100vw, 199px\" \/><p id=\"caption-attachment-60\" class=\"wp-caption-text\">FN-fanan i topp.<\/p><\/div>\n<p>politiska partier fr\u00e5n Varbergs torg till Societetsparken. D\u00e4r \u00e4r det s\u00e5ng, underh\u00e5llning och utdelning av bl a Varbergs Milj\u00f6pris. FN-f\u00f6rening har en representant i juryn till Milj\u00f6priset. S\u00e5 var det \u00e4ven i \u00e5r, d\u00e5 vi som f\u00f6rening deltog i festligheterna i str\u00e5lande sol.<\/p>\n<p>&nbsp;<\/p>\n<div id=\"attachment_61\" style=\"width: 487px\" class=\"wp-caption alignleft\"><img loading=\"lazy\" decoding=\"async\" aria-describedby=\"caption-attachment-61\" class=\"wp-image-61 size-full\" src=\"https:\/\/fn.se\/varberg\/wp-content\/uploads\/sites\/63\/2016\/09\/National-2009-3.jpg\" alt=\"Framf\u00f6r Societetshuset i Varberg st\u00e5r vi med FN-fanan i solen.\" width=\"477\" height=\"317\" srcset=\"https:\/\/fn.se\/varberg\/wp-content\/uploads\/sites\/63\/2016\/09\/National-2009-3.jpg 477w, https:\/\/fn.se\/varberg\/wp-content\/uploads\/sites\/63\/2016\/09\/National-2009-3-300x199.jpg 300w, https:\/\/fn.se\/varberg\/wp-content\/uploads\/sites\/63\/2016\/09\/National-2009-3-450x299.jpg 450w\" sizes=\"auto, (max-width: 477px) 100vw, 477px\" \/><p id=\"caption-attachment-61\" class=\"wp-caption-text\">Framf\u00f6r Societetshuset i Varberg st\u00e5r vi med FN-fanan i solen.<\/p><\/div>\n<p>&nbsp;<\/p>\n","protected":false},"excerpt":{"rendered":"<p>Nationaldagen 2009 &nbsp; &nbsp; &nbsp; &nbsp; &nbsp; &nbsp; &nbsp; &nbsp; &nbsp; &nbsp; Det \u00e4r en gammal tradition att FN-fanan g\u00e5r&hellip;<\/p>\n","protected":false},"author":17,"featured_media":0,"parent":0,"menu_order":0,"comment_status":"closed","ping_status":"closed","template":"templates\/template-sub.php","meta":{"_acf_changed":false,"footnotes":"","_links_to":"","_links_to_target":""},"class_list":["post-58","page","type-page","status-publish","hentry"],"acf":[],"_links":{"self":[{"href":"https:\/\/fn.se\/varberg\/wp-json\/wp\/v2\/pages\/58","targetHints":{"allow":["GET"]}}],"collection":[{"href":"https:\/\/fn.se\/varberg\/wp-json\/wp\/v2\/pages"}],"about":[{"href":"https:\/\/fn.se\/varberg\/wp-json\/wp\/v2\/types\/page"}],"author":[{"embeddable":true,"href":"https:\/\/fn.se\/varberg\/wp-json\/wp\/v2\/users\/17"}],"replies":[{"embeddable":true,"href":"https:\/\/fn.se\/varberg\/wp-json\/wp\/v2\/comments?post=58"}],"version-history":[{"count":2,"href":"https:\/\/fn.se\/varberg\/wp-json\/wp\/v2\/pages\/58\/revisions"}],"predecessor-version":[{"id":63,"href":"https:\/\/fn.se\/varberg\/wp-json\/wp\/v2\/pages\/58\/revisions\/63"}],"wp:attachment":[{"href":"https:\/\/fn.se\/varberg\/wp-json\/wp\/v2\/media?parent=58"}],"curies":[{"name":"wp","href":"https:\/\/api.w.org\/{rel}","templated":true}]}}