{"id":54,"date":"2016-09-22T11:35:32","date_gmt":"2016-09-22T11:35:32","guid":{"rendered":"http:\/\/fn.se\/varberg\/?page_id=54"},"modified":"2016-10-18T07:45:10","modified_gmt":"2016-10-18T07:45:10","slug":"internationella-festivalen-2010","status":"publish","type":"page","link":"https:\/\/fn.se\/varberg\/internationella-festivalen-2010\/","title":{"rendered":"Internationella festivalen 2010"},"content":{"rendered":"<h2>Internationella festivalen 2010<\/h2>\n<p class=\"intro\">I slutet av augusti deltog vi i den Internationella festivalen i Brunnsparken. Vi var m\u00e5nga olika f\u00f6reningar som &#8221;visade upp&#8221; oss. P\u00e5 v\u00e5rt bokbord kunde man finna olika broschyrer och annan information om FN. M\u00e5nga var intresserade och st\u00e4llde fr\u00e5gor om FN och dess arbete.<\/p>\n","protected":false},"excerpt":{"rendered":"<p>Internationella festivalen 2010 I slutet av augusti deltog vi i den Internationella festivalen i Brunnsparken. Vi var m\u00e5nga olika f\u00f6reningar&hellip;<\/p>\n","protected":false},"author":17,"featured_media":55,"parent":0,"menu_order":0,"comment_status":"closed","ping_status":"closed","template":"templates\/template-sub.php","meta":{"_acf_changed":false,"footnotes":"","_links_to":"","_links_to_target":""},"class_list":["post-54","page","type-page","status-publish","has-post-thumbnail","hentry"],"acf":[],"_links":{"self":[{"href":"https:\/\/fn.se\/varberg\/wp-json\/wp\/v2\/pages\/54","targetHints":{"allow":["GET"]}}],"collection":[{"href":"https:\/\/fn.se\/varberg\/wp-json\/wp\/v2\/pages"}],"about":[{"href":"https:\/\/fn.se\/varberg\/wp-json\/wp\/v2\/types\/page"}],"author":[{"embeddable":true,"href":"https:\/\/fn.se\/varberg\/wp-json\/wp\/v2\/users\/17"}],"replies":[{"embeddable":true,"href":"https:\/\/fn.se\/varberg\/wp-json\/wp\/v2\/comments?post=54"}],"version-history":[{"count":1,"href":"https:\/\/fn.se\/varberg\/wp-json\/wp\/v2\/pages\/54\/revisions"}],"predecessor-version":[{"id":56,"href":"https:\/\/fn.se\/varberg\/wp-json\/wp\/v2\/pages\/54\/revisions\/56"}],"wp:featuredmedia":[{"embeddable":true,"href":"https:\/\/fn.se\/varberg\/wp-json\/wp\/v2\/media\/55"}],"wp:attachment":[{"href":"https:\/\/fn.se\/varberg\/wp-json\/wp\/v2\/media?parent=54"}],"curies":[{"name":"wp","href":"https:\/\/api.w.org\/{rel}","templated":true}]}}