{"id":47,"date":"2016-09-22T11:33:15","date_gmt":"2016-09-22T11:33:15","guid":{"rendered":"http:\/\/fn.se\/varberg\/?page_id=47"},"modified":"2016-10-18T07:44:53","modified_gmt":"2016-10-18T07:44:53","slug":"fn-dagen-2010","status":"publish","type":"page","link":"https:\/\/fn.se\/varberg\/fn-dagen-2010\/","title":{"rendered":"FN-dagen 2010"},"content":{"rendered":"<h2>FN-dagen 2010<\/h2>\n<p><em>FN-dagen<\/em> 24 oktober var vi p\u00e5 Rosenfredsskolan med musik, tal och utst\u00e4llningar. Vi uppm\u00e4rksammade att det var 95 \u00e5r sedan det h\u00f6lls en fredskongress i Varberg. De resolutioner som d\u00e5 togs kom att \u00e5terfinnas i Nationernas F\u00f6rbunds stadgar. NF blev s\u00e5 sm\u00e5ningom F\u00f6renta Nationerna och vi k\u00e4nner oss stolta att FN:s vagga st\u00e5tt i Varberg. L\u00e4nsmuseichefen Agneta Boqvist talade om Hallands historia i ett internationellt perspektiv. FN-dagens program var ett samarrangemang med Varbergs Kulturskola och PS estetiska program. Insamlingen gick till Skolmat ger kunskap.<\/p>\n<div id=\"attachment_48\" style=\"width: 926px\" class=\"wp-caption alignleft\"><img loading=\"lazy\" decoding=\"async\" aria-describedby=\"caption-attachment-48\" class=\"wp-image-48 size-large\" src=\"https:\/\/fn.se\/varberg\/wp-content\/uploads\/sites\/63\/2016\/09\/B-Agneta-Boqvist-916x1024.jpg\" alt=\"Agneta Boqvist\" width=\"916\" height=\"1024\" srcset=\"https:\/\/fn.se\/varberg\/wp-content\/uploads\/sites\/63\/2016\/09\/B-Agneta-Boqvist-916x1024.jpg 916w, https:\/\/fn.se\/varberg\/wp-content\/uploads\/sites\/63\/2016\/09\/B-Agneta-Boqvist-268x300.jpg 268w, https:\/\/fn.se\/varberg\/wp-content\/uploads\/sites\/63\/2016\/09\/B-Agneta-Boqvist-768x858.jpg 768w, https:\/\/fn.se\/varberg\/wp-content\/uploads\/sites\/63\/2016\/09\/B-Agneta-Boqvist-286x320.jpg 286w, https:\/\/fn.se\/varberg\/wp-content\/uploads\/sites\/63\/2016\/09\/B-Agneta-Boqvist-626x700.jpg 626w, https:\/\/fn.se\/varberg\/wp-content\/uploads\/sites\/63\/2016\/09\/B-Agneta-Boqvist.jpg 1063w\" sizes=\"auto, (max-width: 916px) 100vw, 916px\" \/><p id=\"caption-attachment-48\" class=\"wp-caption-text\">Agneta Boqvist<\/p><\/div>\n","protected":false},"excerpt":{"rendered":"<p>FN-dagen 2010 FN-dagen 24 oktober var vi p\u00e5 Rosenfredsskolan med musik, tal och utst\u00e4llningar. Vi uppm\u00e4rksammade att det var 95&hellip;<\/p>\n","protected":false},"author":17,"featured_media":49,"parent":0,"menu_order":0,"comment_status":"closed","ping_status":"closed","template":"templates\/template-sub.php","meta":{"_acf_changed":false,"footnotes":"","_links_to":"","_links_to_target":""},"class_list":["post-47","page","type-page","status-publish","has-post-thumbnail","hentry"],"acf":[],"_links":{"self":[{"href":"https:\/\/fn.se\/varberg\/wp-json\/wp\/v2\/pages\/47","targetHints":{"allow":["GET"]}}],"collection":[{"href":"https:\/\/fn.se\/varberg\/wp-json\/wp\/v2\/pages"}],"about":[{"href":"https:\/\/fn.se\/varberg\/wp-json\/wp\/v2\/types\/page"}],"author":[{"embeddable":true,"href":"https:\/\/fn.se\/varberg\/wp-json\/wp\/v2\/users\/17"}],"replies":[{"embeddable":true,"href":"https:\/\/fn.se\/varberg\/wp-json\/wp\/v2\/comments?post=47"}],"version-history":[{"count":2,"href":"https:\/\/fn.se\/varberg\/wp-json\/wp\/v2\/pages\/47\/revisions"}],"predecessor-version":[{"id":52,"href":"https:\/\/fn.se\/varberg\/wp-json\/wp\/v2\/pages\/47\/revisions\/52"}],"wp:featuredmedia":[{"embeddable":true,"href":"https:\/\/fn.se\/varberg\/wp-json\/wp\/v2\/media\/49"}],"wp:attachment":[{"href":"https:\/\/fn.se\/varberg\/wp-json\/wp\/v2\/media?parent=47"}],"curies":[{"name":"wp","href":"https:\/\/api.w.org\/{rel}","templated":true}]}}