{"id":39,"date":"2016-09-22T11:28:22","date_gmt":"2016-09-22T11:28:22","guid":{"rendered":"http:\/\/fn.se\/varberg\/?page_id=39"},"modified":"2024-06-25T15:17:47","modified_gmt":"2024-06-25T15:17:47","slug":"kontakt","status":"publish","type":"page","link":"https:\/\/fn.se\/varberg\/kontakt\/","title":{"rendered":"Kontakt"},"content":{"rendered":"<h2>Kontakta oss<\/h2>\n<p>Tveka inte att kontakta oss om du har fr\u00e5gor om v\u00e5r f\u00f6rening.<\/p>\n<p><img loading=\"lazy\" decoding=\"async\" class=\"wp-image-42 size-thumbnail alignnone\" src=\"https:\/\/fn.se\/varberg\/wp-content\/uploads\/sites\/63\/2016\/09\/Grunditz-150x150.jpg\" alt=\"grunditz\" width=\"150\" height=\"150\" \/><\/p>\n<p><strong>Gunilla Grunditz<\/strong><\/p>\n<p>Ordf\u00f6rande<\/p>\n<p>Telefon:\u00a00340-181 22<\/p>\n<p>Fax:\u00a00340-181 22<\/p>\n<p>Mail: fn.varberg@live.se<\/p>\n<p><a href=\"https:\/\/www.facebook.com\/VarbergsFnForening\" target=\"_blank\" rel=\"noopener\"><img loading=\"lazy\" decoding=\"async\" class=\"alignnone wp-image-93\" src=\"https:\/\/fn.se\/varberg\/wp-content\/uploads\/sites\/63\/2016\/09\/facebooklogga-300x113.jpg\" alt=\"facebooklogga\" width=\"135\" height=\"51\" srcset=\"https:\/\/fn.se\/varberg\/wp-content\/uploads\/sites\/63\/2016\/09\/facebooklogga-300x113.jpg 300w, https:\/\/fn.se\/varberg\/wp-content\/uploads\/sites\/63\/2016\/09\/facebooklogga-450x170.jpg 450w, https:\/\/fn.se\/varberg\/wp-content\/uploads\/sites\/63\/2016\/09\/facebooklogga.jpg 657w\" sizes=\"auto, (max-width: 135px) 100vw, 135px\" \/><\/a><\/p>\n","protected":false},"excerpt":{"rendered":"<p>Kontakta oss Tveka inte att kontakta oss om du har fr\u00e5gor om v\u00e5r f\u00f6rening. Gunilla Grunditz Ordf\u00f6rande Telefon:\u00a00340-181 22 Fax:\u00a00340-181&hellip;<\/p>\n","protected":false},"author":17,"featured_media":0,"parent":0,"menu_order":0,"comment_status":"closed","ping_status":"closed","template":"templates\/template-sub.php","meta":{"_acf_changed":false,"footnotes":"","_links_to":"","_links_to_target":""},"class_list":["post-39","page","type-page","status-publish","hentry"],"acf":[],"_links":{"self":[{"href":"https:\/\/fn.se\/varberg\/wp-json\/wp\/v2\/pages\/39","targetHints":{"allow":["GET"]}}],"collection":[{"href":"https:\/\/fn.se\/varberg\/wp-json\/wp\/v2\/pages"}],"about":[{"href":"https:\/\/fn.se\/varberg\/wp-json\/wp\/v2\/types\/page"}],"author":[{"embeddable":true,"href":"https:\/\/fn.se\/varberg\/wp-json\/wp\/v2\/users\/17"}],"replies":[{"embeddable":true,"href":"https:\/\/fn.se\/varberg\/wp-json\/wp\/v2\/comments?post=39"}],"version-history":[{"count":9,"href":"https:\/\/fn.se\/varberg\/wp-json\/wp\/v2\/pages\/39\/revisions"}],"predecessor-version":[{"id":109,"href":"https:\/\/fn.se\/varberg\/wp-json\/wp\/v2\/pages\/39\/revisions\/109"}],"wp:attachment":[{"href":"https:\/\/fn.se\/varberg\/wp-json\/wp\/v2\/media?parent=39"}],"curies":[{"name":"wp","href":"https:\/\/api.w.org\/{rel}","templated":true}]}}