{"id":34,"date":"2016-09-22T11:19:20","date_gmt":"2016-09-22T11:19:20","guid":{"rendered":"http:\/\/fn.se\/varberg\/?page_id=34"},"modified":"2016-10-18T07:45:26","modified_gmt":"2016-10-18T07:45:26","slug":"nationaldagen-2011","status":"publish","type":"page","link":"https:\/\/fn.se\/varberg\/nationaldagen-2011\/","title":{"rendered":"Nationaldagen 2011"},"content":{"rendered":"<h2>Nationaldagen 6 juni 2011<\/h2>\n<p>FN-fanan bars i t\u00e4ten i f\u00f6reningsmarschen ned till Societetsparken. D\u00e4r var det m\u00e5nga olika programinslag och i \u00e5r hade vi en verklig FN-v\u00e4n som talare, n\u00e4mligen diplomaten och f.d. utrikesministern Jan Eliasson. Han h\u00f6ll ett mycket personligt och uppskattat tal om FN, m\u00f6ten och att finnas f\u00f6r varann. Efter anf\u00f6randet fick ordf\u00f6randen Gunilla Grunditz tillf\u00e4lle att tala med honom d\u00e4r han bl.a. tackade oss som jobbar med FN f\u00f6r v\u00e5ra insatser!<\/p>\n<p><img loading=\"lazy\" decoding=\"async\" class=\"alignleft size-full wp-image-36\" src=\"https:\/\/fn.se\/varberg\/wp-content\/uploads\/sites\/63\/2016\/09\/G-nationaldag-11b.jpg\" alt=\"g-nationaldag-11b\" width=\"1063\" height=\"1482\" srcset=\"https:\/\/fn.se\/varberg\/wp-content\/uploads\/sites\/63\/2016\/09\/G-nationaldag-11b.jpg 1063w, https:\/\/fn.se\/varberg\/wp-content\/uploads\/sites\/63\/2016\/09\/G-nationaldag-11b-215x300.jpg 215w, https:\/\/fn.se\/varberg\/wp-content\/uploads\/sites\/63\/2016\/09\/G-nationaldag-11b-768x1071.jpg 768w, https:\/\/fn.se\/varberg\/wp-content\/uploads\/sites\/63\/2016\/09\/G-nationaldag-11b-734x1024.jpg 734w, https:\/\/fn.se\/varberg\/wp-content\/uploads\/sites\/63\/2016\/09\/G-nationaldag-11b-230x320.jpg 230w, https:\/\/fn.se\/varberg\/wp-content\/uploads\/sites\/63\/2016\/09\/G-nationaldag-11b-502x700.jpg 502w\" sizes=\"auto, (max-width: 1063px) 100vw, 1063px\" \/><\/p>\n","protected":false},"excerpt":{"rendered":"<p>Nationaldagen 6 juni 2011 FN-fanan bars i t\u00e4ten i f\u00f6reningsmarschen ned till Societetsparken. D\u00e4r var det m\u00e5nga olika programinslag och&hellip;<\/p>\n","protected":false},"author":17,"featured_media":35,"parent":0,"menu_order":0,"comment_status":"closed","ping_status":"closed","template":"templates\/template-sub.php","meta":{"_acf_changed":false,"footnotes":"","_links_to":"","_links_to_target":""},"class_list":["post-34","page","type-page","status-publish","has-post-thumbnail","hentry"],"acf":[],"_links":{"self":[{"href":"https:\/\/fn.se\/varberg\/wp-json\/wp\/v2\/pages\/34","targetHints":{"allow":["GET"]}}],"collection":[{"href":"https:\/\/fn.se\/varberg\/wp-json\/wp\/v2\/pages"}],"about":[{"href":"https:\/\/fn.se\/varberg\/wp-json\/wp\/v2\/types\/page"}],"author":[{"embeddable":true,"href":"https:\/\/fn.se\/varberg\/wp-json\/wp\/v2\/users\/17"}],"replies":[{"embeddable":true,"href":"https:\/\/fn.se\/varberg\/wp-json\/wp\/v2\/comments?post=34"}],"version-history":[{"count":1,"href":"https:\/\/fn.se\/varberg\/wp-json\/wp\/v2\/pages\/34\/revisions"}],"predecessor-version":[{"id":37,"href":"https:\/\/fn.se\/varberg\/wp-json\/wp\/v2\/pages\/34\/revisions\/37"}],"wp:featuredmedia":[{"embeddable":true,"href":"https:\/\/fn.se\/varberg\/wp-json\/wp\/v2\/media\/35"}],"wp:attachment":[{"href":"https:\/\/fn.se\/varberg\/wp-json\/wp\/v2\/media?parent=34"}],"curies":[{"name":"wp","href":"https:\/\/api.w.org\/{rel}","templated":true}]}}