{"id":29,"date":"2016-09-22T11:15:11","date_gmt":"2016-09-22T11:15:11","guid":{"rendered":"http:\/\/fn.se\/varberg\/?page_id=29"},"modified":"2016-10-18T07:45:04","modified_gmt":"2016-10-18T07:45:04","slug":"fns-internationella-ar-skogen-2011","status":"publish","type":"page","link":"https:\/\/fn.se\/varberg\/fns-internationella-ar-skogen-2011\/","title":{"rendered":"FN:s Internationella \u00e5r Skogen 2011"},"content":{"rendered":"<h2>FN:s Internationella \u00e5r Skogen 2011<\/h2>\n<p>I \u00e5r \u00e4r FN:s Internationella \u00e5r: Skogen, och v\u00e5r talare i mars efter v\u00e5rt \u00e5rsm\u00f6te var tr\u00e4dg\u00e5rdsl\u00e4raren och landskapsarkitekten Susanne Bjelkefelt. Hon talade om &#8221;Tr\u00e4dens betydelse f\u00f6r m\u00e4nniskan&#8221; och visade ett bildspel.<\/p>\n","protected":false},"excerpt":{"rendered":"<p>FN:s Internationella \u00e5r Skogen 2011 I \u00e5r \u00e4r FN:s Internationella \u00e5r: Skogen, och v\u00e5r talare i mars efter v\u00e5rt \u00e5rsm\u00f6te&hellip;<\/p>\n","protected":false},"author":17,"featured_media":30,"parent":0,"menu_order":0,"comment_status":"closed","ping_status":"closed","template":"templates\/template-sub.php","meta":{"_acf_changed":false,"footnotes":"","_links_to":"","_links_to_target":""},"class_list":["post-29","page","type-page","status-publish","has-post-thumbnail","hentry"],"acf":[],"_links":{"self":[{"href":"https:\/\/fn.se\/varberg\/wp-json\/wp\/v2\/pages\/29","targetHints":{"allow":["GET"]}}],"collection":[{"href":"https:\/\/fn.se\/varberg\/wp-json\/wp\/v2\/pages"}],"about":[{"href":"https:\/\/fn.se\/varberg\/wp-json\/wp\/v2\/types\/page"}],"author":[{"embeddable":true,"href":"https:\/\/fn.se\/varberg\/wp-json\/wp\/v2\/users\/17"}],"replies":[{"embeddable":true,"href":"https:\/\/fn.se\/varberg\/wp-json\/wp\/v2\/comments?post=29"}],"version-history":[{"count":2,"href":"https:\/\/fn.se\/varberg\/wp-json\/wp\/v2\/pages\/29\/revisions"}],"predecessor-version":[{"id":33,"href":"https:\/\/fn.se\/varberg\/wp-json\/wp\/v2\/pages\/29\/revisions\/33"}],"wp:featuredmedia":[{"embeddable":true,"href":"https:\/\/fn.se\/varberg\/wp-json\/wp\/v2\/media\/30"}],"wp:attachment":[{"href":"https:\/\/fn.se\/varberg\/wp-json\/wp\/v2\/media?parent=29"}],"curies":[{"name":"wp","href":"https:\/\/api.w.org\/{rel}","templated":true}]}}