{"id":22,"date":"2016-09-22T11:11:56","date_gmt":"2016-09-22T11:11:56","guid":{"rendered":"http:\/\/fn.se\/varberg\/?page_id=22"},"modified":"2016-10-18T07:44:43","modified_gmt":"2016-10-18T07:44:43","slug":"dag-hammarskjolds-sista-resa","status":"publish","type":"page","link":"https:\/\/fn.se\/varberg\/dag-hammarskjolds-sista-resa\/","title":{"rendered":"&#8221;Dag Hammarskj\u00f6lds sista resa&#8221;"},"content":{"rendered":"<h2><strong><em>&#8221;Dag Hammarskj\u00f6lds sista resa&#8221; i Varberg<\/em><\/strong><\/h2>\n<p class=\"intro\"><img loading=\"lazy\" decoding=\"async\" class=\"alignleft size-medium wp-image-26\" src=\"https:\/\/fn.se\/varberg\/wp-content\/uploads\/sites\/63\/2016\/09\/DH-sista-resa-4-300x200.jpg\" alt=\"dh-sista-resa-4\" width=\"300\" height=\"200\" srcset=\"https:\/\/fn.se\/varberg\/wp-content\/uploads\/sites\/63\/2016\/09\/DH-sista-resa-4-300x200.jpg 300w, https:\/\/fn.se\/varberg\/wp-content\/uploads\/sites\/63\/2016\/09\/DH-sista-resa-4-768x512.jpg 768w, https:\/\/fn.se\/varberg\/wp-content\/uploads\/sites\/63\/2016\/09\/DH-sista-resa-4-450x300.jpg 450w, https:\/\/fn.se\/varberg\/wp-content\/uploads\/sites\/63\/2016\/09\/DH-sista-resa-4.jpg 852w\" sizes=\"auto, (max-width: 300px) 100vw, 300px\" \/>Sk\u00e5despelarparet m\u00f6ttes upp p\u00e5 stationen en bl\u00e5sig kv\u00e4ll den 4 oktober. De lotsades till det trivsamma Hotel G\u00e4stis f\u00f6r \u00f6vernattning. Onsdag f\u00f6rmiddag gavs teatern p\u00e5 Peder Skrivares gymnasium f\u00f6r ca 70 elever. Kommentar fr\u00e5n en l\u00e4rare efter\u00e5t: &#8221;Teatern var verkligen bra. Det tycker b\u00e5de jag och eleverna. Alla svenskar borde se den!&#8221;<\/p>\n<p class=\"intro\">\n<p class=\"intro\">\n<p class=\"intro\">P\u00e5 onsdag kv\u00e4ll var f\u00f6rest\u00e4llningen i Folkets Hus. Den lockade ca 50 personer som var mycket n\u00f6jda. \u00c4ven diskussionen efter\u00e5t om relationer, demokrati och m\u00e4nskliga r\u00e4ttigheter engagerade publiken. P\u00e5 <img loading=\"lazy\" decoding=\"async\" class=\"alignright wp-image-23 size-medium\" src=\"https:\/\/fn.se\/varberg\/wp-content\/uploads\/sites\/63\/2016\/09\/DH-sista-resa-1-300x200.jpg\" alt=\"dh-sista-resa-1\" width=\"300\" height=\"200\" srcset=\"https:\/\/fn.se\/varberg\/wp-content\/uploads\/sites\/63\/2016\/09\/DH-sista-resa-1-300x200.jpg 300w, https:\/\/fn.se\/varberg\/wp-content\/uploads\/sites\/63\/2016\/09\/DH-sista-resa-1-768x512.jpg 768w, https:\/\/fn.se\/varberg\/wp-content\/uploads\/sites\/63\/2016\/09\/DH-sista-resa-1-450x300.jpg 450w, https:\/\/fn.se\/varberg\/wp-content\/uploads\/sites\/63\/2016\/09\/DH-sista-resa-1.jpg 852w\" sizes=\"auto, (max-width: 300px) 100vw, 300px\" \/>torsdag f\u00f6rmiddag gick den sista f\u00f6rest\u00e4llningen i Varberg p\u00e5 gymnasieskolan med 70 elever \u00e4ven denna g\u00e5ng. Denna f\u00f6rest\u00e4llning var ocks\u00e5 givande. Efter bes\u00f6ket h\u00e4r framf\u00f6rde ocks\u00e5 sk\u00e5despelarna att det varit lyckat och de var d\u00e4rf\u00f6r sj\u00e4lva n\u00f6jda. T\u00e5get togs s\u00e5 vidare mot Halmstad vid middagstid 6 oktober.<\/p>\n<p class=\"intro\">Sammanfattningsvis har teaterf\u00f6rest\u00e4llningarna varit fantastiska. De har givit m\u00e5nga, framf\u00f6r allt ungdomarna, nya v\u00e4sentliga insikter. Dessa vet vi att skolan kommer att jobba vidare med i sin undervisning. D\u00e4rmed gror det mer fr\u00f6n om att vi ska ta h\u00e4nsyn till varandra och i vidare utstr\u00e4ckning att arbeta f\u00f6r de M\u00e4nskliga R\u00e4ttigheterna.<\/p>\n<p class=\"intro\"><img loading=\"lazy\" decoding=\"async\" class=\"alignright wp-image-24 size-full\" src=\"https:\/\/fn.se\/varberg\/wp-content\/uploads\/sites\/63\/2016\/09\/DH-sista-resa-2.jpg\" alt=\"dh-sista-resa-2\" width=\"852\" height=\"568\" srcset=\"https:\/\/fn.se\/varberg\/wp-content\/uploads\/sites\/63\/2016\/09\/DH-sista-resa-2.jpg 852w, https:\/\/fn.se\/varberg\/wp-content\/uploads\/sites\/63\/2016\/09\/DH-sista-resa-2-300x200.jpg 300w, https:\/\/fn.se\/varberg\/wp-content\/uploads\/sites\/63\/2016\/09\/DH-sista-resa-2-768x512.jpg 768w, https:\/\/fn.se\/varberg\/wp-content\/uploads\/sites\/63\/2016\/09\/DH-sista-resa-2-450x300.jpg 450w\" sizes=\"auto, (max-width: 852px) 100vw, 852px\" \/><\/p>\n<p class=\"intro\">Gunilla Grunditz<\/p>\n<p class=\"intro\">Varbergs FN-f\u00f6rening<\/p>\n","protected":false},"excerpt":{"rendered":"<p>&#8221;Dag Hammarskj\u00f6lds sista resa&#8221; i Varberg Sk\u00e5despelarparet m\u00f6ttes upp p\u00e5 stationen en bl\u00e5sig kv\u00e4ll den 4 oktober. De lotsades till&hellip;<\/p>\n","protected":false},"author":17,"featured_media":25,"parent":0,"menu_order":0,"comment_status":"closed","ping_status":"closed","template":"templates\/template-sub.php","meta":{"_acf_changed":false,"footnotes":"","_links_to":"","_links_to_target":""},"class_list":["post-22","page","type-page","status-publish","has-post-thumbnail","hentry"],"acf":[],"_links":{"self":[{"href":"https:\/\/fn.se\/varberg\/wp-json\/wp\/v2\/pages\/22","targetHints":{"allow":["GET"]}}],"collection":[{"href":"https:\/\/fn.se\/varberg\/wp-json\/wp\/v2\/pages"}],"about":[{"href":"https:\/\/fn.se\/varberg\/wp-json\/wp\/v2\/types\/page"}],"author":[{"embeddable":true,"href":"https:\/\/fn.se\/varberg\/wp-json\/wp\/v2\/users\/17"}],"replies":[{"embeddable":true,"href":"https:\/\/fn.se\/varberg\/wp-json\/wp\/v2\/comments?post=22"}],"version-history":[{"count":1,"href":"https:\/\/fn.se\/varberg\/wp-json\/wp\/v2\/pages\/22\/revisions"}],"predecessor-version":[{"id":27,"href":"https:\/\/fn.se\/varberg\/wp-json\/wp\/v2\/pages\/22\/revisions\/27"}],"wp:featuredmedia":[{"embeddable":true,"href":"https:\/\/fn.se\/varberg\/wp-json\/wp\/v2\/media\/25"}],"wp:attachment":[{"href":"https:\/\/fn.se\/varberg\/wp-json\/wp\/v2\/media?parent=22"}],"curies":[{"name":"wp","href":"https:\/\/api.w.org\/{rel}","templated":true}]}}