{"id":15,"date":"2016-09-22T11:01:00","date_gmt":"2016-09-22T11:01:00","guid":{"rendered":"http:\/\/fn.se\/varberg\/?page_id=15"},"modified":"2016-10-18T07:44:59","modified_gmt":"2016-10-18T07:44:59","slug":"fn-dagen-2012","status":"publish","type":"page","link":"https:\/\/fn.se\/varberg\/fn-dagen-2012\/","title":{"rendered":"FN-dagen 2012"},"content":{"rendered":"<h1>FN-dagen 2012<\/h1>\n<p class=\"intro\"><strong>I sta&#8217;n och p\u00e5 V\u00e4rldsarvet Grimeton firade Varberg FN hela da&#8217;n!<\/strong><\/p>\n<p class=\"intro\">Med en utst\u00e4llning om Millenniem\u00e5len och information om FN deltog Varbergs FN-f\u00f6rening i UNday p\u00e5 V\u00e4rldsarvet Grimeton. Skolungdomar fr\u00e5n Danmark och Sverige deltog i \u00e5r med haikudikter om M\u00e4nskliga R\u00e4ttigheter. Dessa s\u00e4ndes p\u00e5 engelska direkt p\u00e5 n\u00e4tet med medverkan av eleverna sj\u00e4lva (se www.unday.org). Man startade \u00e4ven upp den unika radios\u00e4ndaren f\u00f6r att s\u00e4nda ett fredsbudskap ut i v\u00e4rlden. Vi hade m\u00e5nga intresserade ungdomar som fick tatueringen Go for the Goals och de kunde \u00e4ven p\u00e5 detta s\u00e4tt visa att de stod bakom Millenniem\u00e5len som ju verkligen innefattar M\u00e4nskliga R\u00e4ttigheter.<\/p>\n<div id=\"attachment_17\" style=\"width: 310px\" class=\"wp-caption alignright\"><img loading=\"lazy\" decoding=\"async\" aria-describedby=\"caption-attachment-17\" class=\"size-medium wp-image-17\" src=\"https:\/\/fn.se\/varberg\/wp-content\/uploads\/sites\/63\/2016\/09\/tatuering-300x300.jpg\" alt=\"Tatuering. Foto: Claes Grunditz\" width=\"300\" height=\"300\" srcset=\"https:\/\/fn.se\/varberg\/wp-content\/uploads\/sites\/63\/2016\/09\/tatuering-300x300.jpg 300w, https:\/\/fn.se\/varberg\/wp-content\/uploads\/sites\/63\/2016\/09\/tatuering-150x150.jpg 150w, https:\/\/fn.se\/varberg\/wp-content\/uploads\/sites\/63\/2016\/09\/tatuering-768x768.jpg 768w, https:\/\/fn.se\/varberg\/wp-content\/uploads\/sites\/63\/2016\/09\/tatuering-1024x1024.jpg 1024w, https:\/\/fn.se\/varberg\/wp-content\/uploads\/sites\/63\/2016\/09\/tatuering-320x320.jpg 320w, https:\/\/fn.se\/varberg\/wp-content\/uploads\/sites\/63\/2016\/09\/tatuering-700x700.jpg 700w, https:\/\/fn.se\/varberg\/wp-content\/uploads\/sites\/63\/2016\/09\/tatuering.jpg 2047w\" sizes=\"auto, (max-width: 300px) 100vw, 300px\" \/><p id=\"caption-attachment-17\" class=\"wp-caption-text\">Tatuering. Foto: Claes Grunditz<\/p><\/div>\n<p class=\"intro\">Vi fortsatte firandet av FN-dagen p\u00e5 kv\u00e4llen genom att \u00c5ke Bendix ber\u00e4ttade om bakgrunden till att FN:s vagga st\u00e5tt i Varberg. 1915 var det en fredskongress i Varberg som samlade m\u00e5nga av Sveriges d\u00e5 engagerade m\u00e4nniskor f\u00f6r fred. 1:a v\u00e4rldskriget hade ju precis slutat och man s\u00e5g fram mot en varaktig fred. D\u00e4rf\u00f6r kom 10 resolutioner fr\u00e5n fredskongressen att s\u00e4ndas ut till v\u00e4rldens ledare. Dessa resolutioner kom via Wilson-doktrinen att s\u00e5 sm\u00e5ningom \u00e5terfinnas ordagrant i Nationernas F\u00f6rbunds stadgar. Nationernas F\u00f6rbund \u00e4r ju f\u00f6reg\u00e5ngaren till F\u00f6renta Nationerna och d\u00e4rf\u00f6r kan vi s\u00e4ga att FN:s vagga st\u00e5tt i Varberg! Nu ser vi fram mot 100-\u00e5rsjubileet av denna viktiga h\u00e4ndelse om n\u00e5gra \u00e5r. Vi har redan bokat in Varbergs Gospel, en k\u00f6r p\u00e5 c:a 40 personer att delta p\u00e5 100-\u00e5rsjubileet eftersom de tog oss alla med storm med medryckande s\u00e5nger och sin gl\u00e4dje n\u00e4r vi avlutade FN-dagen p\u00e5 kv\u00e4llen.<\/p>\n<div id=\"attachment_18\" style=\"width: 4000px\" class=\"wp-caption alignright\"><img loading=\"lazy\" decoding=\"async\" aria-describedby=\"caption-attachment-18\" class=\"wp-image-18 size-full\" src=\"https:\/\/fn.se\/varberg\/wp-content\/uploads\/sites\/63\/2016\/09\/Varbergs-Gospel.jpg\" alt=\"Varbergs gospel underh\u00e5ller. Foto: Claes Grunditz\" width=\"3990\" height=\"2020\" srcset=\"https:\/\/fn.se\/varberg\/wp-content\/uploads\/sites\/63\/2016\/09\/Varbergs-Gospel.jpg 3990w, https:\/\/fn.se\/varberg\/wp-content\/uploads\/sites\/63\/2016\/09\/Varbergs-Gospel-300x152.jpg 300w, https:\/\/fn.se\/varberg\/wp-content\/uploads\/sites\/63\/2016\/09\/Varbergs-Gospel-768x389.jpg 768w, https:\/\/fn.se\/varberg\/wp-content\/uploads\/sites\/63\/2016\/09\/Varbergs-Gospel-1024x518.jpg 1024w, https:\/\/fn.se\/varberg\/wp-content\/uploads\/sites\/63\/2016\/09\/Varbergs-Gospel-450x228.jpg 450w\" sizes=\"auto, (max-width: 3990px) 100vw, 3990px\" \/><p id=\"caption-attachment-18\" class=\"wp-caption-text\">Varbergs gospel underh\u00e5ller. Foto: Claes Grunditz<\/p><\/div>\n<p class=\"intro\"><em>Gunilla Grunditz\u00a0<\/em><\/p>\n<p class=\"intro\">\n","protected":false},"excerpt":{"rendered":"<p>FN-dagen 2012 I sta&#8217;n och p\u00e5 V\u00e4rldsarvet Grimeton firade Varberg FN hela da&#8217;n! Med en utst\u00e4llning om Millenniem\u00e5len och information&hellip;<\/p>\n","protected":false},"author":17,"featured_media":16,"parent":0,"menu_order":0,"comment_status":"closed","ping_status":"closed","template":"templates\/template-sub.php","meta":{"_acf_changed":false,"footnotes":"","_links_to":"","_links_to_target":""},"class_list":["post-15","page","type-page","status-publish","has-post-thumbnail","hentry"],"acf":[],"_links":{"self":[{"href":"https:\/\/fn.se\/varberg\/wp-json\/wp\/v2\/pages\/15","targetHints":{"allow":["GET"]}}],"collection":[{"href":"https:\/\/fn.se\/varberg\/wp-json\/wp\/v2\/pages"}],"about":[{"href":"https:\/\/fn.se\/varberg\/wp-json\/wp\/v2\/types\/page"}],"author":[{"embeddable":true,"href":"https:\/\/fn.se\/varberg\/wp-json\/wp\/v2\/users\/17"}],"replies":[{"embeddable":true,"href":"https:\/\/fn.se\/varberg\/wp-json\/wp\/v2\/comments?post=15"}],"version-history":[{"count":1,"href":"https:\/\/fn.se\/varberg\/wp-json\/wp\/v2\/pages\/15\/revisions"}],"predecessor-version":[{"id":19,"href":"https:\/\/fn.se\/varberg\/wp-json\/wp\/v2\/pages\/15\/revisions\/19"}],"wp:featuredmedia":[{"embeddable":true,"href":"https:\/\/fn.se\/varberg\/wp-json\/wp\/v2\/media\/16"}],"wp:attachment":[{"href":"https:\/\/fn.se\/varberg\/wp-json\/wp\/v2\/media?parent=15"}],"curies":[{"name":"wp","href":"https:\/\/api.w.org\/{rel}","templated":true}]}}