{"id":14,"date":"2016-09-22T11:21:12","date_gmt":"2016-09-22T11:21:12","guid":{"rendered":"http:\/\/fn.se\/varberg\/?page_id=14"},"modified":"2024-06-25T15:32:43","modified_gmt":"2024-06-25T15:32:43","slug":"arkiv","status":"publish","type":"page","link":"https:\/\/fn.se\/varberg\/arkiv\/","title":{"rendered":"Arkiv"},"content":{"rendered":"<h2>Arkiv<\/h2>\n<p>H\u00e4r nedan hittar du utdrag ur v\u00e5r tidigare verksamhet.<\/p>\n<p><a href=\"https:\/\/fn.se\/varberg\/fn-dagen-2012\/\">FN-dagen 2012<\/a><\/p>\n<p><a href=\"https:\/\/fn.se\/varberg\/wp-content\/uploads\/sites\/63\/2016\/09\/Nyhetsbrev-Oktober-2012.pdf\">Nyhetsbrev oktober 2012<\/a><\/p>\n<p><a href=\"https:\/\/fn.se\/varberg\/dag-hammarskjolds-sista-resa\/\">&#8221;Dag Hammarskj\u00f6lds sista resa&#8221; 2011<\/a><\/p>\n<p><a href=\"https:\/\/fn.se\/varberg\/fns-internationella-ar-skogen-2011\/\">FN:s internationella \u00e5r f\u00f6r skogen 2011<\/a><\/p>\n<p><a href=\"https:\/\/fn.se\/varberg\/nationaldagen-2011\/\">Nationaldagen 2011<\/a><\/p>\n<p><a href=\"https:\/\/fn.se\/varberg\/fn-dagen-2010\/\">FN-dagen 2010<\/a><\/p>\n<p><a href=\"https:\/\/fn.se\/varberg\/varldens-barn-2010\/\">V\u00e4rldens Barn 2010<\/a><\/p>\n<p><a href=\"https:\/\/fn.se\/varberg\/internationella-festivalen-2010\/\">Internationella festivalen 2010<\/a><\/p>\n<p><a href=\"https:\/\/fn.se\/varberg\/nationaldagen-2009\/\">Nationaldagen 2009<\/a><\/p>\n<p><a href=\"https:\/\/fn.se\/varberg\/varbergs-fn-forening-50-ar-2009\/\">Varbergs FN-f\u00f6rening 50 \u00e5r 1959-2009<\/a><\/p>\n<p>&nbsp;<\/p>\n<p>&nbsp;<\/p>\n<p>&nbsp;<\/p>\n","protected":false},"excerpt":{"rendered":"<p>Arkiv H\u00e4r nedan hittar du utdrag ur v\u00e5r tidigare verksamhet. FN-dagen 2012 Nyhetsbrev oktober 2012 &#8221;Dag Hammarskj\u00f6lds sista resa&#8221; 2011&hellip;<\/p>\n","protected":false},"author":17,"featured_media":0,"parent":0,"menu_order":0,"comment_status":"closed","ping_status":"closed","template":"templates\/template-sub.php","meta":{"_acf_changed":false,"footnotes":"","_links_to":"","_links_to_target":""},"class_list":["post-14","page","type-page","status-publish","hentry"],"acf":[],"_links":{"self":[{"href":"https:\/\/fn.se\/varberg\/wp-json\/wp\/v2\/pages\/14","targetHints":{"allow":["GET"]}}],"collection":[{"href":"https:\/\/fn.se\/varberg\/wp-json\/wp\/v2\/pages"}],"about":[{"href":"https:\/\/fn.se\/varberg\/wp-json\/wp\/v2\/types\/page"}],"author":[{"embeddable":true,"href":"https:\/\/fn.se\/varberg\/wp-json\/wp\/v2\/users\/17"}],"replies":[{"embeddable":true,"href":"https:\/\/fn.se\/varberg\/wp-json\/wp\/v2\/comments?post=14"}],"version-history":[{"count":6,"href":"https:\/\/fn.se\/varberg\/wp-json\/wp\/v2\/pages\/14\/revisions"}],"predecessor-version":[{"id":117,"href":"https:\/\/fn.se\/varberg\/wp-json\/wp\/v2\/pages\/14\/revisions\/117"}],"wp:attachment":[{"href":"https:\/\/fn.se\/varberg\/wp-json\/wp\/v2\/media?parent=14"}],"curies":[{"name":"wp","href":"https:\/\/api.w.org\/{rel}","templated":true}]}}