{"id":11,"date":"2016-09-22T10:48:00","date_gmt":"2016-09-22T10:48:00","guid":{"rendered":"http:\/\/fn.se\/varberg\/?page_id=11"},"modified":"2016-10-18T07:45:42","modified_gmt":"2016-10-18T07:45:42","slug":"verksamhet","status":"publish","type":"page","link":"https:\/\/fn.se\/varberg\/verksamhet\/","title":{"rendered":"Verksamhet"},"content":{"rendered":"<h2>Verksamhet<\/h2>\n<p>P\u00e5 <a href=\"https:\/\/www.facebook.com\/VarbergsFnForening\/\">v\u00e5r Facebooksida<\/a>, &#8221;Varbergs FN-f\u00f6rening&#8221;, hittar du senaste nytt om och rapporter fr\u00e5n v\u00e5r verksamhet. Under &#8221;Arkiv&#8221; i menyn p\u00e5 startsidan hittar du utdrag ur v\u00e5r tidigare verksamhet.<\/p>\n","protected":false},"excerpt":{"rendered":"<p>Verksamhet P\u00e5 v\u00e5r Facebooksida, &#8221;Varbergs FN-f\u00f6rening&#8221;, hittar du senaste nytt om och rapporter fr\u00e5n v\u00e5r verksamhet. Under &#8221;Arkiv&#8221; i menyn&hellip;<\/p>\n","protected":false},"author":17,"featured_media":0,"parent":0,"menu_order":0,"comment_status":"closed","ping_status":"closed","template":"templates\/template-sub.php","meta":{"_acf_changed":false,"footnotes":"","_links_to":"","_links_to_target":""},"class_list":["post-11","page","type-page","status-publish","hentry"],"acf":[],"_links":{"self":[{"href":"https:\/\/fn.se\/varberg\/wp-json\/wp\/v2\/pages\/11","targetHints":{"allow":["GET"]}}],"collection":[{"href":"https:\/\/fn.se\/varberg\/wp-json\/wp\/v2\/pages"}],"about":[{"href":"https:\/\/fn.se\/varberg\/wp-json\/wp\/v2\/types\/page"}],"author":[{"embeddable":true,"href":"https:\/\/fn.se\/varberg\/wp-json\/wp\/v2\/users\/17"}],"replies":[{"embeddable":true,"href":"https:\/\/fn.se\/varberg\/wp-json\/wp\/v2\/comments?post=11"}],"version-history":[{"count":3,"href":"https:\/\/fn.se\/varberg\/wp-json\/wp\/v2\/pages\/11\/revisions"}],"predecessor-version":[{"id":80,"href":"https:\/\/fn.se\/varberg\/wp-json\/wp\/v2\/pages\/11\/revisions\/80"}],"wp:attachment":[{"href":"https:\/\/fn.se\/varberg\/wp-json\/wp\/v2\/media?parent=11"}],"curies":[{"name":"wp","href":"https:\/\/api.w.org\/{rel}","templated":true}]}}