{"id":97,"date":"2016-09-23T13:18:37","date_gmt":"2016-09-23T13:18:37","guid":{"rendered":"http:\/\/fn.se\/uppsala\/?page_id=97"},"modified":"2019-08-31T22:38:39","modified_gmt":"2019-08-31T22:38:39","slug":"uppsalajuristernas-kontaktdag-2015","status":"publish","type":"page","link":"https:\/\/fn.se\/uppsala\/uppsalajuristernas-kontaktdag-2015\/","title":{"rendered":"Uppsalajuristernas kontaktdag"},"content":{"rendered":"<h2 style=\"text-align: center\">Uppsalajuristernas kontaktdag<\/h2>\n<div id=\"attachment_252\" style=\"width: 181px\" class=\"wp-caption alignnone\"><img loading=\"lazy\" decoding=\"async\" aria-describedby=\"caption-attachment-252\" class=\"size-medium wp-image-252\" src=\"https:\/\/fn.se\/uppsala\/wp-content\/uploads\/sites\/90\/2019\/08\/Kelvin-Omorowa-171x300.jpg\" alt=\"\" width=\"171\" height=\"300\" srcset=\"https:\/\/fn.se\/uppsala\/wp-content\/uploads\/sites\/90\/2019\/08\/Kelvin-Omorowa-171x300.jpg 171w, https:\/\/fn.se\/uppsala\/wp-content\/uploads\/sites\/90\/2019\/08\/Kelvin-Omorowa.jpg 546w\" sizes=\"auto, (max-width: 171px) 100vw, 171px\" \/><p id=\"caption-attachment-252\" class=\"wp-caption-text\">Kelvin Omorowa, f\u00f6reningens kass\u00f6r<\/p><\/div>\n<div id=\"attachment_269\" style=\"width: 235px\" class=\"wp-caption alignnone\"><img loading=\"lazy\" decoding=\"async\" aria-describedby=\"caption-attachment-269\" class=\"wp-image-269 size-medium\" src=\"https:\/\/fn.se\/uppsala\/wp-content\/uploads\/sites\/90\/2019\/08\/K-225x300.jpg\" alt=\"\" width=\"225\" height=\"300\" srcset=\"https:\/\/fn.se\/uppsala\/wp-content\/uploads\/sites\/90\/2019\/08\/K-225x300.jpg 225w, https:\/\/fn.se\/uppsala\/wp-content\/uploads\/sites\/90\/2019\/08\/K-650x867.jpg 650w, https:\/\/fn.se\/uppsala\/wp-content\/uploads\/sites\/90\/2019\/08\/K.jpg 720w\" sizes=\"auto, (max-width: 225px) 100vw, 225px\" \/><p id=\"caption-attachment-269\" class=\"wp-caption-text\">Uppsalajuristernas kontaktdag, Kelvin Omorowa, f\u00f6reningens kass\u00f6r n\u00e4rvarade och talade med studenterna om karri\u00e4r inom FN<\/p><\/div>\n<p>&nbsp;<\/p>\n","protected":false},"excerpt":{"rendered":"<p>Uppsalajuristernas kontaktdag &nbsp;<\/p>\n","protected":false},"author":1,"featured_media":0,"parent":0,"menu_order":0,"comment_status":"closed","ping_status":"closed","template":"templates\/template-sub.php","meta":{"_acf_changed":false,"footnotes":"","_links_to":"","_links_to_target":""},"class_list":["post-97","page","type-page","status-publish","hentry"],"acf":[],"_links":{"self":[{"href":"https:\/\/fn.se\/uppsala\/wp-json\/wp\/v2\/pages\/97","targetHints":{"allow":["GET"]}}],"collection":[{"href":"https:\/\/fn.se\/uppsala\/wp-json\/wp\/v2\/pages"}],"about":[{"href":"https:\/\/fn.se\/uppsala\/wp-json\/wp\/v2\/types\/page"}],"author":[{"embeddable":true,"href":"https:\/\/fn.se\/uppsala\/wp-json\/wp\/v2\/users\/1"}],"replies":[{"embeddable":true,"href":"https:\/\/fn.se\/uppsala\/wp-json\/wp\/v2\/comments?post=97"}],"version-history":[{"count":4,"href":"https:\/\/fn.se\/uppsala\/wp-json\/wp\/v2\/pages\/97\/revisions"}],"predecessor-version":[{"id":271,"href":"https:\/\/fn.se\/uppsala\/wp-json\/wp\/v2\/pages\/97\/revisions\/271"}],"wp:attachment":[{"href":"https:\/\/fn.se\/uppsala\/wp-json\/wp\/v2\/media?parent=97"}],"curies":[{"name":"wp","href":"https:\/\/api.w.org\/{rel}","templated":true}]}}