{"id":20,"date":"2016-09-23T08:16:43","date_gmt":"2016-09-23T08:16:43","guid":{"rendered":"http:\/\/fn.se\/uppsala\/?page_id=20"},"modified":"2021-01-26T15:17:28","modified_gmt":"2021-01-26T15:17:28","slug":"uppsala-model-united-nations-umun","status":"publish","type":"page","link":"https:\/\/fn.se\/uppsala\/uppsala-model-united-nations-umun\/","title":{"rendered":"Uppsala Model United Nations (UMUN)"},"content":{"rendered":"<h1>Uppsala Model United Nations (UMUN)<\/h1>\n<p>Uppsala Model United Nations (UMUN) \u00e4r en simulation av en FN-konferens och h\u00e5lls \u00e5rligen under fyra dagar i Uppsala Universitets huvudbyggnad. Konferensen anordnar vi i samarbete med Uppsalas Utrikespolitiska f\u00f6rening (UF). UMUN \u00e4r ett FN-rollspel d\u00e4r deltagarna tar rollen som delegater f\u00f6r olika l\u00e4nder i FN eller icke-statlig organisation i f\u00f6rhandlingar som f\u00f6ljer FN:s regler och arbetsordningar. Under konferensdagarna ska de representera sitt land under f\u00f6rhandlingarna f\u00f6r att utarbeta en resolution enligt det scenario som har satts samman f\u00f6r konferensen. M\u00e5ls\u00e4ttningen \u00e4r att scenariot f\u00f6r konferensen alltid ska vara s\u00e5 autentiskt som m\u00f6jligt och bygga p\u00e5 verkliga procedurer inom FN:s agenda och v\u00e4rldssamfundets medlemsstaters mellanstatliga relationer, samt grunda sig i verkliga h\u00e4ndelser i v\u00e4rlden. Visionen \u00e4r att g\u00f6ra UMUN till en av v\u00e4rldens mest autentiska och professionella Model United Nations.<\/p>\n<p><strong>F\u00f6r mer information om UMUN bes\u00f6k <a href=\"http:\/\/www.uppsalamun.com\/\">UMUN:s hemsida<\/a> och\u00a0<a href=\"https:\/\/www.facebook.com\/UppsalaMUN?fref=ts\">UMUN:s Facebooksida.<\/a><\/strong><\/p>\n<p><strong>Uppsala Model United Nations 2014, 2015 and 2016 in pictures<\/strong><\/p>\n<p><img loading=\"lazy\" decoding=\"async\" class=\"size-medium wp-image-260\" src=\"https:\/\/fn.se\/uppsala\/wp-content\/uploads\/sites\/90\/2019\/08\/UMUN-3-300x225.jpg\" alt=\"\" width=\"300\" height=\"225\" srcset=\"https:\/\/fn.se\/uppsala\/wp-content\/uploads\/sites\/90\/2019\/08\/UMUN-3-300x225.jpg 300w, https:\/\/fn.se\/uppsala\/wp-content\/uploads\/sites\/90\/2019\/08\/UMUN-3-768x576.jpg 768w, https:\/\/fn.se\/uppsala\/wp-content\/uploads\/sites\/90\/2019\/08\/UMUN-3-650x488.jpg 650w, https:\/\/fn.se\/uppsala\/wp-content\/uploads\/sites\/90\/2019\/08\/UMUN-3.jpg 960w\" sizes=\"auto, (max-width: 300px) 100vw, 300px\" \/><\/p>\n<h1><img loading=\"lazy\" decoding=\"async\" class=\"alignnone size-medium wp-image-261\" src=\"https:\/\/fn.se\/uppsala\/wp-content\/uploads\/sites\/90\/2019\/08\/UMUN-4-300x200.jpg\" alt=\"\" width=\"300\" height=\"200\" srcset=\"https:\/\/fn.se\/uppsala\/wp-content\/uploads\/sites\/90\/2019\/08\/UMUN-4-300x200.jpg 300w, https:\/\/fn.se\/uppsala\/wp-content\/uploads\/sites\/90\/2019\/08\/UMUN-4-768x512.jpg 768w, https:\/\/fn.se\/uppsala\/wp-content\/uploads\/sites\/90\/2019\/08\/UMUN-4-650x433.jpg 650w, https:\/\/fn.se\/uppsala\/wp-content\/uploads\/sites\/90\/2019\/08\/UMUN-4.jpg 960w\" sizes=\"auto, (max-width: 300px) 100vw, 300px\" \/> <img loading=\"lazy\" decoding=\"async\" class=\"alignnone size-medium wp-image-262\" src=\"https:\/\/fn.se\/uppsala\/wp-content\/uploads\/sites\/90\/2019\/08\/UMUN-5-300x200.jpg\" alt=\"\" width=\"300\" height=\"200\" srcset=\"https:\/\/fn.se\/uppsala\/wp-content\/uploads\/sites\/90\/2019\/08\/UMUN-5-300x200.jpg 300w, https:\/\/fn.se\/uppsala\/wp-content\/uploads\/sites\/90\/2019\/08\/UMUN-5-768x512.jpg 768w, https:\/\/fn.se\/uppsala\/wp-content\/uploads\/sites\/90\/2019\/08\/UMUN-5-650x433.jpg 650w, https:\/\/fn.se\/uppsala\/wp-content\/uploads\/sites\/90\/2019\/08\/UMUN-5.jpg 960w\" sizes=\"auto, (max-width: 300px) 100vw, 300px\" \/> <img loading=\"lazy\" decoding=\"async\" class=\"alignnone size-medium wp-image-263\" src=\"https:\/\/fn.se\/uppsala\/wp-content\/uploads\/sites\/90\/2019\/08\/UMUN-2014-300x204.jpg\" alt=\"\" width=\"300\" height=\"204\" srcset=\"https:\/\/fn.se\/uppsala\/wp-content\/uploads\/sites\/90\/2019\/08\/UMUN-2014-300x204.jpg 300w, https:\/\/fn.se\/uppsala\/wp-content\/uploads\/sites\/90\/2019\/08\/UMUN-2014-768x523.jpg 768w, https:\/\/fn.se\/uppsala\/wp-content\/uploads\/sites\/90\/2019\/08\/UMUN-2014-650x443.jpg 650w, https:\/\/fn.se\/uppsala\/wp-content\/uploads\/sites\/90\/2019\/08\/UMUN-2014.jpg 960w\" sizes=\"auto, (max-width: 300px) 100vw, 300px\" \/> <img loading=\"lazy\" decoding=\"async\" class=\"alignnone size-medium wp-image-264\" src=\"https:\/\/fn.se\/uppsala\/wp-content\/uploads\/sites\/90\/2019\/08\/UMUN-1-300x200.jpg\" alt=\"\" width=\"300\" height=\"200\" srcset=\"https:\/\/fn.se\/uppsala\/wp-content\/uploads\/sites\/90\/2019\/08\/UMUN-1-300x200.jpg 300w, https:\/\/fn.se\/uppsala\/wp-content\/uploads\/sites\/90\/2019\/08\/UMUN-1-768x511.jpg 768w, https:\/\/fn.se\/uppsala\/wp-content\/uploads\/sites\/90\/2019\/08\/UMUN-1-650x433.jpg 650w, https:\/\/fn.se\/uppsala\/wp-content\/uploads\/sites\/90\/2019\/08\/UMUN-1.jpg 960w\" sizes=\"auto, (max-width: 300px) 100vw, 300px\" \/> <img loading=\"lazy\" decoding=\"async\" class=\"alignnone size-medium wp-image-265\" src=\"https:\/\/fn.se\/uppsala\/wp-content\/uploads\/sites\/90\/2019\/08\/UMUN-2-300x200.jpg\" alt=\"\" width=\"300\" height=\"200\" srcset=\"https:\/\/fn.se\/uppsala\/wp-content\/uploads\/sites\/90\/2019\/08\/UMUN-2-300x200.jpg 300w, https:\/\/fn.se\/uppsala\/wp-content\/uploads\/sites\/90\/2019\/08\/UMUN-2-768x511.jpg 768w, https:\/\/fn.se\/uppsala\/wp-content\/uploads\/sites\/90\/2019\/08\/UMUN-2-650x433.jpg 650w, https:\/\/fn.se\/uppsala\/wp-content\/uploads\/sites\/90\/2019\/08\/UMUN-2.jpg 960w\" sizes=\"auto, (max-width: 300px) 100vw, 300px\" \/> <img loading=\"lazy\" decoding=\"async\" class=\"alignnone size-medium wp-image-266\" src=\"https:\/\/fn.se\/uppsala\/wp-content\/uploads\/sites\/90\/2019\/08\/UMUN-2015-300x200.jpg\" alt=\"\" width=\"300\" height=\"200\" srcset=\"https:\/\/fn.se\/uppsala\/wp-content\/uploads\/sites\/90\/2019\/08\/UMUN-2015-300x200.jpg 300w, https:\/\/fn.se\/uppsala\/wp-content\/uploads\/sites\/90\/2019\/08\/UMUN-2015-768x512.jpg 768w, https:\/\/fn.se\/uppsala\/wp-content\/uploads\/sites\/90\/2019\/08\/UMUN-2015-650x433.jpg 650w, https:\/\/fn.se\/uppsala\/wp-content\/uploads\/sites\/90\/2019\/08\/UMUN-2015.jpg 960w\" sizes=\"auto, (max-width: 300px) 100vw, 300px\" \/><\/h1>\n<div class=\"article-info\"><\/div>\n","protected":false},"excerpt":{"rendered":"<p>Uppsala Model United Nations (UMUN) Uppsala Model United Nations (UMUN) \u00e4r en simulation av en FN-konferens och h\u00e5lls \u00e5rligen under&hellip;<\/p>\n","protected":false},"author":16,"featured_media":0,"parent":0,"menu_order":0,"comment_status":"closed","ping_status":"closed","template":"templates\/template-sub.php","meta":{"_acf_changed":false,"footnotes":"","_links_to":"","_links_to_target":""},"class_list":["post-20","page","type-page","status-publish","hentry"],"acf":[],"_links":{"self":[{"href":"https:\/\/fn.se\/uppsala\/wp-json\/wp\/v2\/pages\/20","targetHints":{"allow":["GET"]}}],"collection":[{"href":"https:\/\/fn.se\/uppsala\/wp-json\/wp\/v2\/pages"}],"about":[{"href":"https:\/\/fn.se\/uppsala\/wp-json\/wp\/v2\/types\/page"}],"author":[{"embeddable":true,"href":"https:\/\/fn.se\/uppsala\/wp-json\/wp\/v2\/users\/16"}],"replies":[{"embeddable":true,"href":"https:\/\/fn.se\/uppsala\/wp-json\/wp\/v2\/comments?post=20"}],"version-history":[{"count":11,"href":"https:\/\/fn.se\/uppsala\/wp-json\/wp\/v2\/pages\/20\/revisions"}],"predecessor-version":[{"id":279,"href":"https:\/\/fn.se\/uppsala\/wp-json\/wp\/v2\/pages\/20\/revisions\/279"}],"wp:attachment":[{"href":"https:\/\/fn.se\/uppsala\/wp-json\/wp\/v2\/media?parent=20"}],"curies":[{"name":"wp","href":"https:\/\/api.w.org\/{rel}","templated":true}]}}