{"id":17,"date":"2016-09-23T08:09:13","date_gmt":"2016-09-23T08:09:13","guid":{"rendered":"http:\/\/fn.se\/uppsala\/?page_id=17"},"modified":"2025-06-10T06:48:42","modified_gmt":"2025-06-10T06:48:42","slug":"styrelsen","status":"publish","type":"page","link":"https:\/\/fn.se\/uppsala\/styrelsen\/","title":{"rendered":"Styrelsen"},"content":{"rendered":"<h2>Styrelsen<\/h2>\n<div id=\"attachment_195\" style=\"width: 176px\" class=\"wp-caption alignnone\"><img loading=\"lazy\" decoding=\"async\" aria-describedby=\"caption-attachment-195\" class=\"wp-image-195 size-full\" src=\"https:\/\/fn.se\/uppsala\/wp-content\/uploads\/sites\/90\/2016\/09\/IMG_1483.jpg\" alt=\"\" width=\"166\" height=\"226\" \/><p id=\"caption-attachment-195\" class=\"wp-caption-text\">Mona Haghgou Strindberg,\u00a0O<em>rdf\u00f6rande<\/em><\/p><\/div>\n<p>Peter S\u00f6derlund, Kass\u00f6r<\/p>\n<p>Aude Grange<\/p>\n<p>Karin Hall\u00e9n Sehlin<\/p>\n<p>Towe \u00d6sterg\u00e5rd<\/p>\n<p>V\u00e9ronique Simon<\/p>\n<p>Catarina Zarazua Mujo<\/p>\n<p>Linnea Hildorsson<\/p>\n<p>Ehmeli Amngor Larsson (suppleant)<\/p>\n<p>Younis Naji (suppleant)<\/p>\n<p>Ali Rizai (suppleant)<\/p>\n<p>Victoria Ibewuike (suppleant)<\/p>\n","protected":false},"excerpt":{"rendered":"<p>Styrelsen Peter S\u00f6derlund, Kass\u00f6r Aude Grange Karin Hall\u00e9n Sehlin Towe \u00d6sterg\u00e5rd V\u00e9ronique Simon Catarina Zarazua Mujo Linnea Hildorsson Ehmeli Amngor&hellip;<\/p>\n","protected":false},"author":16,"featured_media":0,"parent":0,"menu_order":0,"comment_status":"closed","ping_status":"closed","template":"templates\/template-sub.php","meta":{"_acf_changed":false,"footnotes":"","_links_to":"","_links_to_target":""},"class_list":["post-17","page","type-page","status-publish","hentry"],"acf":[],"_links":{"self":[{"href":"https:\/\/fn.se\/uppsala\/wp-json\/wp\/v2\/pages\/17","targetHints":{"allow":["GET"]}}],"collection":[{"href":"https:\/\/fn.se\/uppsala\/wp-json\/wp\/v2\/pages"}],"about":[{"href":"https:\/\/fn.se\/uppsala\/wp-json\/wp\/v2\/types\/page"}],"author":[{"embeddable":true,"href":"https:\/\/fn.se\/uppsala\/wp-json\/wp\/v2\/users\/16"}],"replies":[{"embeddable":true,"href":"https:\/\/fn.se\/uppsala\/wp-json\/wp\/v2\/comments?post=17"}],"version-history":[{"count":13,"href":"https:\/\/fn.se\/uppsala\/wp-json\/wp\/v2\/pages\/17\/revisions"}],"predecessor-version":[{"id":324,"href":"https:\/\/fn.se\/uppsala\/wp-json\/wp\/v2\/pages\/17\/revisions\/324"}],"wp:attachment":[{"href":"https:\/\/fn.se\/uppsala\/wp-json\/wp\/v2\/media?parent=17"}],"curies":[{"name":"wp","href":"https:\/\/api.w.org\/{rel}","templated":true}]}}