{"id":167,"date":"2016-10-10T08:45:26","date_gmt":"2016-10-10T08:45:26","guid":{"rendered":"http:\/\/fn.se\/uppsala\/?page_id=167"},"modified":"2024-10-21T18:31:46","modified_gmt":"2024-10-21T18:31:46","slug":"uppsala-fredspris-uppsala-peace-prize","status":"publish","type":"page","link":"https:\/\/fn.se\/uppsala\/uppsala-fredspris-uppsala-peace-prize\/","title":{"rendered":"Uppsala Fredspris"},"content":{"rendered":"\n<div data-wp-interactive=\"core\/file\" class=\"wp-block-file\"><object data-wp-bind--hidden=\"!state.hasPdfPreview\" hidden class=\"wp-block-file__embed\" data=\"https:\/\/fn.se\/uppsala\/wp-content\/uploads\/sites\/90\/2024\/10\/Inbjudan-FN-dagen-Uppsala-Fredspris-2024.pdf\" type=\"application\/pdf\" style=\"width:100%;height:600px\" aria-label=\"Inb\u00e4ddning av Inbjudan FN-dagen Uppsala Fredspris 2024.\"><\/object><a id=\"wp-block-file--media-2e83ce6b-1af1-44b1-ad80-cfbe3178c63a\" href=\"https:\/\/fn.se\/uppsala\/wp-content\/uploads\/sites\/90\/2024\/10\/Inbjudan-FN-dagen-Uppsala-Fredspris-2024.pdf\">Inbjudan FN-dagen Uppsala Fredspris 2024<\/a><a href=\"https:\/\/fn.se\/uppsala\/wp-content\/uploads\/sites\/90\/2024\/10\/Inbjudan-FN-dagen-Uppsala-Fredspris-2024.pdf\" class=\"wp-block-file__button wp-element-button\" download aria-describedby=\"wp-block-file--media-2e83ce6b-1af1-44b1-ad80-cfbe3178c63a\">Ladda ner<\/a><\/div>\n\n\n<h1>Uppsala Fredspris<\/h1>\n<p>Uppsala Fredspris \u00e4r ett lokalt pris som delas ut av Uppsala FN-f\u00f6rening. Priset \u00e4mnar att uppm\u00e4rksamma och lyfta fram goda exempel och initiativ fr\u00e5n Uppsalas lokala vardagshj\u00e4ltar som arbetar f\u00f6r ett b\u00e4ttre och mer h\u00e5llbart samh\u00e4lle.<\/p>\n<h4>Priset utdelas inom n\u00e5gon eller n\u00e5gra av kategorierNA efter FN:s tre pelare<\/h4>\n<ul>\n<li>M\u00e4nskliga R\u00e4ttigheter<\/li>\n<li>Fred &amp; S\u00e4kerhet<\/li>\n<li>H\u00e5llbar Utveckling<\/li>\n<\/ul>\n<h4><strong>Uppsala fredspris SEDAN 2014<\/strong><\/h4>\n<p><a href=\"https:\/\/www.unt.se\/nyheter\/uppsala\/artikel\/han-tilldelas-uppsalas-fredspris-ar-jatterord\/rm1n0y2r\">Uppsala Fredspris 2023 &#8211; UNT, <\/a><a href=\"https:\/\/sverigesradio.se\/artikel\/han-vinner-uppsala-fredspris-2023-det-finns-hopp\">Uppsala Fredspris 2023 &#8211; Sveriges Radio, <\/a><a href=\"https:\/\/www.unt.se\/nyheter\/uppsala\/artikel\/han-tilldelas-uppsalas-fredspris-ar-jatterord\/rm1n0y2r\">Uppsala Fredspris 2023 &#8211; Uppsala kommun<\/a><\/p>\n<p><a href=\"https:\/\/pedagog.uppsala.se\/Aktuellt\/gottsunda-oppna-forskola-tilldelas-uppsalas-fredspris-2022\/\">Uppsala Fredpris 2022, Uppsala kommun , <\/a><a href=\"https:\/\/www.unt.se\/nyheter\/uppsala\/artikel\/forskolelararen-nadja-far-fredspris-det-basta-som-inte-kostar-sa-mycket-ar-karlek\/lqxmmxdj\">Uppsala Fredpris 2022 &#8211; UNT<\/a><\/p>\n<p><a href=\"https:\/\/sverigesradio.se\/artikel\/pandemin-stoppar-utdelning-av-lokalt-fn-pris\">Uppsala Fredspris 2020 &#8211; Sveriges Radio Uppland<\/a><\/p>\n<p><a href=\"https:\/\/stottepelaren.se\/2019\/10\/24\/stottepelaren-far-uppsala-fredspris\/\">Uppsala Fredspris 2019<\/a><\/p>\n<p><a href=\"https:\/\/www.unt.se\/nyheter\/uppsala\/fredspris-for-lokalt-engagemang-5116941.aspx\">H\u00e4r kan du l\u00e4sa UNT:s artikel om vinnarna av Uppsala Fredspris 2018<\/a><\/p>\n<p><a href=\"https:\/\/www.unt.se\/nyheter\/uppsala\/artikel\/jobb-for-flyktingar-gav-fredspris\/lw864evl\">Uppsala Fredspris 2016, UNT<\/a><\/p>\n<p><a href=\"https:\/\/www.svt.se\/nyheter\/lokalt\/uppsala\/84-aring-prisad-for-sitt-arbete-med-flyktingar\">Uppsala Fredspris 2015, SVT<\/a><\/p>\n<p><a href=\"https:\/\/www.unt.se\/nyheter\/uppsala\/artikel\/doldisar-prisades-for-fredsarbete\/lw80pk8l\">Uppsala Fredspris 2014, UNT<\/a><\/p>\n\n\n<figure class=\"wp-block-image size-large is-resized\"><a href=\"https:\/\/www.ibf.uu.se\/om_ibf\/press\/nyheter\/?tarContentId=976392\"><img loading=\"lazy\" decoding=\"async\" width=\"768\" height=\"1024\" src=\"https:\/\/fn.se\/uppsala\/wp-content\/uploads\/sites\/90\/2021\/11\/Pristagare-Fredspris-2021-768x1024.jpg\" alt=\"\" class=\"wp-image-302\" style=\"width:426px;height:568px\" srcset=\"https:\/\/fn.se\/uppsala\/wp-content\/uploads\/sites\/90\/2021\/11\/Pristagare-Fredspris-2021-768x1024.jpg 768w, https:\/\/fn.se\/uppsala\/wp-content\/uploads\/sites\/90\/2021\/11\/Pristagare-Fredspris-2021-225x300.jpg 225w, https:\/\/fn.se\/uppsala\/wp-content\/uploads\/sites\/90\/2021\/11\/Pristagare-Fredspris-2021-1152x1536.jpg 1152w, https:\/\/fn.se\/uppsala\/wp-content\/uploads\/sites\/90\/2021\/11\/Pristagare-Fredspris-2021-1536x2048.jpg 1536w, https:\/\/fn.se\/uppsala\/wp-content\/uploads\/sites\/90\/2021\/11\/Pristagare-Fredspris-2021-650x867.jpg 650w, https:\/\/fn.se\/uppsala\/wp-content\/uploads\/sites\/90\/2021\/11\/Pristagare-Fredspris-2021-1024x1365.jpg 1024w, https:\/\/fn.se\/uppsala\/wp-content\/uploads\/sites\/90\/2021\/11\/Pristagare-Fredspris-2021-scaled.jpg 1920w\" sizes=\"auto, (max-width: 768px) 100vw, 768px\" \/><\/a><figcaption class=\"wp-element-caption\"><br><strong>Vinnarna av Uppsala Fredspris 2021<\/strong><br>Inom kategorin Utveckling och Fattigdomsbek\u00e4mpning:<br><strong>Kristina Axell<\/strong>\u2026\u00a0<br>\u2026 f\u00f6r det breda hj\u00e4lparbete f\u00f6r barn, invandrare och nyanl\u00e4nda som hon under l\u00e5ng tid tagit initiativ till och varit med om att genomf\u00f6ra.<br>Inom kategorin M\u00e4nskliga R\u00e4ttigheter:<br><strong>\u00c5se Richard<\/strong>&#8230;<br>&#8230; f\u00f6r sin v\u00e4rdefulla forskning och upplysning om den grundl\u00e4ggande r\u00e4tten till egen bostad enligt FN:s stadga<\/figcaption><\/figure>\n\n\n\n<p><\/p>\n","protected":false},"excerpt":{"rendered":"<p>Uppsala Fredspris Uppsala Fredspris \u00e4r ett lokalt pris som delas ut av Uppsala FN-f\u00f6rening. Priset \u00e4mnar att uppm\u00e4rksamma och lyfta&hellip;<\/p>\n","protected":false},"author":1,"featured_media":0,"parent":0,"menu_order":0,"comment_status":"closed","ping_status":"closed","template":"templates\/template-sub.php","meta":{"_acf_changed":false,"footnotes":"","_links_to":"","_links_to_target":""},"class_list":["post-167","page","type-page","status-publish","hentry"],"acf":[],"_links":{"self":[{"href":"https:\/\/fn.se\/uppsala\/wp-json\/wp\/v2\/pages\/167","targetHints":{"allow":["GET"]}}],"collection":[{"href":"https:\/\/fn.se\/uppsala\/wp-json\/wp\/v2\/pages"}],"about":[{"href":"https:\/\/fn.se\/uppsala\/wp-json\/wp\/v2\/types\/page"}],"author":[{"embeddable":true,"href":"https:\/\/fn.se\/uppsala\/wp-json\/wp\/v2\/users\/1"}],"replies":[{"embeddable":true,"href":"https:\/\/fn.se\/uppsala\/wp-json\/wp\/v2\/comments?post=167"}],"version-history":[{"count":21,"href":"https:\/\/fn.se\/uppsala\/wp-json\/wp\/v2\/pages\/167\/revisions"}],"predecessor-version":[{"id":322,"href":"https:\/\/fn.se\/uppsala\/wp-json\/wp\/v2\/pages\/167\/revisions\/322"}],"wp:attachment":[{"href":"https:\/\/fn.se\/uppsala\/wp-json\/wp\/v2\/media?parent=167"}],"curies":[{"name":"wp","href":"https:\/\/api.w.org\/{rel}","templated":true}]}}