{"id":139,"date":"2016-09-23T14:52:34","date_gmt":"2016-09-23T14:52:34","guid":{"rendered":"http:\/\/fn.se\/uppsala\/?page_id=139"},"modified":"2016-10-10T09:01:22","modified_gmt":"2016-10-10T09:01:22","slug":"uppsala-fredspris-2014","status":"publish","type":"page","link":"https:\/\/fn.se\/uppsala\/uppsala-fredspris-2014\/","title":{"rendered":"Uppsala Fredspris 2014"},"content":{"rendered":"<h1 style=\"text-align: center;\">Uppsala Fredspris 2014<\/h1>\n<p class=\"intro\" style=\"text-align: center;\"><strong>Uppsala Fredspris delades ut p\u00e5 FN-dagen 24:e oktober 2014 p\u00e5 Fredenshus, Uppsala Slott.<\/strong><\/p>\n<p class=\"intro\" style=\"text-align: center;\"><strong>Ceremonin i bilder<\/strong><\/p>\n<div id=\"attachment_158\" style=\"width: 310px\" class=\"wp-caption alignleft\"><img loading=\"lazy\" decoding=\"async\" aria-describedby=\"caption-attachment-158\" class=\"size-medium wp-image-158\" src=\"https:\/\/fn.se\/uppsala\/wp-content\/uploads\/sites\/90\/2016\/09\/Fredspris-2014-Ungdomspriset-Joseph-El-Khoury-300x199.jpg\" alt=\"Ungdomspriset tilldelas Joseph El-Khoury f\u00f6r hans framg\u00e5ngsrika arbete bland ungdomarna p\u00e5 V\u00e4stra Stenhagensskolan. Priset delas ut av Lovisa Askl\u00f6f, styrelseledamot i Uppsala FN-f\u00f6rening.\" width=\"300\" height=\"199\" srcset=\"https:\/\/fn.se\/uppsala\/wp-content\/uploads\/sites\/90\/2016\/09\/Fredspris-2014-Ungdomspriset-Joseph-El-Khoury-300x199.jpg 300w, https:\/\/fn.se\/uppsala\/wp-content\/uploads\/sites\/90\/2016\/09\/Fredspris-2014-Ungdomspriset-Joseph-El-Khoury-768x509.jpg 768w, https:\/\/fn.se\/uppsala\/wp-content\/uploads\/sites\/90\/2016\/09\/Fredspris-2014-Ungdomspriset-Joseph-El-Khoury-1024x678.jpg 1024w, https:\/\/fn.se\/uppsala\/wp-content\/uploads\/sites\/90\/2016\/09\/Fredspris-2014-Ungdomspriset-Joseph-El-Khoury-450x298.jpg 450w\" sizes=\"auto, (max-width: 300px) 100vw, 300px\" \/><p id=\"caption-attachment-158\" class=\"wp-caption-text\">Ungdomspriset tilldelas Joseph El-Khoury f\u00f6r hans framg\u00e5ngsrika arbete bland ungdomarna p\u00e5 V\u00e4stra Stenhagensskolan. Priset delas ut av Lovisa Askl\u00f6f, styrelseledamot i Uppsala FN-f\u00f6rening.<\/p><\/div>\n<div id=\"attachment_149\" style=\"width: 310px\" class=\"wp-caption alignright\"><img loading=\"lazy\" decoding=\"async\" aria-describedby=\"caption-attachment-149\" class=\"size-medium wp-image-149\" src=\"https:\/\/fn.se\/uppsala\/wp-content\/uploads\/sites\/90\/2016\/09\/Fredspris-2014-Joseph-El-Khoury-300x199.jpg\" alt=\"Joseph El-Khoury mottar Ungdomspriset.\" width=\"300\" height=\"199\" srcset=\"https:\/\/fn.se\/uppsala\/wp-content\/uploads\/sites\/90\/2016\/09\/Fredspris-2014-Joseph-El-Khoury-300x199.jpg 300w, https:\/\/fn.se\/uppsala\/wp-content\/uploads\/sites\/90\/2016\/09\/Fredspris-2014-Joseph-El-Khoury-768x509.jpg 768w, https:\/\/fn.se\/uppsala\/wp-content\/uploads\/sites\/90\/2016\/09\/Fredspris-2014-Joseph-El-Khoury-1024x678.jpg 1024w, https:\/\/fn.se\/uppsala\/wp-content\/uploads\/sites\/90\/2016\/09\/Fredspris-2014-Joseph-El-Khoury-450x298.jpg 450w\" sizes=\"auto, (max-width: 300px) 100vw, 300px\" \/><p id=\"caption-attachment-149\" class=\"wp-caption-text\">Joseph El-Khoury mottar Ungdomspriset.<\/p><\/div>\n<p>&nbsp;<\/p>\n<p>&nbsp;<\/p>\n<p>&nbsp;<\/p>\n<p>&nbsp;<\/p>\n<p>&nbsp;<\/p>\n<p>&nbsp;<\/p>\n<p>&nbsp;<\/p>\n<p>&nbsp;<\/p>\n<p>&nbsp;<\/p>\n<div id=\"attachment_146\" style=\"width: 310px\" class=\"wp-caption alignleft\"><img loading=\"lazy\" decoding=\"async\" aria-describedby=\"caption-attachment-146\" class=\"size-medium wp-image-146\" src=\"https:\/\/fn.se\/uppsala\/wp-content\/uploads\/sites\/90\/2016\/09\/Fredspris-2014-Inger-Sj\u00f6berg-Fredspris-Mona-Strindberg-300x199.jpg\" alt=\"Fredspriset tilldelads tillika l\u00e4karen Inger Sj\u00f6berg f\u00f6r hennes trofasta arbete i Amnestys l\u00e4kargrupp. Mona Strindberg l\u00e4ser motiveringen.\" width=\"300\" height=\"199\" srcset=\"https:\/\/fn.se\/uppsala\/wp-content\/uploads\/sites\/90\/2016\/09\/Fredspris-2014-Inger-Sj\u00f6berg-Fredspris-Mona-Strindberg-300x199.jpg 300w, https:\/\/fn.se\/uppsala\/wp-content\/uploads\/sites\/90\/2016\/09\/Fredspris-2014-Inger-Sj\u00f6berg-Fredspris-Mona-Strindberg-768x509.jpg 768w, https:\/\/fn.se\/uppsala\/wp-content\/uploads\/sites\/90\/2016\/09\/Fredspris-2014-Inger-Sj\u00f6berg-Fredspris-Mona-Strindberg-1024x678.jpg 1024w, https:\/\/fn.se\/uppsala\/wp-content\/uploads\/sites\/90\/2016\/09\/Fredspris-2014-Inger-Sj\u00f6berg-Fredspris-Mona-Strindberg-450x298.jpg 450w\" sizes=\"auto, (max-width: 300px) 100vw, 300px\" \/><p id=\"caption-attachment-146\" class=\"wp-caption-text\">Fredspriset tilldelades l\u00e4karen Inger Sj\u00f6berg f\u00f6r hennes trofasta arbete i Amnestys l\u00e4kargrupp. Mona Strindberg l\u00e4ser motiveringen.<\/p><\/div>\n<div id=\"attachment_147\" style=\"width: 310px\" class=\"wp-caption alignright\"><img loading=\"lazy\" decoding=\"async\" aria-describedby=\"caption-attachment-147\" class=\"size-medium wp-image-147\" src=\"https:\/\/fn.se\/uppsala\/wp-content\/uploads\/sites\/90\/2016\/09\/Fredspris-2014-Inger-Sj\u00f6berg-tal-300x199.jpg\" alt=\"Inger Sj\u00f6berg h\u00e5ller tal om de stora utmaningar med sitt arbete i Amnestys l\u00e4kargrupp.\" width=\"300\" height=\"199\" srcset=\"https:\/\/fn.se\/uppsala\/wp-content\/uploads\/sites\/90\/2016\/09\/Fredspris-2014-Inger-Sj\u00f6berg-tal-300x199.jpg 300w, https:\/\/fn.se\/uppsala\/wp-content\/uploads\/sites\/90\/2016\/09\/Fredspris-2014-Inger-Sj\u00f6berg-tal-768x509.jpg 768w, https:\/\/fn.se\/uppsala\/wp-content\/uploads\/sites\/90\/2016\/09\/Fredspris-2014-Inger-Sj\u00f6berg-tal-1024x678.jpg 1024w, https:\/\/fn.se\/uppsala\/wp-content\/uploads\/sites\/90\/2016\/09\/Fredspris-2014-Inger-Sj\u00f6berg-tal-450x298.jpg 450w\" sizes=\"auto, (max-width: 300px) 100vw, 300px\" \/><p id=\"caption-attachment-147\" class=\"wp-caption-text\">Inger Sj\u00f6berg h\u00e5ller tal om de stora utmaningar med sitt arbete i Amnestys l\u00e4kargrupp.<\/p><\/div>\n<p>&nbsp;<\/p>\n<p>&nbsp;<\/p>\n<p>&nbsp;<\/p>\n<p>&nbsp;<\/p>\n<p>&nbsp;<\/p>\n<p>&nbsp;<\/p>\n<p>&nbsp;<\/p>\n<p>&nbsp;<\/p>\n<div id=\"attachment_152\" style=\"width: 310px\" class=\"wp-caption alignright\"><img loading=\"lazy\" decoding=\"async\" aria-describedby=\"caption-attachment-152\" class=\"size-medium wp-image-152\" src=\"https:\/\/fn.se\/uppsala\/wp-content\/uploads\/sites\/90\/2016\/09\/Fredspris-2014-Sten-Kvarfordh-2-300x199.jpg\" alt=\"Sten Kvarfordh mottar milj\u00f6priset.\" width=\"300\" height=\"199\" srcset=\"https:\/\/fn.se\/uppsala\/wp-content\/uploads\/sites\/90\/2016\/09\/Fredspris-2014-Sten-Kvarfordh-2-300x199.jpg 300w, https:\/\/fn.se\/uppsala\/wp-content\/uploads\/sites\/90\/2016\/09\/Fredspris-2014-Sten-Kvarfordh-2-768x509.jpg 768w, https:\/\/fn.se\/uppsala\/wp-content\/uploads\/sites\/90\/2016\/09\/Fredspris-2014-Sten-Kvarfordh-2-1024x678.jpg 1024w, https:\/\/fn.se\/uppsala\/wp-content\/uploads\/sites\/90\/2016\/09\/Fredspris-2014-Sten-Kvarfordh-2-450x298.jpg 450w\" sizes=\"auto, (max-width: 300px) 100vw, 300px\" \/><p id=\"caption-attachment-152\" class=\"wp-caption-text\">Sten Kvarfordh mottar milj\u00f6priset.<\/p><\/div>\n<div id=\"attachment_154\" style=\"width: 310px\" class=\"wp-caption alignleft\"><img loading=\"lazy\" decoding=\"async\" aria-describedby=\"caption-attachment-154\" class=\"wp-image-154 size-medium\" src=\"https:\/\/fn.se\/uppsala\/wp-content\/uploads\/sites\/90\/2016\/09\/Fredspris-2014-Sten-Kvarfordh-300x199.jpg\" alt=\"Sten Kvarfordh\" width=\"300\" height=\"199\" srcset=\"https:\/\/fn.se\/uppsala\/wp-content\/uploads\/sites\/90\/2016\/09\/Fredspris-2014-Sten-Kvarfordh-300x199.jpg 300w, https:\/\/fn.se\/uppsala\/wp-content\/uploads\/sites\/90\/2016\/09\/Fredspris-2014-Sten-Kvarfordh-768x509.jpg 768w, https:\/\/fn.se\/uppsala\/wp-content\/uploads\/sites\/90\/2016\/09\/Fredspris-2014-Sten-Kvarfordh-1024x678.jpg 1024w, https:\/\/fn.se\/uppsala\/wp-content\/uploads\/sites\/90\/2016\/09\/Fredspris-2014-Sten-Kvarfordh-450x298.jpg 450w\" sizes=\"auto, (max-width: 300px) 100vw, 300px\" \/><p id=\"caption-attachment-154\" class=\"wp-caption-text\">Milj\u00f6priset tilldelas Sten Kvarfordh f\u00f6r hans milj\u00f6arbete med h\u00e5llbar utveckling som han utf\u00f6rt i Kenya. Priset delas ut av Mona Strindberg.<\/p><\/div>\n<p>&nbsp;<\/p>\n<p>&nbsp;<\/p>\n<p>&nbsp;<\/p>\n<p>&nbsp;<\/p>\n<p>&nbsp;<\/p>\n<p>&nbsp;<\/p>\n<p>&nbsp;<\/p>\n<p>&nbsp;<\/p>\n<p><img loading=\"lazy\" decoding=\"async\" class=\"alignright size-medium wp-image-142\" src=\"https:\/\/fn.se\/uppsala\/wp-content\/uploads\/sites\/90\/2016\/09\/Fredspris-2014-Ann-Cathrine-Haglund-Mona-Strindberg-tal-300x199.jpg\" alt=\"fredspris-2014-ann-cathrine-haglund-mona-strindberg-tal\" width=\"300\" height=\"199\" srcset=\"https:\/\/fn.se\/uppsala\/wp-content\/uploads\/sites\/90\/2016\/09\/Fredspris-2014-Ann-Cathrine-Haglund-Mona-Strindberg-tal-300x199.jpg 300w, https:\/\/fn.se\/uppsala\/wp-content\/uploads\/sites\/90\/2016\/09\/Fredspris-2014-Ann-Cathrine-Haglund-Mona-Strindberg-tal-768x509.jpg 768w, https:\/\/fn.se\/uppsala\/wp-content\/uploads\/sites\/90\/2016\/09\/Fredspris-2014-Ann-Cathrine-Haglund-Mona-Strindberg-tal-1024x678.jpg 1024w, https:\/\/fn.se\/uppsala\/wp-content\/uploads\/sites\/90\/2016\/09\/Fredspris-2014-Ann-Cathrine-Haglund-Mona-Strindberg-tal-450x298.jpg 450w\" sizes=\"auto, (max-width: 300px) 100vw, 300px\" \/><\/p>\n<div id=\"attachment_141\" style=\"width: 310px\" class=\"wp-caption alignleft\"><img loading=\"lazy\" decoding=\"async\" aria-describedby=\"caption-attachment-141\" class=\"size-medium wp-image-141\" src=\"https:\/\/fn.se\/uppsala\/wp-content\/uploads\/sites\/90\/2016\/09\/Fredspris-2014-Ann-Cathrine-Haglund-Fredspris-300x199.jpg\" alt=\"Fredspriset tilldelas Ann-Cathrine Haglund, fd Uppsala Landsh\u00f6vding som tog initiativet till Fredenshus p\u00e5 Uppsala Slott. Priset delas ut av Mona Strindberg, Ordf. Uppsala FN-f\u00f6rening.\" width=\"300\" height=\"199\" srcset=\"https:\/\/fn.se\/uppsala\/wp-content\/uploads\/sites\/90\/2016\/09\/Fredspris-2014-Ann-Cathrine-Haglund-Fredspris-300x199.jpg 300w, https:\/\/fn.se\/uppsala\/wp-content\/uploads\/sites\/90\/2016\/09\/Fredspris-2014-Ann-Cathrine-Haglund-Fredspris-768x509.jpg 768w, https:\/\/fn.se\/uppsala\/wp-content\/uploads\/sites\/90\/2016\/09\/Fredspris-2014-Ann-Cathrine-Haglund-Fredspris-1024x678.jpg 1024w, https:\/\/fn.se\/uppsala\/wp-content\/uploads\/sites\/90\/2016\/09\/Fredspris-2014-Ann-Cathrine-Haglund-Fredspris-450x298.jpg 450w\" sizes=\"auto, (max-width: 300px) 100vw, 300px\" \/><p id=\"caption-attachment-141\" class=\"wp-caption-text\">Fredspriset tilldelas tillika Ann-Cathrine Haglund, fd Uppsala Landsh\u00f6vding som tog initiativet till Fredenshus p\u00e5 Uppsala Slott. Priset delas ut av Mona Strindberg, Ordf. Uppsala FN-f\u00f6rening.<\/p><\/div>\n<p>&nbsp;<\/p>\n<p>&nbsp;<\/p>\n<p>&nbsp;<\/p>\n<p>&nbsp;<\/p>\n<p>&nbsp;<\/p>\n<p>&nbsp;<\/p>\n<p>&nbsp;<\/p>\n<p>&nbsp;<\/p>\n<p>&nbsp;<\/p>\n<div id=\"attachment_144\" style=\"width: 310px\" class=\"wp-caption alignright\"><img loading=\"lazy\" decoding=\"async\" aria-describedby=\"caption-attachment-144\" class=\"size-medium wp-image-144\" src=\"https:\/\/fn.se\/uppsala\/wp-content\/uploads\/sites\/90\/2016\/09\/Fredspris-2014-Eric-Knutsson-projektledare-Uppsala-Fredspris-300x199.jpg\" alt=\"Eric Knutsson, projektledare Uppsala Fredpris.\" width=\"300\" height=\"199\" srcset=\"https:\/\/fn.se\/uppsala\/wp-content\/uploads\/sites\/90\/2016\/09\/Fredspris-2014-Eric-Knutsson-projektledare-Uppsala-Fredspris-300x199.jpg 300w, https:\/\/fn.se\/uppsala\/wp-content\/uploads\/sites\/90\/2016\/09\/Fredspris-2014-Eric-Knutsson-projektledare-Uppsala-Fredspris-768x509.jpg 768w, https:\/\/fn.se\/uppsala\/wp-content\/uploads\/sites\/90\/2016\/09\/Fredspris-2014-Eric-Knutsson-projektledare-Uppsala-Fredspris-1024x678.jpg 1024w, https:\/\/fn.se\/uppsala\/wp-content\/uploads\/sites\/90\/2016\/09\/Fredspris-2014-Eric-Knutsson-projektledare-Uppsala-Fredspris-450x298.jpg 450w\" sizes=\"auto, (max-width: 300px) 100vw, 300px\" \/><p id=\"caption-attachment-144\" class=\"wp-caption-text\">Eric Knutsson, projektledare Uppsala Fredpris.<\/p><\/div>\n<div id=\"attachment_157\" style=\"width: 310px\" class=\"wp-caption alignleft\"><img loading=\"lazy\" decoding=\"async\" aria-describedby=\"caption-attachment-157\" class=\"wp-image-157 size-medium\" src=\"https:\/\/fn.se\/uppsala\/wp-content\/uploads\/sites\/90\/2016\/09\/Fredspris-2014-Ungdomspris-Micael-Grenholm-Mona-Strindberg-300x199.jpg\" alt=\"Ungdomspriset tilldelas tillika Micael Grenholm f\u00f6r hans trofasta arbete f\u00f6r romers situation i Europa. Priset delades ut av Mona Strindberg.\" width=\"300\" height=\"199\" srcset=\"https:\/\/fn.se\/uppsala\/wp-content\/uploads\/sites\/90\/2016\/09\/Fredspris-2014-Ungdomspris-Micael-Grenholm-Mona-Strindberg-300x199.jpg 300w, https:\/\/fn.se\/uppsala\/wp-content\/uploads\/sites\/90\/2016\/09\/Fredspris-2014-Ungdomspris-Micael-Grenholm-Mona-Strindberg-768x509.jpg 768w, https:\/\/fn.se\/uppsala\/wp-content\/uploads\/sites\/90\/2016\/09\/Fredspris-2014-Ungdomspris-Micael-Grenholm-Mona-Strindberg-1024x678.jpg 1024w, https:\/\/fn.se\/uppsala\/wp-content\/uploads\/sites\/90\/2016\/09\/Fredspris-2014-Ungdomspris-Micael-Grenholm-Mona-Strindberg-450x298.jpg 450w\" sizes=\"auto, (max-width: 300px) 100vw, 300px\" \/><p id=\"caption-attachment-157\" class=\"wp-caption-text\">Ungdomspriset tilldelas tillika Micael Grenholm f\u00f6r hans trofasta arbete f\u00f6r romers situation i Europa. Priset delades ut av Mona Strindberg.<\/p><\/div>\n<p>&nbsp;<\/p>\n<p>&nbsp;<\/p>\n<p>&nbsp;<\/p>\n<p>&nbsp;<\/p>\n<p>&nbsp;<\/p>\n<p>&nbsp;<\/p>\n<p>&nbsp;<\/p>\n<p>&nbsp;<\/p>\n<div id=\"attachment_155\" style=\"width: 310px\" class=\"wp-caption alignleft\"><img loading=\"lazy\" decoding=\"async\" aria-describedby=\"caption-attachment-155\" class=\"size-medium wp-image-155\" src=\"https:\/\/fn.se\/uppsala\/wp-content\/uploads\/sites\/90\/2016\/09\/Fredspris-2014-Tal-av-Gurly-Mattson-Sekreterare-Uppsala-L\u00e4ns-FN-distrikt-300x199.jpg\" alt=\"Tal av Gurly Mattsson, Sekreterare Uppsala L\u00e4ns FN-distrikt\" width=\"300\" height=\"199\" srcset=\"https:\/\/fn.se\/uppsala\/wp-content\/uploads\/sites\/90\/2016\/09\/Fredspris-2014-Tal-av-Gurly-Mattson-Sekreterare-Uppsala-L\u00e4ns-FN-distrikt-300x199.jpg 300w, https:\/\/fn.se\/uppsala\/wp-content\/uploads\/sites\/90\/2016\/09\/Fredspris-2014-Tal-av-Gurly-Mattson-Sekreterare-Uppsala-L\u00e4ns-FN-distrikt-768x509.jpg 768w, https:\/\/fn.se\/uppsala\/wp-content\/uploads\/sites\/90\/2016\/09\/Fredspris-2014-Tal-av-Gurly-Mattson-Sekreterare-Uppsala-L\u00e4ns-FN-distrikt-1024x678.jpg 1024w, https:\/\/fn.se\/uppsala\/wp-content\/uploads\/sites\/90\/2016\/09\/Fredspris-2014-Tal-av-Gurly-Mattson-Sekreterare-Uppsala-L\u00e4ns-FN-distrikt-450x298.jpg 450w\" sizes=\"auto, (max-width: 300px) 100vw, 300px\" \/><p id=\"caption-attachment-155\" class=\"wp-caption-text\">Tal av Gurly Mattsson, Sekreterare Uppsala L\u00e4ns FN-distrikt<\/p><\/div>\n<p>&nbsp;<\/p>\n<div id=\"attachment_156\" style=\"width: 310px\" class=\"wp-caption alignright\"><img loading=\"lazy\" decoding=\"async\" aria-describedby=\"caption-attachment-156\" class=\"size-medium wp-image-156\" src=\"https:\/\/fn.se\/uppsala\/wp-content\/uploads\/sites\/90\/2016\/09\/Fredspris-2014-Tal-av-Mona-Strindberg-Ordf\u00f6rande-Uppsala-FN-f\u00f6rening-300x199.jpg\" alt=\"Tal av Mona Strindberg, Ordf\u00f6rande Uppsala FN-f\u00f6rening\" width=\"300\" height=\"199\" srcset=\"https:\/\/fn.se\/uppsala\/wp-content\/uploads\/sites\/90\/2016\/09\/Fredspris-2014-Tal-av-Mona-Strindberg-Ordf\u00f6rande-Uppsala-FN-f\u00f6rening-300x199.jpg 300w, https:\/\/fn.se\/uppsala\/wp-content\/uploads\/sites\/90\/2016\/09\/Fredspris-2014-Tal-av-Mona-Strindberg-Ordf\u00f6rande-Uppsala-FN-f\u00f6rening-768x509.jpg 768w, https:\/\/fn.se\/uppsala\/wp-content\/uploads\/sites\/90\/2016\/09\/Fredspris-2014-Tal-av-Mona-Strindberg-Ordf\u00f6rande-Uppsala-FN-f\u00f6rening-1024x678.jpg 1024w, https:\/\/fn.se\/uppsala\/wp-content\/uploads\/sites\/90\/2016\/09\/Fredspris-2014-Tal-av-Mona-Strindberg-Ordf\u00f6rande-Uppsala-FN-f\u00f6rening-450x298.jpg 450w\" sizes=\"auto, (max-width: 300px) 100vw, 300px\" \/><p id=\"caption-attachment-156\" class=\"wp-caption-text\">Tal av Mona Strindberg, Ordf\u00f6rande Uppsala FN-f\u00f6rening<\/p><\/div>\n<p>&nbsp;<\/p>\n<p>&nbsp;<\/p>\n<p>&nbsp;<\/p>\n<p>&nbsp;<\/p>\n<p>&nbsp;<\/p>\n<p>&nbsp;<\/p>\n<p>&nbsp;<\/p>\n<p><img loading=\"lazy\" decoding=\"async\" class=\"alignleft size-medium wp-image-140\" src=\"https:\/\/fn.se\/uppsala\/wp-content\/uploads\/sites\/90\/2016\/09\/Fredspris-2014-1-300x199.jpg\" alt=\"fredspris-2014-1\" width=\"300\" height=\"199\" srcset=\"https:\/\/fn.se\/uppsala\/wp-content\/uploads\/sites\/90\/2016\/09\/Fredspris-2014-1-300x199.jpg 300w, https:\/\/fn.se\/uppsala\/wp-content\/uploads\/sites\/90\/2016\/09\/Fredspris-2014-1-768x509.jpg 768w, https:\/\/fn.se\/uppsala\/wp-content\/uploads\/sites\/90\/2016\/09\/Fredspris-2014-1-1024x678.jpg 1024w, https:\/\/fn.se\/uppsala\/wp-content\/uploads\/sites\/90\/2016\/09\/Fredspris-2014-1-450x298.jpg 450w\" sizes=\"auto, (max-width: 300px) 100vw, 300px\" \/><\/p>\n<div id=\"attachment_151\" style=\"width: 310px\" class=\"wp-caption alignright\"><img loading=\"lazy\" decoding=\"async\" aria-describedby=\"caption-attachment-151\" class=\"size-medium wp-image-151\" src=\"https:\/\/fn.se\/uppsala\/wp-content\/uploads\/sites\/90\/2016\/09\/Fredspris-2014-Musik-av-Thomas-Cervin-tolkning-av-Bob-Dylans-Blowing-in-the-wind-300x199.jpg\" alt=\"Musik av Thomas Cervin, tolkning av Bob Dylans &quot;Blowing in the wind&quot;.\" width=\"300\" height=\"199\" srcset=\"https:\/\/fn.se\/uppsala\/wp-content\/uploads\/sites\/90\/2016\/09\/Fredspris-2014-Musik-av-Thomas-Cervin-tolkning-av-Bob-Dylans-Blowing-in-the-wind-300x199.jpg 300w, https:\/\/fn.se\/uppsala\/wp-content\/uploads\/sites\/90\/2016\/09\/Fredspris-2014-Musik-av-Thomas-Cervin-tolkning-av-Bob-Dylans-Blowing-in-the-wind-768x509.jpg 768w, https:\/\/fn.se\/uppsala\/wp-content\/uploads\/sites\/90\/2016\/09\/Fredspris-2014-Musik-av-Thomas-Cervin-tolkning-av-Bob-Dylans-Blowing-in-the-wind-1024x678.jpg 1024w, https:\/\/fn.se\/uppsala\/wp-content\/uploads\/sites\/90\/2016\/09\/Fredspris-2014-Musik-av-Thomas-Cervin-tolkning-av-Bob-Dylans-Blowing-in-the-wind-450x298.jpg 450w\" sizes=\"auto, (max-width: 300px) 100vw, 300px\" \/><p id=\"caption-attachment-151\" class=\"wp-caption-text\">Musik av Thomas Cervin, tolkning av Bob Dylans &#8221;Blowing in the wind&#8221;.<\/p><\/div>\n","protected":false},"excerpt":{"rendered":"<p>Uppsala Fredspris 2014 Uppsala Fredspris delades ut p\u00e5 FN-dagen 24:e oktober 2014 p\u00e5 Fredenshus, Uppsala Slott. Ceremonin i bilder &nbsp;&hellip;<\/p>\n","protected":false},"author":17,"featured_media":0,"parent":0,"menu_order":0,"comment_status":"closed","ping_status":"closed","template":"templates\/template-sub.php","meta":{"_acf_changed":false,"footnotes":"","_links_to":"","_links_to_target":""},"class_list":["post-139","page","type-page","status-publish","hentry"],"acf":[],"_links":{"self":[{"href":"https:\/\/fn.se\/uppsala\/wp-json\/wp\/v2\/pages\/139","targetHints":{"allow":["GET"]}}],"collection":[{"href":"https:\/\/fn.se\/uppsala\/wp-json\/wp\/v2\/pages"}],"about":[{"href":"https:\/\/fn.se\/uppsala\/wp-json\/wp\/v2\/types\/page"}],"author":[{"embeddable":true,"href":"https:\/\/fn.se\/uppsala\/wp-json\/wp\/v2\/users\/17"}],"replies":[{"embeddable":true,"href":"https:\/\/fn.se\/uppsala\/wp-json\/wp\/v2\/comments?post=139"}],"version-history":[{"count":2,"href":"https:\/\/fn.se\/uppsala\/wp-json\/wp\/v2\/pages\/139\/revisions"}],"predecessor-version":[{"id":160,"href":"https:\/\/fn.se\/uppsala\/wp-json\/wp\/v2\/pages\/139\/revisions\/160"}],"wp:attachment":[{"href":"https:\/\/fn.se\/uppsala\/wp-json\/wp\/v2\/media?parent=139"}],"curies":[{"name":"wp","href":"https:\/\/api.w.org\/{rel}","templated":true}]}}