{"id":102,"date":"2016-09-23T13:43:38","date_gmt":"2016-09-23T13:43:38","guid":{"rendered":"http:\/\/fn.se\/uppsala\/?page_id=102"},"modified":"2016-10-18T07:41:49","modified_gmt":"2016-10-18T07:41:49","slug":"engagemangsmassan-2015-10-24","status":"publish","type":"page","link":"https:\/\/fn.se\/uppsala\/engagemangsmassan-2015-10-24\/","title":{"rendered":"Engagemangsm\u00e4ssan 2015-10-24"},"content":{"rendered":"<h1 style=\"text-align: center;\">Engagemangsm\u00e4ssa<\/h1>\n<h1 style=\"text-align: center;\">2015-10-24, Stora Torget<\/h1>\n<p><img loading=\"lazy\" decoding=\"async\" class=\"alignleft wp-image-103 size-medium\" src=\"https:\/\/fn.se\/uppsala\/wp-content\/uploads\/sites\/90\/2016\/09\/Engagemangsm\u00e4ssan-15-1-225x300.jpg\" alt=\"engagemangsmassan-15-1\" width=\"225\" height=\"300\" srcset=\"https:\/\/fn.se\/uppsala\/wp-content\/uploads\/sites\/90\/2016\/09\/Engagemangsm\u00e4ssan-15-1-225x300.jpg 225w, https:\/\/fn.se\/uppsala\/wp-content\/uploads\/sites\/90\/2016\/09\/Engagemangsm\u00e4ssan-15-1-240x320.jpg 240w, https:\/\/fn.se\/uppsala\/wp-content\/uploads\/sites\/90\/2016\/09\/Engagemangsm\u00e4ssan-15-1-525x700.jpg 525w, https:\/\/fn.se\/uppsala\/wp-content\/uploads\/sites\/90\/2016\/09\/Engagemangsm\u00e4ssan-15-1.jpg 640w\" sizes=\"auto, (max-width: 225px) 100vw, 225px\" \/><\/p>\n<div id=\"attachment_104\" style=\"width: 629px\" class=\"wp-caption alignnone\"><img loading=\"lazy\" decoding=\"async\" aria-describedby=\"caption-attachment-104\" class=\"wp-image-104 size-full\" src=\"https:\/\/fn.se\/uppsala\/wp-content\/uploads\/sites\/90\/2016\/09\/Engagemangsm\u00e4ssan-15-Afrikagrupperna.jpg\" alt=\"Afrikagrupperna\" width=\"619\" height=\"960\" srcset=\"https:\/\/fn.se\/uppsala\/wp-content\/uploads\/sites\/90\/2016\/09\/Engagemangsm\u00e4ssan-15-Afrikagrupperna.jpg 619w, https:\/\/fn.se\/uppsala\/wp-content\/uploads\/sites\/90\/2016\/09\/Engagemangsm\u00e4ssan-15-Afrikagrupperna-193x300.jpg 193w, https:\/\/fn.se\/uppsala\/wp-content\/uploads\/sites\/90\/2016\/09\/Engagemangsm\u00e4ssan-15-Afrikagrupperna-206x320.jpg 206w, https:\/\/fn.se\/uppsala\/wp-content\/uploads\/sites\/90\/2016\/09\/Engagemangsm\u00e4ssan-15-Afrikagrupperna-451x700.jpg 451w\" sizes=\"auto, (max-width: 619px) 100vw, 619px\" \/><p id=\"caption-attachment-104\" class=\"wp-caption-text\">Afrikagrupperna<\/p><\/div>\n<div id=\"attachment_105\" style=\"width: 250px\" class=\"wp-caption alignleft\"><img loading=\"lazy\" decoding=\"async\" aria-describedby=\"caption-attachment-105\" class=\"size-full wp-image-105\" src=\"https:\/\/fn.se\/uppsala\/wp-content\/uploads\/sites\/90\/2016\/09\/Engagemangsm\u00e4ssan-15-Brottsofferjouren.png\" alt=\"Brottsofferjouren\" width=\"240\" height=\"180\" \/><p id=\"caption-attachment-105\" class=\"wp-caption-text\">Brottsofferjouren<\/p><\/div>\n<div id=\"attachment_106\" style=\"width: 664px\" class=\"wp-caption alignnone\"><img loading=\"lazy\" decoding=\"async\" aria-describedby=\"caption-attachment-106\" class=\"wp-image-106 size-full\" src=\"https:\/\/fn.se\/uppsala\/wp-content\/uploads\/sites\/90\/2016\/09\/Engagemangsm\u00e4ssan-15-Centrumf\u00f6rideelltarbete.jpg\" alt=\"Centrum f\u00f6r ideellt arbete\" width=\"654\" height=\"960\" srcset=\"https:\/\/fn.se\/uppsala\/wp-content\/uploads\/sites\/90\/2016\/09\/Engagemangsm\u00e4ssan-15-Centrumf\u00f6rideelltarbete.jpg 654w, https:\/\/fn.se\/uppsala\/wp-content\/uploads\/sites\/90\/2016\/09\/Engagemangsm\u00e4ssan-15-Centrumf\u00f6rideelltarbete-204x300.jpg 204w, https:\/\/fn.se\/uppsala\/wp-content\/uploads\/sites\/90\/2016\/09\/Engagemangsm\u00e4ssan-15-Centrumf\u00f6rideelltarbete-218x320.jpg 218w, https:\/\/fn.se\/uppsala\/wp-content\/uploads\/sites\/90\/2016\/09\/Engagemangsm\u00e4ssan-15-Centrumf\u00f6rideelltarbete-477x700.jpg 477w\" sizes=\"auto, (max-width: 654px) 100vw, 654px\" \/><p id=\"caption-attachment-106\" class=\"wp-caption-text\">Centrum f\u00f6r ideellt arbete<\/p><\/div>\n<div id=\"attachment_107\" style=\"width: 266px\" class=\"wp-caption alignleft\"><img loading=\"lazy\" decoding=\"async\" aria-describedby=\"caption-attachment-107\" class=\"wp-image-107 size-medium\" src=\"https:\/\/fn.se\/uppsala\/wp-content\/uploads\/sites\/90\/2016\/09\/Engagemangsm\u00e4ssan-15-Diakonias-aktivistgrupp-256x300.jpg\" alt=\"Diakonias aktivistgrupp\" width=\"256\" height=\"300\" srcset=\"https:\/\/fn.se\/uppsala\/wp-content\/uploads\/sites\/90\/2016\/09\/Engagemangsm\u00e4ssan-15-Diakonias-aktivistgrupp-256x300.jpg 256w, https:\/\/fn.se\/uppsala\/wp-content\/uploads\/sites\/90\/2016\/09\/Engagemangsm\u00e4ssan-15-Diakonias-aktivistgrupp-768x901.jpg 768w, https:\/\/fn.se\/uppsala\/wp-content\/uploads\/sites\/90\/2016\/09\/Engagemangsm\u00e4ssan-15-Diakonias-aktivistgrupp-273x320.jpg 273w, https:\/\/fn.se\/uppsala\/wp-content\/uploads\/sites\/90\/2016\/09\/Engagemangsm\u00e4ssan-15-Diakonias-aktivistgrupp-596x700.jpg 596w, https:\/\/fn.se\/uppsala\/wp-content\/uploads\/sites\/90\/2016\/09\/Engagemangsm\u00e4ssan-15-Diakonias-aktivistgrupp.jpg 818w\" sizes=\"auto, (max-width: 256px) 100vw, 256px\" \/><p id=\"caption-attachment-107\" class=\"wp-caption-text\">Diakonias aktivistgrupp<\/p><\/div>\n<div id=\"attachment_108\" style=\"width: 310px\" class=\"wp-caption alignright\"><img loading=\"lazy\" decoding=\"async\" aria-describedby=\"caption-attachment-108\" class=\"wp-image-108 size-medium\" src=\"https:\/\/fn.se\/uppsala\/wp-content\/uploads\/sites\/90\/2016\/09\/Engagemangsm\u00e4ssan-15-Din-f\u00f6retagspartner-300x212.jpg\" alt=\"Din f\u00f6retagspartner\" width=\"300\" height=\"212\" srcset=\"https:\/\/fn.se\/uppsala\/wp-content\/uploads\/sites\/90\/2016\/09\/Engagemangsm\u00e4ssan-15-Din-f\u00f6retagspartner-300x212.jpg 300w, https:\/\/fn.se\/uppsala\/wp-content\/uploads\/sites\/90\/2016\/09\/Engagemangsm\u00e4ssan-15-Din-f\u00f6retagspartner-768x543.jpg 768w, https:\/\/fn.se\/uppsala\/wp-content\/uploads\/sites\/90\/2016\/09\/Engagemangsm\u00e4ssan-15-Din-f\u00f6retagspartner-450x318.jpg 450w, https:\/\/fn.se\/uppsala\/wp-content\/uploads\/sites\/90\/2016\/09\/Engagemangsm\u00e4ssan-15-Din-f\u00f6retagspartner.jpg 960w\" sizes=\"auto, (max-width: 300px) 100vw, 300px\" \/><p id=\"caption-attachment-108\" class=\"wp-caption-text\">Din f\u00f6retagspartner<\/p><\/div>\n<div id=\"attachment_109\" style=\"width: 230px\" class=\"wp-caption alignleft\"><img loading=\"lazy\" decoding=\"async\" aria-describedby=\"caption-attachment-109\" class=\"size-medium wp-image-109\" src=\"https:\/\/fn.se\/uppsala\/wp-content\/uploads\/sites\/90\/2016\/09\/Engagemangsm\u00e4ssan-15-Ekumeniska-fristadsgruppen-220x300.jpg\" alt=\"Ekumeniska fristadsgruppen\" width=\"220\" height=\"300\" srcset=\"https:\/\/fn.se\/uppsala\/wp-content\/uploads\/sites\/90\/2016\/09\/Engagemangsm\u00e4ssan-15-Ekumeniska-fristadsgruppen-220x300.jpg 220w, https:\/\/fn.se\/uppsala\/wp-content\/uploads\/sites\/90\/2016\/09\/Engagemangsm\u00e4ssan-15-Ekumeniska-fristadsgruppen-235x320.jpg 235w, https:\/\/fn.se\/uppsala\/wp-content\/uploads\/sites\/90\/2016\/09\/Engagemangsm\u00e4ssan-15-Ekumeniska-fristadsgruppen-513x700.jpg 513w, https:\/\/fn.se\/uppsala\/wp-content\/uploads\/sites\/90\/2016\/09\/Engagemangsm\u00e4ssan-15-Ekumeniska-fristadsgruppen.jpg 704w\" sizes=\"auto, (max-width: 220px) 100vw, 220px\" \/><p id=\"caption-attachment-109\" class=\"wp-caption-text\">Ekumeniska fristadsgruppen<\/p><\/div>\n<div id=\"attachment_110\" style=\"width: 873px\" class=\"wp-caption alignleft\"><img loading=\"lazy\" decoding=\"async\" aria-describedby=\"caption-attachment-110\" class=\"wp-image-110 size-full\" src=\"https:\/\/fn.se\/uppsala\/wp-content\/uploads\/sites\/90\/2016\/09\/Engagemangsm\u00e4ssan-15-Europeiska-ungdomsparlamentet.jpg\" alt=\"Europeiska Ungdomsparlamentet\" width=\"863\" height=\"960\" srcset=\"https:\/\/fn.se\/uppsala\/wp-content\/uploads\/sites\/90\/2016\/09\/Engagemangsm\u00e4ssan-15-Europeiska-ungdomsparlamentet.jpg 863w, https:\/\/fn.se\/uppsala\/wp-content\/uploads\/sites\/90\/2016\/09\/Engagemangsm\u00e4ssan-15-Europeiska-ungdomsparlamentet-270x300.jpg 270w, https:\/\/fn.se\/uppsala\/wp-content\/uploads\/sites\/90\/2016\/09\/Engagemangsm\u00e4ssan-15-Europeiska-ungdomsparlamentet-768x854.jpg 768w, https:\/\/fn.se\/uppsala\/wp-content\/uploads\/sites\/90\/2016\/09\/Engagemangsm\u00e4ssan-15-Europeiska-ungdomsparlamentet-288x320.jpg 288w, https:\/\/fn.se\/uppsala\/wp-content\/uploads\/sites\/90\/2016\/09\/Engagemangsm\u00e4ssan-15-Europeiska-ungdomsparlamentet-629x700.jpg 629w\" sizes=\"auto, (max-width: 863px) 100vw, 863px\" \/><p id=\"caption-attachment-110\" class=\"wp-caption-text\">Europeiska Ungdomsparlamentet<\/p><\/div>\n<div id=\"attachment_111\" style=\"width: 228px\" class=\"wp-caption alignleft\"><img loading=\"lazy\" decoding=\"async\" aria-describedby=\"caption-attachment-111\" class=\"size-medium wp-image-111\" src=\"https:\/\/fn.se\/uppsala\/wp-content\/uploads\/sites\/90\/2016\/09\/Engagemangsm\u00e4ssan-15-Folket-i-bild-218x300.jpg\" alt=\"Folket i bild\" width=\"218\" height=\"300\" srcset=\"https:\/\/fn.se\/uppsala\/wp-content\/uploads\/sites\/90\/2016\/09\/Engagemangsm\u00e4ssan-15-Folket-i-bild-218x300.jpg 218w, https:\/\/fn.se\/uppsala\/wp-content\/uploads\/sites\/90\/2016\/09\/Engagemangsm\u00e4ssan-15-Folket-i-bild-233x320.jpg 233w, https:\/\/fn.se\/uppsala\/wp-content\/uploads\/sites\/90\/2016\/09\/Engagemangsm\u00e4ssan-15-Folket-i-bild-510x700.jpg 510w, https:\/\/fn.se\/uppsala\/wp-content\/uploads\/sites\/90\/2016\/09\/Engagemangsm\u00e4ssan-15-Folket-i-bild.jpg 699w\" sizes=\"auto, (max-width: 218px) 100vw, 218px\" \/><p id=\"caption-attachment-111\" class=\"wp-caption-text\">Folket i bild<\/p><\/div>\n<div id=\"attachment_112\" style=\"width: 235px\" class=\"wp-caption alignleft\"><img loading=\"lazy\" decoding=\"async\" aria-describedby=\"caption-attachment-112\" class=\"size-medium wp-image-112\" src=\"https:\/\/fn.se\/uppsala\/wp-content\/uploads\/sites\/90\/2016\/09\/Engagemangsm\u00e4ssan-15-Friluftsfr\u00e4mjandet-225x300.jpg\" alt=\"Friluftsfr\u00e4mjandet\" width=\"225\" height=\"300\" srcset=\"https:\/\/fn.se\/uppsala\/wp-content\/uploads\/sites\/90\/2016\/09\/Engagemangsm\u00e4ssan-15-Friluftsfr\u00e4mjandet-225x300.jpg 225w, https:\/\/fn.se\/uppsala\/wp-content\/uploads\/sites\/90\/2016\/09\/Engagemangsm\u00e4ssan-15-Friluftsfr\u00e4mjandet-240x320.jpg 240w, https:\/\/fn.se\/uppsala\/wp-content\/uploads\/sites\/90\/2016\/09\/Engagemangsm\u00e4ssan-15-Friluftsfr\u00e4mjandet-525x700.jpg 525w, https:\/\/fn.se\/uppsala\/wp-content\/uploads\/sites\/90\/2016\/09\/Engagemangsm\u00e4ssan-15-Friluftsfr\u00e4mjandet.jpg 720w\" sizes=\"auto, (max-width: 225px) 100vw, 225px\" \/><p id=\"caption-attachment-112\" class=\"wp-caption-text\">Friluftsfr\u00e4mjandet<\/p><\/div>\n<div id=\"attachment_113\" style=\"width: 235px\" class=\"wp-caption alignleft\"><img loading=\"lazy\" decoding=\"async\" aria-describedby=\"caption-attachment-113\" class=\"size-medium wp-image-113\" src=\"https:\/\/fn.se\/uppsala\/wp-content\/uploads\/sites\/90\/2016\/09\/Engagemangsm\u00e4ssan-15-Kvinna-till-kvinna-225x300.jpg\" alt=\"Kvinna till kvinna\" width=\"225\" height=\"300\" srcset=\"https:\/\/fn.se\/uppsala\/wp-content\/uploads\/sites\/90\/2016\/09\/Engagemangsm\u00e4ssan-15-Kvinna-till-kvinna-225x300.jpg 225w, https:\/\/fn.se\/uppsala\/wp-content\/uploads\/sites\/90\/2016\/09\/Engagemangsm\u00e4ssan-15-Kvinna-till-kvinna-240x320.jpg 240w, https:\/\/fn.se\/uppsala\/wp-content\/uploads\/sites\/90\/2016\/09\/Engagemangsm\u00e4ssan-15-Kvinna-till-kvinna-525x700.jpg 525w, https:\/\/fn.se\/uppsala\/wp-content\/uploads\/sites\/90\/2016\/09\/Engagemangsm\u00e4ssan-15-Kvinna-till-kvinna.jpg 720w\" sizes=\"auto, (max-width: 225px) 100vw, 225px\" \/><p id=\"caption-attachment-113\" class=\"wp-caption-text\">Kvinna till kvinna<\/p><\/div>\n<div id=\"attachment_114\" style=\"width: 310px\" class=\"wp-caption alignleft\"><img loading=\"lazy\" decoding=\"async\" aria-describedby=\"caption-attachment-114\" class=\"size-medium wp-image-114\" src=\"https:\/\/fn.se\/uppsala\/wp-content\/uploads\/sites\/90\/2016\/09\/Engagemangsm\u00e4ssan-15-Latinamerikagrupperna-Uppsala-300x185.jpg\" alt=\"Latinamerikagrupperna Uppsala\" width=\"300\" height=\"185\" srcset=\"https:\/\/fn.se\/uppsala\/wp-content\/uploads\/sites\/90\/2016\/09\/Engagemangsm\u00e4ssan-15-Latinamerikagrupperna-Uppsala-300x185.jpg 300w, https:\/\/fn.se\/uppsala\/wp-content\/uploads\/sites\/90\/2016\/09\/Engagemangsm\u00e4ssan-15-Latinamerikagrupperna-Uppsala-768x474.jpg 768w, https:\/\/fn.se\/uppsala\/wp-content\/uploads\/sites\/90\/2016\/09\/Engagemangsm\u00e4ssan-15-Latinamerikagrupperna-Uppsala-450x278.jpg 450w, https:\/\/fn.se\/uppsala\/wp-content\/uploads\/sites\/90\/2016\/09\/Engagemangsm\u00e4ssan-15-Latinamerikagrupperna-Uppsala.jpg 960w\" sizes=\"auto, (max-width: 300px) 100vw, 300px\" \/><p id=\"caption-attachment-114\" class=\"wp-caption-text\">Latinamerikagrupperna Uppsala<\/p><\/div>\n<div id=\"attachment_115\" style=\"width: 310px\" class=\"wp-caption alignleft\"><img loading=\"lazy\" decoding=\"async\" aria-describedby=\"caption-attachment-115\" class=\"size-medium wp-image-115\" src=\"https:\/\/fn.se\/uppsala\/wp-content\/uploads\/sites\/90\/2016\/09\/Engagemangsm\u00e4ssan-15-Multikulturf\u00f6reningen-Uppsala-300x300.jpg\" alt=\"Multikulturf\u00f6reningen Uppsala\" width=\"300\" height=\"300\" srcset=\"https:\/\/fn.se\/uppsala\/wp-content\/uploads\/sites\/90\/2016\/09\/Engagemangsm\u00e4ssan-15-Multikulturf\u00f6reningen-Uppsala-300x300.jpg 300w, https:\/\/fn.se\/uppsala\/wp-content\/uploads\/sites\/90\/2016\/09\/Engagemangsm\u00e4ssan-15-Multikulturf\u00f6reningen-Uppsala-150x150.jpg 150w, https:\/\/fn.se\/uppsala\/wp-content\/uploads\/sites\/90\/2016\/09\/Engagemangsm\u00e4ssan-15-Multikulturf\u00f6reningen-Uppsala-768x766.jpg 768w, https:\/\/fn.se\/uppsala\/wp-content\/uploads\/sites\/90\/2016\/09\/Engagemangsm\u00e4ssan-15-Multikulturf\u00f6reningen-Uppsala-321x320.jpg 321w, https:\/\/fn.se\/uppsala\/wp-content\/uploads\/sites\/90\/2016\/09\/Engagemangsm\u00e4ssan-15-Multikulturf\u00f6reningen-Uppsala-702x700.jpg 702w, https:\/\/fn.se\/uppsala\/wp-content\/uploads\/sites\/90\/2016\/09\/Engagemangsm\u00e4ssan-15-Multikulturf\u00f6reningen-Uppsala.jpg 960w\" sizes=\"auto, (max-width: 300px) 100vw, 300px\" \/><p id=\"caption-attachment-115\" class=\"wp-caption-text\">Multikulturf\u00f6reningen Uppsala<\/p><\/div>\n<div id=\"attachment_116\" style=\"width: 258px\" class=\"wp-caption alignleft\"><img loading=\"lazy\" decoding=\"async\" aria-describedby=\"caption-attachment-116\" class=\"size-medium wp-image-116\" src=\"https:\/\/fn.se\/uppsala\/wp-content\/uploads\/sites\/90\/2016\/09\/Engagemangsm\u00e4ssan-15-R\u00f6da-Korsets-Ungdomsf\u00f6rbund-248x300.jpg\" alt=\"R\u00f6da Korsets Ungdomsf\u00f6rbund\" width=\"248\" height=\"300\" srcset=\"https:\/\/fn.se\/uppsala\/wp-content\/uploads\/sites\/90\/2016\/09\/Engagemangsm\u00e4ssan-15-R\u00f6da-Korsets-Ungdomsf\u00f6rbund-248x300.jpg 248w, https:\/\/fn.se\/uppsala\/wp-content\/uploads\/sites\/90\/2016\/09\/Engagemangsm\u00e4ssan-15-R\u00f6da-Korsets-Ungdomsf\u00f6rbund-768x927.jpg 768w, https:\/\/fn.se\/uppsala\/wp-content\/uploads\/sites\/90\/2016\/09\/Engagemangsm\u00e4ssan-15-R\u00f6da-Korsets-Ungdomsf\u00f6rbund-265x320.jpg 265w, https:\/\/fn.se\/uppsala\/wp-content\/uploads\/sites\/90\/2016\/09\/Engagemangsm\u00e4ssan-15-R\u00f6da-Korsets-Ungdomsf\u00f6rbund-580x700.jpg 580w, https:\/\/fn.se\/uppsala\/wp-content\/uploads\/sites\/90\/2016\/09\/Engagemangsm\u00e4ssan-15-R\u00f6da-Korsets-Ungdomsf\u00f6rbund.jpg 795w\" sizes=\"auto, (max-width: 248px) 100vw, 248px\" \/><p id=\"caption-attachment-116\" class=\"wp-caption-text\">R\u00f6da Korsets Ungdomsf\u00f6rbund<\/p><\/div>\n<div id=\"attachment_117\" style=\"width: 251px\" class=\"wp-caption alignleft\"><img loading=\"lazy\" decoding=\"async\" aria-describedby=\"caption-attachment-117\" class=\"size-medium wp-image-117\" src=\"https:\/\/fn.se\/uppsala\/wp-content\/uploads\/sites\/90\/2016\/09\/Engagemangsm\u00e4ssan-15-Tamam-241x300.jpg\" alt=\"Tamam\" width=\"241\" height=\"300\" srcset=\"https:\/\/fn.se\/uppsala\/wp-content\/uploads\/sites\/90\/2016\/09\/Engagemangsm\u00e4ssan-15-Tamam-241x300.jpg 241w, https:\/\/fn.se\/uppsala\/wp-content\/uploads\/sites\/90\/2016\/09\/Engagemangsm\u00e4ssan-15-Tamam-768x958.jpg 768w, https:\/\/fn.se\/uppsala\/wp-content\/uploads\/sites\/90\/2016\/09\/Engagemangsm\u00e4ssan-15-Tamam-257x320.jpg 257w, https:\/\/fn.se\/uppsala\/wp-content\/uploads\/sites\/90\/2016\/09\/Engagemangsm\u00e4ssan-15-Tamam-561x700.jpg 561w, https:\/\/fn.se\/uppsala\/wp-content\/uploads\/sites\/90\/2016\/09\/Engagemangsm\u00e4ssan-15-Tamam.jpg 770w\" sizes=\"auto, (max-width: 241px) 100vw, 241px\" \/><p id=\"caption-attachment-117\" class=\"wp-caption-text\">Tamam<\/p><\/div>\n<div id=\"attachment_118\" style=\"width: 310px\" class=\"wp-caption alignleft\"><img loading=\"lazy\" decoding=\"async\" aria-describedby=\"caption-attachment-118\" class=\"size-medium wp-image-118\" src=\"https:\/\/fn.se\/uppsala\/wp-content\/uploads\/sites\/90\/2016\/09\/Engagemangsm\u00e4ssan-15-Tillsammans-f\u00f6r-Uppsala-300x251.jpg\" alt=\"Tillsammans f\u00f6r Uppsala\" width=\"300\" height=\"251\" srcset=\"https:\/\/fn.se\/uppsala\/wp-content\/uploads\/sites\/90\/2016\/09\/Engagemangsm\u00e4ssan-15-Tillsammans-f\u00f6r-Uppsala-300x251.jpg 300w, https:\/\/fn.se\/uppsala\/wp-content\/uploads\/sites\/90\/2016\/09\/Engagemangsm\u00e4ssan-15-Tillsammans-f\u00f6r-Uppsala-768x643.jpg 768w, https:\/\/fn.se\/uppsala\/wp-content\/uploads\/sites\/90\/2016\/09\/Engagemangsm\u00e4ssan-15-Tillsammans-f\u00f6r-Uppsala-382x320.jpg 382w, https:\/\/fn.se\/uppsala\/wp-content\/uploads\/sites\/90\/2016\/09\/Engagemangsm\u00e4ssan-15-Tillsammans-f\u00f6r-Uppsala-836x700.jpg 836w, https:\/\/fn.se\/uppsala\/wp-content\/uploads\/sites\/90\/2016\/09\/Engagemangsm\u00e4ssan-15-Tillsammans-f\u00f6r-Uppsala.jpg 960w\" sizes=\"auto, (max-width: 300px) 100vw, 300px\" \/><p id=\"caption-attachment-118\" class=\"wp-caption-text\">Tillsammans f\u00f6r Uppsala<\/p><\/div>\n<div id=\"attachment_119\" style=\"width: 223px\" class=\"wp-caption alignleft\"><img loading=\"lazy\" decoding=\"async\" aria-describedby=\"caption-attachment-119\" class=\"size-medium wp-image-119\" src=\"https:\/\/fn.se\/uppsala\/wp-content\/uploads\/sites\/90\/2016\/09\/Engagemangsm\u00e4ssan-15-Ungdomens-Hus-213x300.jpg\" alt=\"Ungdomens Hus\" width=\"213\" height=\"300\" srcset=\"https:\/\/fn.se\/uppsala\/wp-content\/uploads\/sites\/90\/2016\/09\/Engagemangsm\u00e4ssan-15-Ungdomens-Hus-213x300.jpg 213w, https:\/\/fn.se\/uppsala\/wp-content\/uploads\/sites\/90\/2016\/09\/Engagemangsm\u00e4ssan-15-Ungdomens-Hus-228x320.jpg 228w, https:\/\/fn.se\/uppsala\/wp-content\/uploads\/sites\/90\/2016\/09\/Engagemangsm\u00e4ssan-15-Ungdomens-Hus-498x700.jpg 498w, https:\/\/fn.se\/uppsala\/wp-content\/uploads\/sites\/90\/2016\/09\/Engagemangsm\u00e4ssan-15-Ungdomens-Hus.jpg 683w\" sizes=\"auto, (max-width: 213px) 100vw, 213px\" \/><p id=\"caption-attachment-119\" class=\"wp-caption-text\">Ungdomens Hus<\/p><\/div>\n<div id=\"attachment_120\" style=\"width: 970px\" class=\"wp-caption alignleft\"><img loading=\"lazy\" decoding=\"async\" aria-describedby=\"caption-attachment-120\" class=\"wp-image-120 size-full\" src=\"https:\/\/fn.se\/uppsala\/wp-content\/uploads\/sites\/90\/2016\/09\/Engagemangsm\u00e4ssan-15-Uppsala-kvinnojour.jpg\" alt=\"Uppsala Kvinnojour\" width=\"960\" height=\"644\" srcset=\"https:\/\/fn.se\/uppsala\/wp-content\/uploads\/sites\/90\/2016\/09\/Engagemangsm\u00e4ssan-15-Uppsala-kvinnojour.jpg 960w, https:\/\/fn.se\/uppsala\/wp-content\/uploads\/sites\/90\/2016\/09\/Engagemangsm\u00e4ssan-15-Uppsala-kvinnojour-300x201.jpg 300w, https:\/\/fn.se\/uppsala\/wp-content\/uploads\/sites\/90\/2016\/09\/Engagemangsm\u00e4ssan-15-Uppsala-kvinnojour-768x515.jpg 768w, https:\/\/fn.se\/uppsala\/wp-content\/uploads\/sites\/90\/2016\/09\/Engagemangsm\u00e4ssan-15-Uppsala-kvinnojour-450x302.jpg 450w\" sizes=\"auto, (max-width: 960px) 100vw, 960px\" \/><p id=\"caption-attachment-120\" class=\"wp-caption-text\">Uppsala Kvinnojour<\/p><\/div>\n<div id=\"attachment_121\" style=\"width: 235px\" class=\"wp-caption alignleft\"><img loading=\"lazy\" decoding=\"async\" aria-describedby=\"caption-attachment-121\" class=\"size-medium wp-image-121\" src=\"https:\/\/fn.se\/uppsala\/wp-content\/uploads\/sites\/90\/2016\/09\/Engagemangsm\u00e4ssan-15-Uppsala.stadsmission-225x300.jpg\" alt=\"Uppsala stadsmission\" width=\"225\" height=\"300\" srcset=\"https:\/\/fn.se\/uppsala\/wp-content\/uploads\/sites\/90\/2016\/09\/Engagemangsm\u00e4ssan-15-Uppsala.stadsmission-225x300.jpg 225w, https:\/\/fn.se\/uppsala\/wp-content\/uploads\/sites\/90\/2016\/09\/Engagemangsm\u00e4ssan-15-Uppsala.stadsmission-240x320.jpg 240w, https:\/\/fn.se\/uppsala\/wp-content\/uploads\/sites\/90\/2016\/09\/Engagemangsm\u00e4ssan-15-Uppsala.stadsmission-525x700.jpg 525w, https:\/\/fn.se\/uppsala\/wp-content\/uploads\/sites\/90\/2016\/09\/Engagemangsm\u00e4ssan-15-Uppsala.stadsmission.jpg 720w\" sizes=\"auto, (max-width: 225px) 100vw, 225px\" \/><p id=\"caption-attachment-121\" class=\"wp-caption-text\">Uppsala stadsmission<\/p><\/div>\n<div id=\"attachment_123\" style=\"width: 310px\" class=\"wp-caption alignleft\"><img loading=\"lazy\" decoding=\"async\" aria-describedby=\"caption-attachment-123\" class=\"size-medium wp-image-123\" src=\"https:\/\/fn.se\/uppsala\/wp-content\/uploads\/sites\/90\/2016\/09\/Engagemangsm\u00e4ssan-15-Veterin\u00e4r-med-omtanke-om-v\u00e5ldsutsatta-300x262.jpg\" alt=\"Veterin\u00e4r med omtanke om v\u00e5ldsutsatta\" width=\"300\" height=\"262\" srcset=\"https:\/\/fn.se\/uppsala\/wp-content\/uploads\/sites\/90\/2016\/09\/Engagemangsm\u00e4ssan-15-Veterin\u00e4r-med-omtanke-om-v\u00e5ldsutsatta-300x262.jpg 300w, https:\/\/fn.se\/uppsala\/wp-content\/uploads\/sites\/90\/2016\/09\/Engagemangsm\u00e4ssan-15-Veterin\u00e4r-med-omtanke-om-v\u00e5ldsutsatta-768x671.jpg 768w, https:\/\/fn.se\/uppsala\/wp-content\/uploads\/sites\/90\/2016\/09\/Engagemangsm\u00e4ssan-15-Veterin\u00e4r-med-omtanke-om-v\u00e5ldsutsatta-366x320.jpg 366w, https:\/\/fn.se\/uppsala\/wp-content\/uploads\/sites\/90\/2016\/09\/Engagemangsm\u00e4ssan-15-Veterin\u00e4r-med-omtanke-om-v\u00e5ldsutsatta-801x700.jpg 801w, https:\/\/fn.se\/uppsala\/wp-content\/uploads\/sites\/90\/2016\/09\/Engagemangsm\u00e4ssan-15-Veterin\u00e4r-med-omtanke-om-v\u00e5ldsutsatta.jpg 960w\" sizes=\"auto, (max-width: 300px) 100vw, 300px\" \/><p id=\"caption-attachment-123\" class=\"wp-caption-text\">Veterin\u00e4r med omtanke om v\u00e5ldsutsatta<\/p><\/div>\n<div id=\"attachment_124\" style=\"width: 235px\" class=\"wp-caption alignleft\"><img loading=\"lazy\" decoding=\"async\" aria-describedby=\"caption-attachment-124\" class=\"size-medium wp-image-124\" src=\"https:\/\/fn.se\/uppsala\/wp-content\/uploads\/sites\/90\/2016\/09\/Engagemangsm\u00e4ssan-15-volont\u00e4rbyr\u00e5n-225x300.jpg\" alt=\"Volont\u00e4rbyr\u00e5n\" width=\"225\" height=\"300\" srcset=\"https:\/\/fn.se\/uppsala\/wp-content\/uploads\/sites\/90\/2016\/09\/Engagemangsm\u00e4ssan-15-volont\u00e4rbyr\u00e5n-225x300.jpg 225w, https:\/\/fn.se\/uppsala\/wp-content\/uploads\/sites\/90\/2016\/09\/Engagemangsm\u00e4ssan-15-volont\u00e4rbyr\u00e5n-240x320.jpg 240w, https:\/\/fn.se\/uppsala\/wp-content\/uploads\/sites\/90\/2016\/09\/Engagemangsm\u00e4ssan-15-volont\u00e4rbyr\u00e5n-525x700.jpg 525w, https:\/\/fn.se\/uppsala\/wp-content\/uploads\/sites\/90\/2016\/09\/Engagemangsm\u00e4ssan-15-volont\u00e4rbyr\u00e5n.jpg 720w\" sizes=\"auto, (max-width: 225px) 100vw, 225px\" \/><p id=\"caption-attachment-124\" class=\"wp-caption-text\">Volont\u00e4rbyr\u00e5n<\/p><\/div>\n","protected":false},"excerpt":{"rendered":"<p>Engagemangsm\u00e4ssa 2015-10-24, Stora Torget<\/p>\n","protected":false},"author":17,"featured_media":122,"parent":0,"menu_order":0,"comment_status":"closed","ping_status":"closed","template":"templates\/template-sub.php","meta":{"_acf_changed":false,"footnotes":"","_links_to":"","_links_to_target":""},"class_list":["post-102","page","type-page","status-publish","has-post-thumbnail","hentry"],"acf":[],"_links":{"self":[{"href":"https:\/\/fn.se\/uppsala\/wp-json\/wp\/v2\/pages\/102","targetHints":{"allow":["GET"]}}],"collection":[{"href":"https:\/\/fn.se\/uppsala\/wp-json\/wp\/v2\/pages"}],"about":[{"href":"https:\/\/fn.se\/uppsala\/wp-json\/wp\/v2\/types\/page"}],"author":[{"embeddable":true,"href":"https:\/\/fn.se\/uppsala\/wp-json\/wp\/v2\/users\/17"}],"replies":[{"embeddable":true,"href":"https:\/\/fn.se\/uppsala\/wp-json\/wp\/v2\/comments?post=102"}],"version-history":[{"count":2,"href":"https:\/\/fn.se\/uppsala\/wp-json\/wp\/v2\/pages\/102\/revisions"}],"predecessor-version":[{"id":127,"href":"https:\/\/fn.se\/uppsala\/wp-json\/wp\/v2\/pages\/102\/revisions\/127"}],"wp:featuredmedia":[{"embeddable":true,"href":"https:\/\/fn.se\/uppsala\/wp-json\/wp\/v2\/media\/122"}],"wp:attachment":[{"href":"https:\/\/fn.se\/uppsala\/wp-json\/wp\/v2\/media?parent=102"}],"curies":[{"name":"wp","href":"https:\/\/api.w.org\/{rel}","templated":true}]}}