{"id":97,"date":"2019-02-26T21:53:17","date_gmt":"2019-02-26T21:53:17","guid":{"rendered":"https:\/\/fn.se\/umea\/?page_id=97"},"modified":"2020-08-19T12:07:02","modified_gmt":"2020-08-19T12:07:02","slug":"manskliga-rattighetsdeklarationen-70-ar-pierre-schori","status":"publish","type":"page","link":"https:\/\/fn.se\/umea\/manskliga-rattighetsdeklarationen-70-ar-pierre-schori\/","title":{"rendered":"MR-deklarationen 70 \u00e5r &#8211; Pierre Schori"},"content":{"rendered":"<h1>M\u00e4nskliga R\u00e4ttighetsdeklarationens 70 \u00e5rsjubileum<\/h1>\n<p><span class=\"TextRun SCXP83400231 BCX0\" lang=\"SV-SE\" xml:lang=\"SV-SE\"><span class=\"NormalTextRun SCXP83400231 BCX0\">En av Sveriges k\u00e4ndaste politiker och den tidigare FN-<\/span><\/span><span class=\"TextRun SCXP83400231 BCX0\" lang=\"SV-SE\" xml:lang=\"SV-SE\"><span class=\"NormalTextRun SCXP83400231 BCX0\">ambassad\u00f6ren Pierre Schori kom och h\u00f6ll en&nbsp;<\/span><\/span><span class=\"TextRun SCXP83400231 BCX0\" lang=\"SV-SE\" xml:lang=\"SV-SE\"><span class=\"NormalTextRun SCXP83400231 BCX0\">lunchf\u00f6rel\u00e4sning om &#8221;M\u00e4nskliga r\u00e4ttigheter och Agenda&nbsp;<\/span><\/span><span class=\"TextRun SCXP83400231 BCX0\" lang=\"SV-SE\" xml:lang=\"SV-SE\"><span class=\"NormalTextRun SCXP83400231 BCX0\">2030 i&nbsp;<\/span><\/span><span class=\"TextRun SCXP83400231 BCX0\" lang=\"SV-SE\" xml:lang=\"SV-SE\"><span class=\"SpellingError SCXP83400231 BCX0\">Trump<\/span><\/span><span class=\"TextRun SCXP83400231 BCX0\" lang=\"SV-SE\" xml:lang=\"SV-SE\"><span class=\"NormalTextRun SCXP83400231 BCX0\">&nbsp;och Putins tid \u2013 Vad kan Sverige g\u00f6ra?&#8221;.<\/span><\/span><span class=\"LineBreakBlob BlobObject SCXP83400231 BCX0\"><span class=\"SCXP83400231 BCX0\">\u200b Detta i samband med&nbsp;M\u00e4nskliga r\u00e4ttighetsdeklarationens 70 \u00e5rsjubileum den 10 december. &nbsp; F\u00f6rel\u00e4sningen slog deltagarrekord och uppskattades mycket.<\/span><\/span><\/p>\n<p>&nbsp;<\/p>\n<p><img loading=\"lazy\" decoding=\"async\" class=\"alignnone wp-image-98 size-full\" src=\"https:\/\/fn.se\/umea\/wp-content\/uploads\/sites\/95\/2019\/02\/47577957_509647649555147_766458070980100096_n.jpg\" alt=\"\" width=\"812\" height=\"610\" srcset=\"https:\/\/fn.se\/umea\/wp-content\/uploads\/sites\/95\/2019\/02\/47577957_509647649555147_766458070980100096_n.jpg 812w, https:\/\/fn.se\/umea\/wp-content\/uploads\/sites\/95\/2019\/02\/47577957_509647649555147_766458070980100096_n-300x225.jpg 300w, https:\/\/fn.se\/umea\/wp-content\/uploads\/sites\/95\/2019\/02\/47577957_509647649555147_766458070980100096_n-768x577.jpg 768w, https:\/\/fn.se\/umea\/wp-content\/uploads\/sites\/95\/2019\/02\/47577957_509647649555147_766458070980100096_n-650x488.jpg 650w\" sizes=\"auto, (max-width: 812px) 100vw, 812px\" \/><\/p>\n<p><img loading=\"lazy\" decoding=\"async\" class=\"alignnone wp-image-99 size-full\" src=\"https:\/\/fn.se\/umea\/wp-content\/uploads\/sites\/95\/2019\/02\/47578403_583834332051602_3695271960331157504_n.jpg\" alt=\"\" width=\"1080\" height=\"811\" srcset=\"https:\/\/fn.se\/umea\/wp-content\/uploads\/sites\/95\/2019\/02\/47578403_583834332051602_3695271960331157504_n.jpg 1080w, https:\/\/fn.se\/umea\/wp-content\/uploads\/sites\/95\/2019\/02\/47578403_583834332051602_3695271960331157504_n-300x225.jpg 300w, https:\/\/fn.se\/umea\/wp-content\/uploads\/sites\/95\/2019\/02\/47578403_583834332051602_3695271960331157504_n-768x577.jpg 768w, https:\/\/fn.se\/umea\/wp-content\/uploads\/sites\/95\/2019\/02\/47578403_583834332051602_3695271960331157504_n-1024x769.jpg 1024w, https:\/\/fn.se\/umea\/wp-content\/uploads\/sites\/95\/2019\/02\/47578403_583834332051602_3695271960331157504_n-650x488.jpg 650w\" sizes=\"auto, (max-width: 1080px) 100vw, 1080px\" \/><\/p>\n<p><img loading=\"lazy\" decoding=\"async\" class=\"alignnone wp-image-100 size-full\" src=\"https:\/\/fn.se\/umea\/wp-content\/uploads\/sites\/95\/2019\/02\/47681128_825850051084228_7433432772590436352_n.jpg\" alt=\"\" width=\"813\" height=\"612\" srcset=\"https:\/\/fn.se\/umea\/wp-content\/uploads\/sites\/95\/2019\/02\/47681128_825850051084228_7433432772590436352_n.jpg 813w, https:\/\/fn.se\/umea\/wp-content\/uploads\/sites\/95\/2019\/02\/47681128_825850051084228_7433432772590436352_n-300x226.jpg 300w, https:\/\/fn.se\/umea\/wp-content\/uploads\/sites\/95\/2019\/02\/47681128_825850051084228_7433432772590436352_n-768x578.jpg 768w, https:\/\/fn.se\/umea\/wp-content\/uploads\/sites\/95\/2019\/02\/47681128_825850051084228_7433432772590436352_n-650x489.jpg 650w\" sizes=\"auto, (max-width: 813px) 100vw, 813px\" \/><\/p>\n<p><em><span class=\"TextRun SCXP8550649 BCX0\" lang=\"SV-SE\" xml:lang=\"SV-SE\"><span class=\"NormalTextRun SCXP8550649 BCX0\">Ordf\u00f6rande Anton, Sekreterare&nbsp;Felicia, blev intervjuad&nbsp;<\/span><\/span><span class=\"TextRun SCXP8550649 BCX0\" lang=\"SV-SE\" xml:lang=\"SV-SE\"><span class=\"NormalTextRun SCXP8550649 BCX0\">av&nbsp;Sveriges Radio P4 V\u00e4sterbotten!<\/span><\/span><\/em><\/p>\n","protected":false},"excerpt":{"rendered":"<p>M\u00e4nskliga R\u00e4ttighetsdeklarationens 70 \u00e5rsjubileum En av Sveriges k\u00e4ndaste politiker och den tidigare FN-ambassad\u00f6ren Pierre Schori kom och h\u00f6ll en&nbsp;lunchf\u00f6rel\u00e4sning om&hellip;<\/p>\n","protected":false},"author":99,"featured_media":0,"parent":0,"menu_order":0,"comment_status":"closed","ping_status":"closed","template":"templates\/template-sub.php","meta":{"_acf_changed":false,"footnotes":"","_links_to":"","_links_to_target":""},"class_list":["post-97","page","type-page","status-publish","hentry"],"acf":[],"_links":{"self":[{"href":"https:\/\/fn.se\/umea\/wp-json\/wp\/v2\/pages\/97","targetHints":{"allow":["GET"]}}],"collection":[{"href":"https:\/\/fn.se\/umea\/wp-json\/wp\/v2\/pages"}],"about":[{"href":"https:\/\/fn.se\/umea\/wp-json\/wp\/v2\/types\/page"}],"author":[{"embeddable":true,"href":"https:\/\/fn.se\/umea\/wp-json\/wp\/v2\/users\/99"}],"replies":[{"embeddable":true,"href":"https:\/\/fn.se\/umea\/wp-json\/wp\/v2\/comments?post=97"}],"version-history":[{"count":6,"href":"https:\/\/fn.se\/umea\/wp-json\/wp\/v2\/pages\/97\/revisions"}],"predecessor-version":[{"id":329,"href":"https:\/\/fn.se\/umea\/wp-json\/wp\/v2\/pages\/97\/revisions\/329"}],"wp:attachment":[{"href":"https:\/\/fn.se\/umea\/wp-json\/wp\/v2\/media?parent=97"}],"curies":[{"name":"wp","href":"https:\/\/api.w.org\/{rel}","templated":true}]}}