{"id":2,"date":"2016-08-11T11:10:02","date_gmt":"2016-08-11T11:10:02","guid":{"rendered":"http:\/\/fn.se\/umea-fn-forening\/?page_id=2"},"modified":"2024-06-17T20:15:55","modified_gmt":"2024-06-17T20:15:55","slug":"sample-page","status":"publish","type":"page","link":"https:\/\/fn.se\/umea\/","title":{"rendered":"Hem"},"content":{"rendered":"<h1><img loading=\"lazy\" decoding=\"async\" class=\"size-full wp-image-202 aligncenter\" src=\"https:\/\/fn.se\/umea\/wp-content\/uploads\/sites\/95\/2019\/06\/64763436_2856907737714162_367851064000512_n.jpg\" alt=\"\" width=\"956\" height=\"418\" srcset=\"https:\/\/fn.se\/umea\/wp-content\/uploads\/sites\/95\/2019\/06\/64763436_2856907737714162_367851064000512_n.jpg 956w, https:\/\/fn.se\/umea\/wp-content\/uploads\/sites\/95\/2019\/06\/64763436_2856907737714162_367851064000512_n-300x131.jpg 300w, https:\/\/fn.se\/umea\/wp-content\/uploads\/sites\/95\/2019\/06\/64763436_2856907737714162_367851064000512_n-768x336.jpg 768w, https:\/\/fn.se\/umea\/wp-content\/uploads\/sites\/95\/2019\/06\/64763436_2856907737714162_367851064000512_n-650x284.jpg 650w\" sizes=\"auto, (max-width: 956px) 100vw, 956px\" \/><\/h1>\n<h1><strong>V\u00e4lkommen till\u00a0Ume\u00e5 FN-f\u00f6rening!<\/strong><\/h1>\n<p>Ume\u00e5 FN-f\u00f6rening \u00e4r knuten till Svenska FN-f\u00f6rbundet och en del av den Svenska FN-r\u00f6relsen. F\u00f6reningen \u00e4r partipolitiskt- och religi\u00f6st obunden. All verksamhet bygger p\u00e5 lokala och n\u00e4ra krafter, vi t\u00e4nker globalt men handlar n\u00e4ra och lokalt. I v\u00e5r r\u00f6relse levandeg\u00f6rs visioner. Id\u00e9er formas om hur internationellt samarbete kan fr\u00e4mjas. Det \u00e4r berikande p\u00e5 m\u00e5nga s\u00e4tt.<\/p>\n<p><a href=\"https:\/\/betalning.fn.se\/pfs\/memberregistration\/\">V\u00e4lkommen som medlem i v\u00e5r f\u00f6rening!<\/a><\/p>\n<h3 style=\"text-align: center\"><strong><\/p>\n\n\n\n<h2><strong>Ume\u00e5 FN-f\u00f6renings styrelse 2024<\/strong><\/h2>\n<p><img loading=\"lazy\" decoding=\"async\" class=\"wp-image-852 size-medium aligncenter\" src=\"https:\/\/fn.se\/umea\/wp-content\/uploads\/sites\/95\/2024\/06\/tempImage2XWMTm-225x300.jpg\" alt=\"\" width=\"225\" height=\"300\" srcset=\"https:\/\/fn.se\/umea\/wp-content\/uploads\/sites\/95\/2024\/06\/tempImage2XWMTm-225x300.jpg 225w, https:\/\/fn.se\/umea\/wp-content\/uploads\/sites\/95\/2024\/06\/tempImage2XWMTm-768x1024.jpg 768w, https:\/\/fn.se\/umea\/wp-content\/uploads\/sites\/95\/2024\/06\/tempImage2XWMTm-1152x1536.jpg 1152w, https:\/\/fn.se\/umea\/wp-content\/uploads\/sites\/95\/2024\/06\/tempImage2XWMTm-1536x2048.jpg 1536w, https:\/\/fn.se\/umea\/wp-content\/uploads\/sites\/95\/2024\/06\/tempImage2XWMTm-650x867.jpg 650w, https:\/\/fn.se\/umea\/wp-content\/uploads\/sites\/95\/2024\/06\/tempImage2XWMTm-1024x1365.jpg 1024w, https:\/\/fn.se\/umea\/wp-content\/uploads\/sites\/95\/2024\/06\/tempImage2XWMTm-scaled.jpg 1920w\" sizes=\"auto, (max-width: 225px) 100vw, 225px\" \/><\/p>\n<p style=\"text-align: center\"><strong>\u00d6vre raden fr\u00e5n V:<\/strong> Joakim Johansson (Kass\u00f6r), Ingrid Kalf (Ledamot), Olivia Nylund (Sekreterare), Luisa Zetterstr\u00f6m (Agenda-2030 ansvarig), Martin Gr\u00f6nholm (Vice ordf\u00f6rande).<br \/><strong>Nedre raden fr\u00e5n V: <\/strong>Petra Lindstr\u00f6m (Ordf\u00f6rande), Christable Mbabazi (Ungdomsansvarig), Josefine Bergman Tj\u00e4rnstr\u00f6m (Ledamot). <br \/><strong>Saknas i bild:<\/strong> H\u00e5kan Lindgren (Ledamot)<\/p>\n<h6>\u00a0<\/h6>\n<h5 style=\"text-align: center\">Kika g\u00e4rna p\u00e5 v\u00e5r Instagramprofil f\u00f6r att se ledam\u00f6ternas presentationer!<\/h5>\n<h5 style=\"text-align: center\"><a href=\"https:\/\/www.instagram.com\/umea.fn?utm_source=ig_web_button_share_sheet&amp;igsh=ZDNlZDc0MzIxNw==\" target=\"_blank\" rel=\"noopener\">Ume\u00e5 FN Instagram<\/a><\/h5>\n<h4>\u00a0<\/h4>\n<h3><strong>Vad g\u00f6r vi?<\/strong><\/h3>\n<p>Ume\u00e5 FN-f\u00f6rening jobbar med att representera f\u00f6reningen i olika sammanhang, vi vill ge alla m\u00f6jlighet att l\u00e4ra sig mer om FN och organisationens olika arbetsomr\u00e5den. F\u00f6reningen arbetar bland annat med att anordna f\u00f6rel\u00e4sningar som lyfter upp och belyser viktiga \u00e4mnen, vi samarbetar med andra lokala Ume\u00e5-organisationer, driver insamlingsprojekt osv.<\/p>\n<p><span style=\"font-weight: 400\">Under v\u00e5ren 2019 och 2020 anordnade vi en Kvinnovecka f\u00f6r att uppm\u00e4rksamma kvinnors r\u00e4ttigheter i samarbete med Amnesty Ume\u00e5 Universitet och Utrikespolitiska f\u00f6reningen Ume\u00e5 med f\u00f6rel\u00e4sningar, filmvisning och panelsamtal. Under 2021 uppm\u00e4rksammade vi internationella kvinnodagen med en f\u00f6rel\u00e4sning av Operation 1325 i samarbete med Amnesty Ume\u00e5 Universitet, Utrikespolitiska f\u00f6reningen Ume\u00e5, Femjur Ume\u00e5, FUF Ume\u00e5 och Folkuniversitetet Ume\u00e5.<\/span><\/p>\n<p class=\"p1\">Under tre \u00e5r p\u00e5 raken har Ume\u00e5 FN-f\u00f6rening arrangerat en f\u00f6rel\u00e4sning f\u00f6r att informera och uppm\u00e4rksamma urfolksr\u00e4tt, samiska r\u00e4ttigheter, den samiska kulturen och samers utsatta situation av Lena Maria som \u00e4r bitr\u00e4dande f\u00f6rest\u00e5ndare f\u00f6r samisk forskning vid Ume\u00e5 universitet.\u00a0 2021 arrangerade f\u00f6reningen ett digitalt evenemang i samarbete med Utrikespolitiska f\u00f6reningen Ume\u00e5, Amnesty S\u00e1pmi, Amnesty Ume\u00e5 Universitet, S\u00e1minourra och FUF Ume\u00e5 d\u00e4r Lena Maria f\u00f6rel\u00e4ste och deltagarna tog fram \u00e5tg\u00e4rder f\u00f6r att informera, skapa debatt och arbeta f\u00f6r samers r\u00e4ttigheter.<\/p>\n<p>Till FN-dagen 2020 <span style=\"font-weight: 400\">\u00a0firade vi tillsammans med Fredsbaskrarna V\u00e4sterbotten med tal, tipsrunda, kort filmvisning och grillning av hamburgare. Dagen f\u00f6re firade vi med att st\u00e5 p\u00e5 Ume\u00e5 universitet genom att bjuda p\u00e5 fika och h\u00e5lla i ett quiz om FN.<\/span><\/p>\n<p>Under vintern 2020 <span style=\"font-weight: 400\">arrangerade vi en Human Rights Week i samarbete med Amnesty International Ume\u00e5 Universitet och Utrikespolitiska f\u00f6reningen Ume\u00e5 digitalt. I vecka med f\u00f6rel\u00e4sning, filmvisning och workshop f\u00f6r att uppm\u00e4rksamma vad som h\u00e4nder n\u00e4r v\u00e5ra m\u00e4nskliga r\u00e4ttigheter inte respekteras och erbjuda ett forum f\u00f6r att diskutera r\u00e4ttigheterna, deras efterlevnad, och hur samh\u00e4llsakt\u00f6rer agerar f\u00f6r att uppfylla dem i praktiken.\u00a0<\/span><\/p>\n<p>Vi hoppas alltid p\u00e5 att fler frivilliga vill engagera sig i f\u00f6reningen och att just du finner intresse i att delta och st\u00f6dja oss i v\u00e5rt arbete.<\/p>\n<h3>Vi beh\u00f6ver FN och FN beh\u00f6ver dig!\u00a0<\/h3>\n<h3><a class=\"new-window\" href=\"https:\/\/betalning.fn.se\/pfs\/memberregistration\/\" target=\"_blank\" rel=\"noopener noreferrer\">V\u00e4lkommen som medlem i v\u00e5r f\u00f6rening!<\/a><\/h3>\n\n\n<p>Denna sida uppdaterades 2024-06-17.<\/p>\n\n\n\n\n","protected":false},"excerpt":{"rendered":"<p>V\u00e4lkommen till\u00a0Ume\u00e5 FN-f\u00f6rening! Ume\u00e5 FN-f\u00f6rening \u00e4r knuten till Svenska FN-f\u00f6rbundet och en del av den Svenska FN-r\u00f6relsen. F\u00f6reningen \u00e4r partipolitiskt-&hellip;<\/p>\n","protected":false},"author":16,"featured_media":0,"parent":0,"menu_order":0,"comment_status":"closed","ping_status":"open","template":"templates\/template-sub.php","meta":{"_acf_changed":false,"footnotes":"","_links_to":"","_links_to_target":""},"class_list":["post-2","page","type-page","status-publish","hentry"],"acf":[],"_links":{"self":[{"href":"https:\/\/fn.se\/umea\/wp-json\/wp\/v2\/pages\/2","targetHints":{"allow":["GET"]}}],"collection":[{"href":"https:\/\/fn.se\/umea\/wp-json\/wp\/v2\/pages"}],"about":[{"href":"https:\/\/fn.se\/umea\/wp-json\/wp\/v2\/types\/page"}],"author":[{"embeddable":true,"href":"https:\/\/fn.se\/umea\/wp-json\/wp\/v2\/users\/16"}],"replies":[{"embeddable":true,"href":"https:\/\/fn.se\/umea\/wp-json\/wp\/v2\/comments?post=2"}],"version-history":[{"count":94,"href":"https:\/\/fn.se\/umea\/wp-json\/wp\/v2\/pages\/2\/revisions"}],"predecessor-version":[{"id":868,"href":"https:\/\/fn.se\/umea\/wp-json\/wp\/v2\/pages\/2\/revisions\/868"}],"wp:attachment":[{"href":"https:\/\/fn.se\/umea\/wp-json\/wp\/v2\/media?parent=2"}],"curies":[{"name":"wp","href":"https:\/\/api.w.org\/{rel}","templated":true}]}}