{"id":17,"date":"2016-09-22T14:37:06","date_gmt":"2016-09-22T14:37:06","guid":{"rendered":"http:\/\/fn.se\/umea\/?page_id=17"},"modified":"2026-02-10T20:35:42","modified_gmt":"2026-02-10T20:35:42","slug":"dokument","status":"publish","type":"page","link":"https:\/\/fn.se\/umea\/dokument\/","title":{"rendered":"Dokument"},"content":{"rendered":"<h1 style=\"text-align: center\">Dokument<\/h1>\n<h3>2026<\/h3>\n<p><a href=\"https:\/\/fn.se\/umea\/wp-content\/uploads\/sites\/95\/2026\/02\/Kallelse-till-arsmote-2026.pdf\">Kallelse till \u00e5rsm\u00f6te 2026<\/a><\/p>\n<p><a href=\"https:\/\/fn.se\/umea\/wp-content\/uploads\/sites\/95\/2026\/02\/Arsmote_-dagordning-2026-.pdf\">\u00c5rsm\u00f6te dagordning 2026<\/a><\/p>\n<p><a href=\"https:\/\/fn.se\/umea\/wp-content\/uploads\/sites\/95\/2026\/02\/Arsmote_-protokoll-2026.pdf\">\u00c5rsm\u00f6te protokoll 2026<\/a><\/p>\n<p><a href=\"https:\/\/fn.se\/umea\/wp-content\/uploads\/sites\/95\/2026\/02\/Utlysning-av-poster-for-verksamhetsaret-2026.pdf\">Utlysning av poster f\u00f6r verksamhets\u00e5ret 2026<\/a><\/p>\n<p><a href=\"https:\/\/fn.se\/umea\/wp-content\/uploads\/sites\/95\/2026\/02\/Verksamhetsplan-2026-.pdf\">Verksamhetsplan 2026<\/a><\/p>\n<p><a href=\"https:\/\/fn.se\/umea\/wp-content\/uploads\/sites\/95\/2026\/02\/Verksamhetsberattelse-2025.pdf\">Verksamhetsber\u00e4ttelse 2025<\/a><\/p>\n<p><a href=\"https:\/\/fn.se\/umea\/wp-content\/uploads\/sites\/95\/2026\/02\/Budget-verksamhetsaret-2026.pdf\">Budget verksamhets\u00e5ret 2026<\/a><\/p>\n<p><a href=\"https:\/\/fn.se\/umea\/wp-content\/uploads\/sites\/95\/2026\/02\/Kassaberattelse-2025.pdf\">Kassaber\u00e4ttelse 2025<\/a><\/p>\n<p><a href=\"https:\/\/fn.se\/umea\/wp-content\/uploads\/sites\/95\/2026\/02\/Revisionsberattelse-2025.pdf\">Revisionsber\u00e4ttelse\u00a0 2025<\/a><\/p>\n<p><a href=\"https:\/\/fn.se\/umea\/wp-content\/uploads\/sites\/95\/2026\/02\/Arsbokslut-2025.pdf\">\u00c5rsbokslut 2025<\/a><\/p>\n<h3><strong>2025<\/strong><\/h3>\n<p><a href=\"https:\/\/fn.se\/umea\/wp-content\/uploads\/sites\/95\/2025\/12\/Kallelse-till-arsmote-2025.pdf\">Kallelse \u00e5rsm\u00f6te 2025<\/a><\/p>\n<p><a href=\"https:\/\/fn.se\/umea\/wp-content\/uploads\/sites\/95\/2025\/12\/Arsmote_-dagordning-2025-.pdf\">\u00c5rsm\u00f6te dagordning 2025<\/a><\/p>\n<p><a href=\"https:\/\/fn.se\/umea\/wp-content\/uploads\/sites\/95\/2026\/02\/Signatur-arsmote-2025.pdf\">\u00c5rsm\u00f6te protokoll 2025\u00a0<\/a><\/p>\n<p><a href=\"https:\/\/fn.se\/umea\/wp-content\/uploads\/sites\/95\/2025\/12\/Utlysning-av-poster-for-verksamhetsaret-2025-1.pdf\">Utlysning av poster f\u00f6r verksamhets\u00e5ret 2025<\/a><\/p>\n<p><a href=\"https:\/\/fn.se\/umea\/wp-content\/uploads\/sites\/95\/2026\/02\/Verksamhetsaret-2025-1.pdf\">Verksamhetsplan 2025<\/a><\/p>\n<p><a href=\"https:\/\/fn.se\/umea\/wp-content\/uploads\/sites\/95\/2026\/02\/Verksamhetsberattelse-2024-1-1.pdf\">Verksamhetsber\u00e4ttelse 2024<\/a><\/p>\n<p><a href=\"https:\/\/fn.se\/umea\/wp-content\/uploads\/sites\/95\/2026\/02\/Budget-verksamhetsaret-2025pdf.pdf\">Budget verksamhets\u00e5ret 2025<\/a><\/p>\n<p><a href=\"https:\/\/fn.se\/umea\/wp-content\/uploads\/sites\/95\/2026\/02\/Kassaberattelse-2024-1.pdf\">Kassaber\u00e4ttelse 2024<\/a><\/p>\n<p><a href=\"https:\/\/fn.se\/umea\/wp-content\/uploads\/sites\/95\/2026\/02\/Revisionsberattelse-2024-1.pdf\">Revisionsber\u00e4ttelse 2024<\/a><\/p>\n<p><a href=\"https:\/\/fn.se\/umea\/wp-content\/uploads\/sites\/95\/2025\/12\/Arsbokslut-2024.pdf\">A\u030arsbokslut 2024<\/a><\/p>\n<h3><strong>2024<\/strong><\/h3>\n<p><a href=\"https:\/\/fn.se\/umea\/wp-content\/uploads\/sites\/95\/2025\/01\/Kallellse-arsmote-2024.pdf\">Kallelse 2024<\/a><\/p>\n<p><a href=\"https:\/\/fn.se\/umea\/wp-content\/uploads\/sites\/95\/2025\/01\/Arsmote_-Bilaga-2-dagordning.pdf\">Dagordning 2024<\/a><\/p>\n<p><a href=\"https:\/\/fn.se\/umea\/wp-content\/uploads\/sites\/95\/2025\/01\/Protokoll-arsmote-2024.pdf\">Protokoll \u00e5rsm\u00f6te 2024<\/a><\/p>\n<p><a href=\"https:\/\/fn.se\/umea\/wp-content\/uploads\/sites\/95\/2025\/01\/Kallelse-extrainsatt-arsmote-verksamhetsaret-2024.pdf\">Kallelse extrainsatt \u00e5rsm\u00f6te 2024<\/a><\/p>\n<p><a href=\"https:\/\/fn.se\/umea\/wp-content\/uploads\/sites\/95\/2025\/01\/Dagordning-extrainsatt-arsmote-verksamhetsaret-2024.pdf\">Dagordning extrainsatt \u00e5rsm\u00f6te 2024<\/a><\/p>\n<p><a href=\"https:\/\/fn.se\/umea\/wp-content\/uploads\/sites\/95\/2025\/01\/Styrelseprotokoll-extrainsatt-arsmote-2024-05-27-5.pdf\">Protokoll extrainsatt \u00e5rsm\u00f6te 2024<\/a><\/p>\n<p><a href=\"https:\/\/fn.se\/umea\/wp-content\/uploads\/sites\/95\/2025\/01\/Bilaga-3-utlysning-av-poster.pdf\">Utlysning av poster 2024<\/a><\/p>\n<p><a href=\"https:\/\/fn.se\/umea\/wp-content\/uploads\/sites\/95\/2025\/01\/Kallelse-extrainsatt-arsmote-verksamhetsaret-2024.pdf\">Utlysning av poster f\u00f6r resterande av verksamhets\u00e5ret 2024<\/a><\/p>\n<p><a href=\"https:\/\/fn.se\/umea\/wp-content\/uploads\/sites\/95\/2025\/01\/Verksamhetsplan-2024.pdf\">Verksamhetsplan 2024<\/a><\/p>\n<p><a href=\"https:\/\/fn.se\/umea\/wp-content\/uploads\/sites\/95\/2025\/01\/Verksamhetsberattelse-2023.pdf\">Verksamhetsber\u00e4ttelse 2023<\/a><\/p>\n<p><a href=\"https:\/\/fn.se\/umea\/wp-content\/uploads\/sites\/95\/2025\/01\/Budget-verksamhetsaret-2024.pdf\">Budget verksamhets\u00e5ret 2024<\/a><\/p>\n<p><a href=\"https:\/\/fn.se\/umea\/wp-content\/uploads\/sites\/95\/2025\/01\/Kassaberattelsen-2023.pdf\">Kassaber\u00e4ttelse 2023<\/a><\/p>\n<p><a href=\"https:\/\/fn.se\/umea\/wp-content\/uploads\/sites\/95\/2025\/01\/Revisionsberattelse-2023.pdf\">Revisionsber\u00e4ttelse 2023<\/a><\/p>\n<p><a href=\"https:\/\/fn.se\/umea\/wp-content\/uploads\/sites\/95\/2025\/01\/Arsbokslut-2023-Blad1-1.pdf\">\u00c5rsbokslut 2023<\/a><\/p>\n<h3>2023<\/h3>\n<p><a href=\"https:\/\/fn.se\/umea\/wp-content\/uploads\/sites\/95\/2023\/01\/BILAGA-1-Kallelse-arsmote-verksamhetsaret-2023.pdf\">Kallelse 2023<\/a><\/p>\n<p><a href=\"https:\/\/fn.se\/umea\/wp-content\/uploads\/sites\/95\/2023\/01\/BILAGA-2-Dagordning-arsmote-verksamhetsaret-2023.pdf\">Dagordning 2023<\/a><\/p>\n<p><a href=\"https:\/\/fn.se\/umea\/wp-content\/uploads\/sites\/95\/2023\/01\/BILAGA-3-Utlysning-av-poster-for-verksamhetsaret-2023.pdf\">Utlysning av poster 2023<\/a><\/p>\n<p><a href=\"https:\/\/fn.se\/umea\/wp-content\/uploads\/sites\/95\/2023\/01\/Bilaga-4-Verksamhetsplan-2023.pdf\">Verksamhetsplan 2023<\/a><\/p>\n<p><a href=\"https:\/\/fn.se\/umea\/wp-content\/uploads\/sites\/95\/2023\/01\/Bilaga-5-Verksamhetsberattelse-2022-1.pdf\">Verksamhetsber\u00e4ttelse 2022<\/a><\/p>\n<p><a href=\"https:\/\/fn.se\/umea\/wp-content\/uploads\/sites\/95\/2023\/01\/Bilaga-7-Budget-verksamhetsaret-2023.pdf\"> Budget verksamhets\u00e5ret 2023<\/a><\/p>\n<p><a href=\"https:\/\/fn.se\/umea\/wp-content\/uploads\/sites\/95\/2023\/01\/Bilaga-6-Kassaberattelse-2022.pdf\">Kassaber\u00e4ttelse 2022<\/a><\/p>\n<p><a href=\"https:\/\/fn.se\/umea\/wp-content\/uploads\/sites\/95\/2023\/01\/Bilaga-8-Revisionsberattelse-2022.pdf\">Revisionsber\u00e4ttelse 2022<\/a><\/p>\n<h3>2022<\/h3>\n<p><a href=\"https:\/\/fn.se\/umea\/wp-content\/uploads\/sites\/95\/2022\/01\/Budget-verksamhetsa\u030aret-2022.pdf\">Budget 2022<\/a><\/p>\n<p><a href=\"https:\/\/fn.se\/umea\/wp-content\/uploads\/sites\/95\/2022\/01\/Kassabera\u0308ttelse-2021.pdf\">Kassabera\u0308ttelse 2021<\/a><\/p>\n<p><a href=\"https:\/\/fn.se\/umea\/wp-content\/uploads\/sites\/95\/2022\/01\/Verksamhetsbera\u0308ttelse-2021.pdf\">Verksamhetsbera\u0308ttelse 2021<\/a><\/p>\n<p><a href=\"https:\/\/fn.se\/umea\/wp-content\/uploads\/sites\/95\/2022\/01\/Verksamhetsplan-2022.pdf\">Verksamhetsplan 2022<\/a><\/p>\n<p><a href=\"https:\/\/fn.se\/umea\/wp-content\/uploads\/sites\/95\/2022\/01\/A\u030arsbokslut-2021.pdf\">A\u030arsbokslut 2021<\/a><\/p>\n<h3>2021<\/h3>\n<p><a href=\"https:\/\/fn.se\/umea\/wp-content\/uploads\/sites\/95\/2022\/01\/Protokoll-Extrainsatt-a\u030arsmo\u0308te-2021-10-11.pdf\">Protokoll Extrainsatt a\u030arsmo\u0308te 2021<\/a><\/p>\n<p><a href=\"https:\/\/fn.se\/umea\/wp-content\/uploads\/sites\/95\/2021\/04\/Protokoll-A\u030arsmo\u0308te-2021-signerat.pdf\">Protokoll A\u030arsmo\u0308te 2021<\/a><\/p>\n<p><a href=\"https:\/\/fn.se\/umea\/wp-content\/uploads\/sites\/95\/2021\/02\/Budget-2021.pdf\">Budget 2021<\/a><\/p>\n<p><a href=\"https:\/\/fn.se\/umea\/wp-content\/uploads\/sites\/95\/2021\/02\/Kassabera\u0308ttelse-2020.pdf\">Kassabera\u0308ttelse 2020<\/a><\/p>\n<p><a href=\"https:\/\/fn.se\/umea\/wp-content\/uploads\/sites\/95\/2021\/02\/Verksamhetsbera\u0308ttelse-2020.pdf\">Verksamhetsbera\u0308ttelse 2020<\/a><\/p>\n<p><a href=\"https:\/\/fn.se\/umea\/wp-content\/uploads\/sites\/95\/2021\/02\/Verksamhetsplan-2021.pdf\">Verksamhetsplan 2021<\/a><\/p>\n<p><a href=\"https:\/\/fn.se\/umea\/wp-content\/uploads\/sites\/95\/2021\/02\/Revisionsbera\u0308ttelse-2020-signerad-1.pdf\">Revisionsbera\u0308ttelse 2020<\/a><\/p>\n<p><a href=\"https:\/\/fn.se\/umea\/wp-content\/uploads\/sites\/95\/2021\/02\/A\u030arsbokslut-2020.pdf\">A\u030arsbokslut 2020<\/a><\/p>\n<h3>2020<\/h3>\n<p><a href=\"https:\/\/fn.se\/umea\/wp-content\/uploads\/sites\/95\/2021\/02\/Protokoll-extrainsatt-a\u030arsmo\u0308te-ho\u0308sten-2020-konverterad-signerad.pdf\">Protokoll Extrainsatt \u00c5rsmo\u0308te ho\u0308sten 2020<\/a><\/p>\n<p><a href=\"https:\/\/fn.se\/umea\/wp-content\/uploads\/sites\/95\/2020\/08\/Protokoll-Extrainsatt-A\u030arsmo\u0308te-2020-05-11.pdf\">Protokoll Extrainsatt A\u030arsmo\u0308te v\u00e5ren 2020<\/a><\/p>\n<p><a href=\"https:\/\/fn.se\/umea\/wp-content\/uploads\/sites\/95\/2020\/08\/A\u030arrsmo\u0308tesprotokoll-med-underskrifter.pdf\">A\u030arsmo\u0308tesprotokoll 2020<\/a><\/p>\n<p><a href=\"https:\/\/fn.se\/umea\/wp-content\/uploads\/sites\/95\/2021\/02\/Budget-verksamhetsa\u030aret-2020.pdf\">Budget 2020<\/a><\/p>\n<p><a href=\"https:\/\/fn.se\/umea\/wp-content\/uploads\/sites\/95\/2021\/02\/Kassabera\u0308ttelse-2019.pdf\">Kassabera\u0308ttelse 2019<\/a><\/p>\n<p><a href=\"https:\/\/fn.se\/umea\/wp-content\/uploads\/sites\/95\/2021\/02\/Revisionsbera\u0308ttelse.pdf\">Revisionsbera\u0308ttelse 2019<\/a><\/p>\n<p><a href=\"https:\/\/fn.se\/umea\/wp-content\/uploads\/sites\/95\/2020\/08\/Verksamhetsbera\u0308ttelse-2019.pdf\">Verksamhetsbera\u0308ttelse 2019<\/a>\u00a0<\/p>\n<p><a href=\"https:\/\/fn.se\/umea\/wp-content\/uploads\/sites\/95\/2020\/08\/Verksamhetsplan-2020.pdf\">Verksamhetsplan-2020<\/a><\/p>\n<p><a href=\"https:\/\/fn.se\/umea\/wp-content\/uploads\/sites\/95\/2021\/02\/A\u030arsbokslut-2019.pdf\">A\u030arsbokslut 2019<\/a><\/p>\n<h3>2019<\/h3>\n<p><a href=\"https:\/\/fn.se\/umea\/wp-content\/uploads\/sites\/95\/2019\/06\/Extrainsatt-a\u030arsmo\u0308te-19-m-underskrifter.pdf\" target=\"_blank\" rel=\"noopener noreferrer\">Protokoll f\u00f6r Extrainsatt a\u030arsmo\u0308te 2019<\/a><\/p>\n<p><a href=\"https:\/\/fn.se\/umea\/wp-content\/uploads\/sites\/95\/2021\/02\/Budget-verksamhetsa\u030aret-2019.pdf\">Budget verksamhetsa\u030aret 2019<\/a><\/p>\n<p><a href=\"https:\/\/fn.se\/umea\/wp-content\/uploads\/sites\/95\/2019\/06\/A\u030arsmo\u0308tesprotokoll2018SIGNERAT.pdf\" target=\"_blank\" rel=\"noopener noreferrer\">A\u030arsmo\u0308tesprotokoll 2019<\/a><\/p>\n<p><a href=\"https:\/\/fn.se\/umea\/wp-content\/uploads\/sites\/95\/2021\/02\/Kassabera\u0308ttelse2018.pdf\">Kassabera\u0308ttelse 2018<\/a><\/p>\n<p><a href=\"https:\/\/fn.se\/umea\/wp-content\/uploads\/sites\/95\/2021\/02\/Revisorbera\u0308ttelse2018.pdf\">Revisorbera\u0308ttelse 2018<\/a><\/p>\n<p><a href=\"https:\/\/fn.se\/umea\/wp-content\/uploads\/sites\/95\/2019\/06\/Verksamhetsbera\u0308ttelse-2018.pdf\">Verksamhetsbera\u0308ttelse 2018<\/a><\/p>\n<p><a href=\"https:\/\/fn.se\/umea\/wp-content\/uploads\/sites\/95\/2019\/06\/Verksamhetsplan-2019.pdf\">Verksamhetsplan 2019<\/a><\/p>\n\n\n\n\n\n\n\n\n<p>Denna sida uppdaterades 2025-01-17.<\/p>\n","protected":false},"excerpt":{"rendered":"<p>Dokument 2026 Kallelse till \u00e5rsm\u00f6te 2026 \u00c5rsm\u00f6te dagordning 2026 \u00c5rsm\u00f6te protokoll 2026 Utlysning av poster f\u00f6r verksamhets\u00e5ret 2026 Verksamhetsplan 2026&hellip;<\/p>\n","protected":false},"author":16,"featured_media":0,"parent":0,"menu_order":0,"comment_status":"closed","ping_status":"closed","template":"templates\/template-sub.php","meta":{"_acf_changed":false,"footnotes":"","_links_to":"","_links_to_target":""},"class_list":["post-17","page","type-page","status-publish","hentry"],"acf":[],"_links":{"self":[{"href":"https:\/\/fn.se\/umea\/wp-json\/wp\/v2\/pages\/17","targetHints":{"allow":["GET"]}}],"collection":[{"href":"https:\/\/fn.se\/umea\/wp-json\/wp\/v2\/pages"}],"about":[{"href":"https:\/\/fn.se\/umea\/wp-json\/wp\/v2\/types\/page"}],"author":[{"embeddable":true,"href":"https:\/\/fn.se\/umea\/wp-json\/wp\/v2\/users\/16"}],"replies":[{"embeddable":true,"href":"https:\/\/fn.se\/umea\/wp-json\/wp\/v2\/comments?post=17"}],"version-history":[{"count":71,"href":"https:\/\/fn.se\/umea\/wp-json\/wp\/v2\/pages\/17\/revisions"}],"predecessor-version":[{"id":1007,"href":"https:\/\/fn.se\/umea\/wp-json\/wp\/v2\/pages\/17\/revisions\/1007"}],"wp:attachment":[{"href":"https:\/\/fn.se\/umea\/wp-json\/wp\/v2\/media?parent=17"}],"curies":[{"name":"wp","href":"https:\/\/api.w.org\/{rel}","templated":true}]}}