{"id":140,"date":"2019-02-26T23:43:35","date_gmt":"2019-02-26T23:43:35","guid":{"rendered":"https:\/\/fn.se\/umea\/?page_id=140"},"modified":"2019-02-26T23:45:05","modified_gmt":"2019-02-26T23:45:05","slug":"tidigare-evenemang","status":"publish","type":"page","link":"https:\/\/fn.se\/umea\/tidigare-evenemang\/","title":{"rendered":"Tidigare evenemang"},"content":{"rendered":"<h1>Tidigare evenemang<\/h1>\n<p>Har du missat ett tidigare event eller bara nyfiken p\u00e5 vad Ume\u00e5 FN-f\u00f6rening har arrangerat tidigare? Klicka p\u00e5 ett evenemang i menyn f\u00f6r att l\u00e4sa mer om ett urval av v\u00e5ra tidigare evenemang!<\/p>\n","protected":false},"excerpt":{"rendered":"<p>Tidigare evenemang Har du missat ett tidigare event eller bara nyfiken p\u00e5 vad Ume\u00e5 FN-f\u00f6rening har arrangerat tidigare? Klicka p\u00e5&hellip;<\/p>\n","protected":false},"author":99,"featured_media":0,"parent":0,"menu_order":0,"comment_status":"closed","ping_status":"closed","template":"templates\/template-sub.php","meta":{"_acf_changed":false,"footnotes":"","_links_to":"","_links_to_target":""},"class_list":["post-140","page","type-page","status-publish","hentry"],"acf":[],"_links":{"self":[{"href":"https:\/\/fn.se\/umea\/wp-json\/wp\/v2\/pages\/140","targetHints":{"allow":["GET"]}}],"collection":[{"href":"https:\/\/fn.se\/umea\/wp-json\/wp\/v2\/pages"}],"about":[{"href":"https:\/\/fn.se\/umea\/wp-json\/wp\/v2\/types\/page"}],"author":[{"embeddable":true,"href":"https:\/\/fn.se\/umea\/wp-json\/wp\/v2\/users\/99"}],"replies":[{"embeddable":true,"href":"https:\/\/fn.se\/umea\/wp-json\/wp\/v2\/comments?post=140"}],"version-history":[{"count":1,"href":"https:\/\/fn.se\/umea\/wp-json\/wp\/v2\/pages\/140\/revisions"}],"predecessor-version":[{"id":142,"href":"https:\/\/fn.se\/umea\/wp-json\/wp\/v2\/pages\/140\/revisions\/142"}],"wp:attachment":[{"href":"https:\/\/fn.se\/umea\/wp-json\/wp\/v2\/media?parent=140"}],"curies":[{"name":"wp","href":"https:\/\/api.w.org\/{rel}","templated":true}]}}