{"id":14,"date":"2016-09-22T14:36:49","date_gmt":"2016-09-22T14:36:49","guid":{"rendered":"http:\/\/fn.se\/umea\/?page_id=14"},"modified":"2023-05-04T17:06:00","modified_gmt":"2023-05-04T17:06:00","slug":"pa-gang","status":"publish","type":"page","link":"https:\/\/fn.se\/umea\/pa-gang\/","title":{"rendered":"P\u00e5 g\u00e5ng"},"content":{"rendered":"\n<h1 class=\"wp-block-heading\" id=\"pa-gang-i-umea-fn-forening\"><strong>P\u00e5 g\u00e5ng i Ume\u00e5 FN-f\u00f6rening<\/strong><\/h1>\n\n\n\n<p>I Ume\u00e5 FN-f\u00f6rening \u00e4r det alltid n\u00e5got p\u00e5 g\u00e5ng &#8211; allt fr\u00e5n sp\u00e4nnande f\u00f6rel\u00e4sningar till medlemsm\u00f6ten. <\/p>\n\n\n\n<p class=\"has-white-color has-text-color has-small-font-size\">&#8211;<\/p>\n\n\n\n<h2 class=\"wp-block-heading\" id=\"forelasningar-och-evenemang\">EXTRAINSATT \u00c5RSM\u00d6TE 2023<\/h2>\n\n\n\n<p>Ume\u00e5 FN-f\u00f6rening har extrainsatt \u00e5rsm\u00f6te torsdagen den 25 maj kl. 17.30 i SAM.A.337 (S310), Samh\u00e4llsvetarhuset, Ume\u00e5 Universitet.<\/p>\n\n\n\n<p>Vi utlyser posterna ordf\u00f6rande, ungdomsansvarig samt ledam\u00f6ter till styrelsen 2023 med m\u00f6jlighet till f\u00f6rl\u00e4ngning.<\/p>\n\n\n\n<p>Nominera dig genom att skicka ett mail senast torsdagen den 18:e maj 2023 kl. 23.59 till <a href=\"mailto:valberedning.umeafn@gmail.com\" target=\"_blank\" rel=\"noreferrer noopener\">valberedning.umeafn@gmail.com<\/a>. I mailet f\u00e5r du g\u00e4rna ber\u00e4tta lite om dig sj\u00e4lv och om det \u00e4r n\u00e5gon speciell post du \u00f6nskar. Ingen tidigare erfarenhet kr\u00e4vs!<\/p>\n\n\n\n<p><\/p>\n\n\n\n<p>Hoppas vi ses!<\/p>\n\n\n\n<p>Ume\u00e5 FN-f\u00f6renings styrelse<\/p>\n\n\n\n<p><\/p>\n\n\n\n<h2 class=\"wp-block-heading\" id=\"forelasningar-och-evenemang\">WOMEN\u00b4S RIGHTS WEEK 2023<\/h2>\n\n\n\n<p>Uppm\u00e4rksamma internationella kvinnodagen med oss! <\/p>\n\n\n\n<p>Fr\u00e5n 6 till 10 mars kommer vi tillsammans med Amnesty Ume\u00e5, UPF, FEMJUR och Somali Student Group anordna olika event f\u00f6r att \u00f6ka kunskapen och bidra till dialog om kvinnors r\u00e4ttigheter. <\/p>\n\n\n\n<p><\/p>\n\n\n\n<figure class=\"wp-block-image size-large is-resized\"><img loading=\"lazy\" decoding=\"async\" src=\"https:\/\/fn.se\/umea\/wp-content\/uploads\/sites\/95\/2023\/03\/333779608_1221115421854905_4743714255922240367_n-5-1024x576.jpg\" alt=\"\" class=\"wp-image-840\" width=\"421\" height=\"236\" srcset=\"https:\/\/fn.se\/umea\/wp-content\/uploads\/sites\/95\/2023\/03\/333779608_1221115421854905_4743714255922240367_n-5-1024x576.jpg 1024w, https:\/\/fn.se\/umea\/wp-content\/uploads\/sites\/95\/2023\/03\/333779608_1221115421854905_4743714255922240367_n-5-300x169.jpg 300w, https:\/\/fn.se\/umea\/wp-content\/uploads\/sites\/95\/2023\/03\/333779608_1221115421854905_4743714255922240367_n-5-768x432.jpg 768w, https:\/\/fn.se\/umea\/wp-content\/uploads\/sites\/95\/2023\/03\/333779608_1221115421854905_4743714255922240367_n-5-1536x864.jpg 1536w, https:\/\/fn.se\/umea\/wp-content\/uploads\/sites\/95\/2023\/03\/333779608_1221115421854905_4743714255922240367_n-5-650x366.jpg 650w, https:\/\/fn.se\/umea\/wp-content\/uploads\/sites\/95\/2023\/03\/333779608_1221115421854905_4743714255922240367_n-5.jpg 1920w\" sizes=\"auto, (max-width: 421px) 100vw, 421px\" \/><\/figure>\n\n\n\n<p>M\u00e5ndag 6 mars \u2013 p\u00e4rla armband till f\u00f6rm\u00e5n f\u00f6r projekt flicka&nbsp;<\/p>\n\n\n\n<p>Tisdag 7 mars \u2013 write 4 right med Amnesty Ume\u00e5<\/p>\n\n\n\n<p>Onsdag 8 mars \u2013 lunchf\u00f6rel\u00e4sning med Kvinnojouren<\/p>\n\n\n\n<p>Onsdag 8 mars \u2013 \u201dNasrin\u201d dokument\u00e4r p\u00e5 folkets bio<\/p>\n\n\n\n<p>Torsdag 9 mars \u2013 lunchf\u00f6rel\u00e4sning med somali student group&nbsp;<\/p>\n\n\n\n<p>Fredag 10 mars \u2013 women\u00b4s rights pup p\u00e5 Orio<\/p>\n\n\n\n<p><\/p>\n\n\n\n<p>Mer info om de olika evenemangen finns p\u00e5 v\u00e5r Facebook:)<\/p>\n\n\n\n<p>Facebook evenemanget f\u00f6r veckan:&nbsp;<a href=\"https:\/\/www.facebook.com\/events\/728323692268270\">https:\/\/www.facebook.com\/events\/728323692268270<\/a><\/p>\n\n\n\n<p>Hoppas vi ses!<\/p>\n\n\n\n<p> <\/p>\n\n\n\n<h3 class=\"wp-block-heading has-large-font-size\"><strong>\u00c5rsm\u00f6te 2023<\/strong><\/h3>\n\n\n\n<p>Ume\u00e5 FN-f\u00f6renings styrelse vill tacka Dig f\u00f6r Ditt engagemang under 2022. Det har varit ett turbulent \u00e5r men tillsammans har Du&nbsp;bidragit till civilsamh\u00e4llet genom att visa intresse f\u00f6r FN-fr\u00e5gor och en b\u00e4ttre v\u00e4rld. Ingen kan g\u00f6ra allt men tillsammans kan vi g\u00f6ra skillnad! \u00c5rsm\u00f6tet \u00e4r ett \u00f6ppet m\u00f6te som kommer att ske&nbsp;<em>mondagen 20 februari kl. 18.00<\/em> i <strong>SAM.A.387, Samh\u00e4llsvetarhuset, Ume\u00e5 Universitet<\/strong>. <\/p>\n\n\n\n<p><\/p>\n\n\n\n<h2 class=\"wp-block-heading has-large-font-size\"><strong>Medlemsm\u00f6te 2023 <\/strong><\/h2>\n\n\n\n<p>V\u00e4llkommen till medlemsm\u00f6ten 2023! Med&nbsp;\u00f6ppet&nbsp;medlemsm\u00f6te&nbsp;menas det att&nbsp;<em>alla<\/em>&nbsp;\u00e4r v\u00e4lkomna. S\u00e5 om du har en v\u00e4n eller bekant&nbsp;som \u00e4r intresserad av f\u00f6reningen \u00e4r du v\u00e4lkommen att skicka information vidare till dem. Vi planerar ett medlemsm\u00f6te innan \u00e5rsm\u00f6tet f\u00f6r att prova p\u00e5 styrelsearbete. M\u00f6tet kommer att \u00e4ga rum <strong>den 7 feb, UB13, kl 17.15.<\/strong><\/p>\n\n\n\n<p><\/p>\n\n\n\n<h3 class=\"wp-block-heading\" id=\"arsmote-21-februari-kl-18-00\">women&#8217;s rights week 2022<\/h3>\n\n\n\n<figure class=\"wp-block-image size-large is-resized\"><img loading=\"lazy\" decoding=\"async\" src=\"https:\/\/fn.se\/umea\/wp-content\/uploads\/sites\/95\/2022\/03\/274713278_4688367067927356_7250607050495080831_n-1-1024x1024.jpg\" alt=\"\" class=\"wp-image-762\" width=\"459\" height=\"459\" srcset=\"https:\/\/fn.se\/umea\/wp-content\/uploads\/sites\/95\/2022\/03\/274713278_4688367067927356_7250607050495080831_n-1-1024x1024.jpg 1024w, https:\/\/fn.se\/umea\/wp-content\/uploads\/sites\/95\/2022\/03\/274713278_4688367067927356_7250607050495080831_n-1-300x300.jpg 300w, https:\/\/fn.se\/umea\/wp-content\/uploads\/sites\/95\/2022\/03\/274713278_4688367067927356_7250607050495080831_n-1-150x150.jpg 150w, https:\/\/fn.se\/umea\/wp-content\/uploads\/sites\/95\/2022\/03\/274713278_4688367067927356_7250607050495080831_n-1-768x768.jpg 768w, https:\/\/fn.se\/umea\/wp-content\/uploads\/sites\/95\/2022\/03\/274713278_4688367067927356_7250607050495080831_n-1-650x650.jpg 650w, https:\/\/fn.se\/umea\/wp-content\/uploads\/sites\/95\/2022\/03\/274713278_4688367067927356_7250607050495080831_n-1.jpg 1440w\" sizes=\"auto, (max-width: 459px) 100vw, 459px\" \/><\/figure>\n\n\n\n<p>Varmt v\u00e4lkomna till Womens Rights Week 2022! <img loading=\"lazy\" decoding=\"async\" height=\"16\" width=\"16\" src=\"https:\/\/static.xx.fbcdn.net\/images\/emoji.php\/v9\/t9c\/1\/16\/270a_1f3fd.png\" alt=\"\u270a\ud83c\udffd\"><img loading=\"lazy\" decoding=\"async\" height=\"16\" width=\"16\" src=\"https:\/\/static.xx.fbcdn.net\/images\/emoji.php\/v9\/t6a\/1\/16\/1f497.png\" alt=\"\ud83d\udc97\"><\/p>\n\n\n\n<p>Fr\u00e5n m\u00e5ndagen den 7\/3-13\/3 kommer vi, till \u00e4ra av den internationella kvinnodagen, h\u00e5lla i olika aktiviteter f\u00f6r att uppm\u00e4rksamma denna dag (-fast \u00f6ver en hel vecka)!! <img loading=\"lazy\" decoding=\"async\" height=\"16\" width=\"16\" src=\"https:\/\/static.xx.fbcdn.net\/images\/emoji.php\/v9\/t2\/1\/16\/1f60d.png\" alt=\"\ud83d\ude0d\">\u2764\ufe0f\u200d\ud83d\udd25<\/p>\n\n\n\n<p>Det kommer bjudas p\u00e5 filmvisningar, f\u00f6rel\u00e4sningar och p\u00e4rling av armband i f\u00f6rm\u00e5n till flickor i Etiopien. Veckan kommer dessutom avslutas p\u00e5 topp med ett of\u00f6rgl\u00f6mligt pub-h\u00e4ng p\u00e5 Origo och en loppis! <img loading=\"lazy\" decoding=\"async\" height=\"16\" width=\"16\" src=\"https:\/\/static.xx.fbcdn.net\/images\/emoji.php\/v9\/te8\/1\/16\/1f451.png\" alt=\"\ud83d\udc51\"><img loading=\"lazy\" decoding=\"async\" height=\"16\" width=\"16\" src=\"https:\/\/static.xx.fbcdn.net\/images\/emoji.php\/v9\/t13\/1\/16\/1f308.png\" alt=\"\ud83c\udf08\"><\/p>\n\n\n\n<p>Mer info finns p\u00e5 v\u00e5r Facebook <img loading=\"lazy\" decoding=\"async\" height=\"16\" width=\"16\" src=\"https:\/\/static.xx.fbcdn.net\/images\/emoji.php\/v9\/t8f\/1\/16\/1f449_1f3fe.png\" alt=\"\ud83d\udc49\ud83c\udffe\"><img loading=\"lazy\" decoding=\"async\" height=\"16\" width=\"16\" src=\"https:\/\/static.xx.fbcdn.net\/images\/emoji.php\/v9\/t57\/1\/16\/1f4f1.png\" alt=\"\ud83d\udcf1\"><\/p>\n\n\n\n<p><\/p>\n\n\n\n<p>Facebook-evenemang: <a href=\"https:\/\/www.facebook.com\/events\/729634691334204?ref=newsfeed\">https:\/\/www.facebook.com\/events\/729634691334204?ref=newsfeed<\/a><\/p>\n\n\n\n<p><\/p>\n\n\n\n<p>&#8211;<\/p>\n\n\n\n<h3 class=\"wp-block-heading\">P\u00e4rla armband f\u00f6r flickor i etiopien<\/h3>\n\n\n\n<figure class=\"wp-block-image size-full is-resized\"><img loading=\"lazy\" decoding=\"async\" src=\"https:\/\/fn.se\/umea\/wp-content\/uploads\/sites\/95\/2022\/03\/274575942_4688877607876302_116152935794783093_n-1.jpg\" alt=\"\" class=\"wp-image-765\" width=\"462\" height=\"462\" srcset=\"https:\/\/fn.se\/umea\/wp-content\/uploads\/sites\/95\/2022\/03\/274575942_4688877607876302_116152935794783093_n-1.jpg 526w, https:\/\/fn.se\/umea\/wp-content\/uploads\/sites\/95\/2022\/03\/274575942_4688877607876302_116152935794783093_n-1-300x300.jpg 300w, https:\/\/fn.se\/umea\/wp-content\/uploads\/sites\/95\/2022\/03\/274575942_4688877607876302_116152935794783093_n-1-150x150.jpg 150w\" sizes=\"auto, (max-width: 462px) 100vw, 462px\" \/><\/figure>\n\n\n\n<p>P\u00e4rla armband f\u00f6r flickor i Etiopien &#8211; vi bjuder p\u00e5 fika! <img loading=\"lazy\" decoding=\"async\" height=\"16\" width=\"16\" src=\"https:\/\/static.xx.fbcdn.net\/images\/emoji.php\/v9\/t76\/1\/16\/1f36a.png\" alt=\"\ud83c\udf6a\"><img loading=\"lazy\" decoding=\"async\" height=\"16\" width=\"16\" src=\"https:\/\/static.xx.fbcdn.net\/images\/emoji.php\/v9\/t91\/1\/16\/2615.png\" alt=\"\u2615\ufe0f\"><\/p>\n\n\n\n<p>Tid: 18.00 &#8211; 20.00Plats: MIT Ljusg\u00e5rden, MIT-huset, Ume\u00e5 Universitet<\/p>\n\n\n\n<p>V\u00e4lkommen till en kv\u00e4ll med P\u00e4rling av armband med f\u00f6rm\u00e5n till Svenska FN-f\u00f6rbundets Projekt Flicka. Armbanden kommer ha texten FLICKA och s\u00e4ljas f\u00f6r 10 kr <img loading=\"lazy\" decoding=\"async\" height=\"16\" width=\"16\" src=\"https:\/\/static.xx.fbcdn.net\/images\/emoji.php\/v9\/t2\/1\/16\/1f60d.png\" alt=\"\ud83d\ude0d\"><br>Kv\u00e4llen inleds med ett kort f\u00f6redrag av Jessica Pettersson , Svenska FN-f\u00f6rbundets ambassad\u00f6r f\u00f6r globala m\u00e5len <img loading=\"lazy\" decoding=\"async\" height=\"16\" width=\"16\" src=\"https:\/\/static.xx.fbcdn.net\/images\/emoji.php\/v9\/t41\/1\/16\/1f30f.png\" alt=\"\ud83c\udf0f\"><\/p>\n\n\n\n<p>Om ni inte har m\u00f6jlighet att delta \u00e4r ni v\u00e4lkomna att bidra till insamlingen genom att swisha valfritt belopp till 900 56 38 och ange FLICKA UME\u00c5 <img loading=\"lazy\" decoding=\"async\" height=\"16\" width=\"16\" src=\"https:\/\/static.xx.fbcdn.net\/images\/emoji.php\/v9\/t8d\/1\/16\/1f6ba.png\" alt=\"\ud83d\udeba\"><\/p>\n\n\n\n<p>Facebook-evenemang: <a href=\"https:\/\/www.facebook.com\/events\/624565435592374?ref=newsfeed\">https:\/\/www.facebook.com\/events\/624565435592374?ref=newsfeed<\/a><\/p>\n\n\n\n<p><img loading=\"lazy\" decoding=\"async\" height=\"16\" width=\"16\" src=\"https:\/\/static.xx.fbcdn.net\/images\/emoji.php\/v9\/t4c\/1\/16\/2753.png\" alt=\"\u2753\">Vad \u00e4r Projekt Flicka<img loading=\"lazy\" decoding=\"async\" height=\"16\" width=\"16\" src=\"https:\/\/static.xx.fbcdn.net\/images\/emoji.php\/v9\/t4c\/1\/16\/2753.png\" alt=\"\u2753\"><br>Tillsammans med FN:s befolkningsfond UNFPA arbetar Svenska FN-f\u00f6rbundet f\u00f6r att stoppa barn\u00e4ktenskap och kvinnlig k\u00f6nsstympning och st\u00e4rka flickors r\u00e4ttigheter i Etiopien. Genom ett integrerat program arbetar UNFPA f\u00f6r att stoppa dessa \u00f6vergrepp p\u00e5 flickor och ist\u00e4llet st\u00e4rka flickorna genom att f\u00e5 utbildning och skolg\u00e5ng, samt st\u00e4rka flickornas egenmakt. Hittills har vi r\u00e4ddat tiotusentals flickor fr\u00e5n kvinnlig k\u00f6nsstympning.<br>(Information fr\u00e5n Svenska FN-f\u00f6rbundet)<\/p>\n\n\n\n<p>L\u00e4s mer om Projekt Flicka via: <a rel=\"noreferrer noopener\" href=\"https:\/\/fn.se\/vi-gor\/vi-stodjer-viktiga-fn-projekt-i-varlden\/flicka\/flickaprojektet-i-etiopien\/\" target=\"_blank\">https:\/\/fn.se\/&#8230;\/vi&#8230;\/flicka\/flickaprojektet-i-etiopien\/<\/a><\/p>\n\n\n\n<p><br><\/p>\n\n\n\n<p class=\"has-white-color has-text-color has-small-font-size\">&#8211;<\/p>\n\n\n\n<p><\/p>\n\n\n\n<h2 class=\"wp-block-heading\" id=\"medlemsmoten-2022\">Medlemsm\u00f6ten 2022<\/h2>\n\n\n\n<p>N\u00e4sta medlemsm\u00f6te \u00e4r ett \u00f6ppet medlemsm\u00f6te <em>tisdagen 1 februari kl. 18.00<\/em>. Med&nbsp;\u00f6ppet&nbsp;medlemsm\u00f6te&nbsp;menas det att&nbsp;<em>alla<\/em>&nbsp;\u00e4r v\u00e4lkomna. S\u00e5 om du har en v\u00e4n eller bekant&nbsp;som \u00e4r intresserad av f\u00f6reningen \u00e4r du v\u00e4lkommen att skicka m\u00f6tes-l\u00e4nken till dem.<\/p>\n\n\n\n<p>\u00c4r du intresserad av att bli en del av styrelsen och har fr\u00e5gor s\u00e5 \u00e4r m\u00f6tet en perfekt chans till det. Du kan ocks\u00e5 vara med och p\u00e5verka hur vi ska l\u00e4gga upp \u00e5ret och hj\u00e4lpa oss konkretisera evenemangen. Klicka nedan f\u00f6r att se kallelse och dagordning. <\/p>\n\n\n\n\n\n<p>Om allt g\u00e5r som \u00f6nskat s\u00e5 kommer vi \u00e4ven ha&nbsp;<em>tv\u00e5 g\u00e4ster fr\u00e5n&nbsp;fr\u00e5n Svenska FN-f\u00f6rbundet.<\/em>&nbsp;De kommer ber\u00e4tta lite om sina positioner, Svenska FN-f\u00f6rbundet samt om de olika projekten s\u00e5 det ser vi fram emot om det blir av<\/p>\n\n\n\n<p><\/p>\n\n\n\n<p>Du g\u00e5r med i m\u00f6tet via&nbsp;<a rel=\"noreferrer noopener\" href=\"https:\/\/us02web.zoom.us\/j\/3693786787\" target=\"_blank\">https:\/\/us02web.zoom.us\/j\/3693786787<\/a>..<\/p>\n\n\n\n<p><\/p>\n\n\n\n<p><\/p>\n\n\n\n<p>Om du inte \u00e4r medlem kan du ordna medlemskap <a href=\"https:\/\/betalning.fn.se\/pfs\/memberregistration\/\">h\u00e4r<\/a>.<\/p>\n\n\n\n<p><\/p>\n\n\n\n<p>\u2022 Protokoll fr\u00e5n tidigare medlemsm\u00f6te, 7:e september, finner du nedan:<\/p>\n\n\n\n<p class=\"has-white-color has-text-color\">&#8211;<\/p>\n\n\n\n<h2 class=\"wp-block-heading\" id=\"ovrigt\">\u00d6vrigt<\/h2>\n\n\n\n<p>Denna sida uppdaterades 2022- 01-26.<\/p>\n\n\n\n<p><\/p>\n","protected":false},"excerpt":{"rendered":"<p>P\u00e5 g\u00e5ng i Ume\u00e5 FN-f\u00f6rening I Ume\u00e5 FN-f\u00f6rening \u00e4r det alltid n\u00e5got p\u00e5 g\u00e5ng &#8211; allt fr\u00e5n sp\u00e4nnande f\u00f6rel\u00e4sningar till&hellip;<\/p>\n","protected":false},"author":16,"featured_media":0,"parent":0,"menu_order":0,"comment_status":"closed","ping_status":"closed","template":"templates\/template-sub.php","meta":{"_acf_changed":false,"footnotes":"","_links_to":"","_links_to_target":""},"class_list":["post-14","page","type-page","status-publish","hentry"],"acf":[],"_links":{"self":[{"href":"https:\/\/fn.se\/umea\/wp-json\/wp\/v2\/pages\/14","targetHints":{"allow":["GET"]}}],"collection":[{"href":"https:\/\/fn.se\/umea\/wp-json\/wp\/v2\/pages"}],"about":[{"href":"https:\/\/fn.se\/umea\/wp-json\/wp\/v2\/types\/page"}],"author":[{"embeddable":true,"href":"https:\/\/fn.se\/umea\/wp-json\/wp\/v2\/users\/16"}],"replies":[{"embeddable":true,"href":"https:\/\/fn.se\/umea\/wp-json\/wp\/v2\/comments?post=14"}],"version-history":[{"count":145,"href":"https:\/\/fn.se\/umea\/wp-json\/wp\/v2\/pages\/14\/revisions"}],"predecessor-version":[{"id":850,"href":"https:\/\/fn.se\/umea\/wp-json\/wp\/v2\/pages\/14\/revisions\/850"}],"wp:attachment":[{"href":"https:\/\/fn.se\/umea\/wp-json\/wp\/v2\/media?parent=14"}],"curies":[{"name":"wp","href":"https:\/\/api.w.org\/{rel}","templated":true}]}}