{"id":120,"date":"2019-02-26T23:05:30","date_gmt":"2019-02-26T23:05:30","guid":{"rendered":"https:\/\/fn.se\/umea\/?page_id=120"},"modified":"2021-04-09T10:21:46","modified_gmt":"2021-04-09T10:21:46","slug":"internationella-kvinnodagen","status":"publish","type":"page","link":"https:\/\/fn.se\/umea\/tidigare-evenemang\/internationella-kvinnodagen\/","title":{"rendered":"Internationella kvinnodagen"},"content":{"rendered":"\n<h1 class=\"has-text-align-center wp-block-heading\"><strong>Internationella kvinnodagen<\/strong><\/h1>\n\n\n\n<p><em>I samband med internationella kvinnodagen (8 mars) uppm\u00e4rksammar f\u00f6reningen internationella kvinnodagen genom att ha evenemang f\u00f6r att uppm\u00e4rksamma, \u00f6ka medvetenheten och fr\u00e4mja diskussioner om kvinnors r\u00e4ttigheter.<\/em><br><br><\/p>\n\n\n\n<p><\/p>\n\n\n\n<h2 class=\"has-text-align-center wp-block-heading\" id=\"block-5dd94f9d-4d25-4b6e-ac17-09a71746582d\"><strong>Women&#8217;s rights week 2020<\/strong><\/h2>\n\n\n\n<p>F\u00f6reningen organiserade och projektledde en Women&#8217;s rights week i samarbete med Amnesty Ume\u00e5 Universitet, Utrikespolitiska f\u00f6reningen Ume\u00e5, Folkuniversitet Ume\u00e5 och Feministiska juriststudenter Ume\u00e5. Detta gjorde vi genom en Human rights pub, demonstration f\u00f6r kvinnors r\u00e4ttigheter, en f\u00f6rel\u00e4sning av Parul Sharma, ett panelsamtal om k\u00f6n inom olika kulturer och synvinklar samt en filmvisning av Desert flower med workshop.<\/p>\n\n\n\n<figure class=\"wp-block-image\"><img loading=\"lazy\" decoding=\"async\" width=\"1222\" height=\"803\" src=\"https:\/\/fn.se\/umea\/wp-content\/uploads\/sites\/95\/2020\/08\/89158086_502743203707558_1485733692830646272_o.jpg\" alt=\"\" class=\"wp-image-322\" srcset=\"https:\/\/fn.se\/umea\/wp-content\/uploads\/sites\/95\/2020\/08\/89158086_502743203707558_1485733692830646272_o.jpg 1222w, https:\/\/fn.se\/umea\/wp-content\/uploads\/sites\/95\/2020\/08\/89158086_502743203707558_1485733692830646272_o-300x197.jpg 300w, https:\/\/fn.se\/umea\/wp-content\/uploads\/sites\/95\/2020\/08\/89158086_502743203707558_1485733692830646272_o-1024x673.jpg 1024w, https:\/\/fn.se\/umea\/wp-content\/uploads\/sites\/95\/2020\/08\/89158086_502743203707558_1485733692830646272_o-768x505.jpg 768w, https:\/\/fn.se\/umea\/wp-content\/uploads\/sites\/95\/2020\/08\/89158086_502743203707558_1485733692830646272_o-650x427.jpg 650w\" sizes=\"auto, (max-width: 1222px) 100vw, 1222px\" \/><\/figure>\n\n\n\n<figure class=\"wp-block-image\"><img loading=\"lazy\" decoding=\"async\" width=\"789\" height=\"519\" src=\"https:\/\/fn.se\/umea\/wp-content\/uploads\/sites\/95\/2020\/08\/89288640_502743160374229_4699136380117188608_n.jpg\" alt=\"\" class=\"wp-image-323\" srcset=\"https:\/\/fn.se\/umea\/wp-content\/uploads\/sites\/95\/2020\/08\/89288640_502743160374229_4699136380117188608_n.jpg 789w, https:\/\/fn.se\/umea\/wp-content\/uploads\/sites\/95\/2020\/08\/89288640_502743160374229_4699136380117188608_n-300x197.jpg 300w, https:\/\/fn.se\/umea\/wp-content\/uploads\/sites\/95\/2020\/08\/89288640_502743160374229_4699136380117188608_n-768x505.jpg 768w, https:\/\/fn.se\/umea\/wp-content\/uploads\/sites\/95\/2020\/08\/89288640_502743160374229_4699136380117188608_n-650x428.jpg 650w\" sizes=\"auto, (max-width: 789px) 100vw, 789px\" \/><\/figure>\n\n\n<h1>\u00a0<\/h1>\n<h1>\u00a0<\/h1>\n<h1 style=\"text-align: center\">Kvinnoveckan 2019<\/h1>\n<div class=\"page\" title=\"Page 2\">\n<div class=\"section\">\n<div class=\"layoutArea\">\n<p><span style=\"font-size: inherit\">Kvinnoveckan 2019 gjorde vi genom tre lunchfo\u0308rela\u0308sningar, monterarbete, en filmvisning samt en workshop. Lunchfo\u0308rela\u0308sningarna fokuserade pa\u030a att uppma\u0308rksamma h\u00e5llbarhetsma\u030al 5 genom bland annat panelsamtal da\u0308r diskussioner om ma\u030al 5 lyftes fram. En filmvisning ho\u0308lls ga\u0308llande Projekt Flicka och da\u0308refter h\u00f6lls ett diskussionsforum om Projekt Flicka kopplat till filmen.<\/span><\/p>\n<p><img loading=\"lazy\" decoding=\"async\" class=\"alignnone size-full wp-image-316\" src=\"https:\/\/fn.se\/umea\/wp-content\/uploads\/sites\/95\/2020\/08\/53690288_1971224582974965_680899285901901824_n.jpg\" alt=\"\" width=\"960\" height=\"720\" srcset=\"https:\/\/fn.se\/umea\/wp-content\/uploads\/sites\/95\/2020\/08\/53690288_1971224582974965_680899285901901824_n.jpg 960w, https:\/\/fn.se\/umea\/wp-content\/uploads\/sites\/95\/2020\/08\/53690288_1971224582974965_680899285901901824_n-300x225.jpg 300w, https:\/\/fn.se\/umea\/wp-content\/uploads\/sites\/95\/2020\/08\/53690288_1971224582974965_680899285901901824_n-768x576.jpg 768w, https:\/\/fn.se\/umea\/wp-content\/uploads\/sites\/95\/2020\/08\/53690288_1971224582974965_680899285901901824_n-650x488.jpg 650w\" sizes=\"auto, (max-width: 960px) 100vw, 960px\" \/> <img loading=\"lazy\" decoding=\"async\" class=\"alignnone size-full wp-image-317\" src=\"https:\/\/fn.se\/umea\/wp-content\/uploads\/sites\/95\/2020\/08\/53478450_1971224599641630_4771778270095998976_n.jpg\" alt=\"\" width=\"960\" height=\"540\" srcset=\"https:\/\/fn.se\/umea\/wp-content\/uploads\/sites\/95\/2020\/08\/53478450_1971224599641630_4771778270095998976_n.jpg 960w, https:\/\/fn.se\/umea\/wp-content\/uploads\/sites\/95\/2020\/08\/53478450_1971224599641630_4771778270095998976_n-300x169.jpg 300w, https:\/\/fn.se\/umea\/wp-content\/uploads\/sites\/95\/2020\/08\/53478450_1971224599641630_4771778270095998976_n-768x432.jpg 768w, https:\/\/fn.se\/umea\/wp-content\/uploads\/sites\/95\/2020\/08\/53478450_1971224599641630_4771778270095998976_n-650x366.jpg 650w\" sizes=\"auto, (max-width: 960px) 100vw, 960px\" \/> <img loading=\"lazy\" decoding=\"async\" class=\"alignnone size-full wp-image-318\" src=\"https:\/\/fn.se\/umea\/wp-content\/uploads\/sites\/95\/2020\/08\/53541026_1967062933391130_1289922208205897728_o.jpg\" alt=\"\" width=\"1060\" height=\"937\" srcset=\"https:\/\/fn.se\/umea\/wp-content\/uploads\/sites\/95\/2020\/08\/53541026_1967062933391130_1289922208205897728_o.jpg 1060w, https:\/\/fn.se\/umea\/wp-content\/uploads\/sites\/95\/2020\/08\/53541026_1967062933391130_1289922208205897728_o-300x265.jpg 300w, https:\/\/fn.se\/umea\/wp-content\/uploads\/sites\/95\/2020\/08\/53541026_1967062933391130_1289922208205897728_o-1024x905.jpg 1024w, https:\/\/fn.se\/umea\/wp-content\/uploads\/sites\/95\/2020\/08\/53541026_1967062933391130_1289922208205897728_o-768x679.jpg 768w, https:\/\/fn.se\/umea\/wp-content\/uploads\/sites\/95\/2020\/08\/53541026_1967062933391130_1289922208205897728_o-650x575.jpg 650w\" sizes=\"auto, (max-width: 1060px) 100vw, 1060px\" \/> <img loading=\"lazy\" decoding=\"async\" class=\"alignnone size-full wp-image-319\" src=\"https:\/\/fn.se\/umea\/wp-content\/uploads\/sites\/95\/2020\/08\/53289828_1969547513142672_6866360269040254976_o.jpg\" alt=\"\" width=\"1080\" height=\"813\" srcset=\"https:\/\/fn.se\/umea\/wp-content\/uploads\/sites\/95\/2020\/08\/53289828_1969547513142672_6866360269040254976_o.jpg 1080w, https:\/\/fn.se\/umea\/wp-content\/uploads\/sites\/95\/2020\/08\/53289828_1969547513142672_6866360269040254976_o-300x226.jpg 300w, https:\/\/fn.se\/umea\/wp-content\/uploads\/sites\/95\/2020\/08\/53289828_1969547513142672_6866360269040254976_o-1024x771.jpg 1024w, https:\/\/fn.se\/umea\/wp-content\/uploads\/sites\/95\/2020\/08\/53289828_1969547513142672_6866360269040254976_o-768x578.jpg 768w, https:\/\/fn.se\/umea\/wp-content\/uploads\/sites\/95\/2020\/08\/53289828_1969547513142672_6866360269040254976_o-650x489.jpg 650w\" sizes=\"auto, (max-width: 1080px) 100vw, 1080px\" \/><\/p>\n<\/div>\n<\/div>\n<\/div>\n\n\n<p id=\"block-6a880208-ab5d-495e-81d5-2555de6da7d6\">Denna sida uppdaterades 2020-12-08.<\/p>\n","protected":false},"excerpt":{"rendered":"<p>Internationella kvinnodagen I samband med internationella kvinnodagen (8 mars) uppm\u00e4rksammar f\u00f6reningen internationella kvinnodagen genom att ha evenemang f\u00f6r att uppm\u00e4rksamma,&hellip;<\/p>\n","protected":false},"author":99,"featured_media":0,"parent":140,"menu_order":0,"comment_status":"closed","ping_status":"closed","template":"templates\/template-sub.php","meta":{"_acf_changed":false,"footnotes":"","_links_to":"","_links_to_target":""},"class_list":["post-120","page","type-page","status-publish","hentry"],"acf":[],"_links":{"self":[{"href":"https:\/\/fn.se\/umea\/wp-json\/wp\/v2\/pages\/120","targetHints":{"allow":["GET"]}}],"collection":[{"href":"https:\/\/fn.se\/umea\/wp-json\/wp\/v2\/pages"}],"about":[{"href":"https:\/\/fn.se\/umea\/wp-json\/wp\/v2\/types\/page"}],"author":[{"embeddable":true,"href":"https:\/\/fn.se\/umea\/wp-json\/wp\/v2\/users\/99"}],"replies":[{"embeddable":true,"href":"https:\/\/fn.se\/umea\/wp-json\/wp\/v2\/comments?post=120"}],"version-history":[{"count":27,"href":"https:\/\/fn.se\/umea\/wp-json\/wp\/v2\/pages\/120\/revisions"}],"predecessor-version":[{"id":512,"href":"https:\/\/fn.se\/umea\/wp-json\/wp\/v2\/pages\/120\/revisions\/512"}],"up":[{"embeddable":true,"href":"https:\/\/fn.se\/umea\/wp-json\/wp\/v2\/pages\/140"}],"wp:attachment":[{"href":"https:\/\/fn.se\/umea\/wp-json\/wp\/v2\/media?parent=120"}],"curies":[{"name":"wp","href":"https:\/\/api.w.org\/{rel}","templated":true}]}}