{"id":105,"date":"2019-02-26T21:57:49","date_gmt":"2019-02-26T21:57:49","guid":{"rendered":"https:\/\/fn.se\/umea\/?page_id=105"},"modified":"2021-04-09T10:19:47","modified_gmt":"2021-04-09T10:19:47","slug":"humans-rights-week-2019","status":"publish","type":"page","link":"https:\/\/fn.se\/umea\/humans-rights-week-2019\/","title":{"rendered":"Humans rights week 2019"},"content":{"rendered":"<h1>Human rights week 2019<\/h1>\n<p>I samarbete med&nbsp;Amnesty Ume\u00e5 University arrangerades en f\u00f6rel\u00e4sning i samband med den samiska nationaldagen. Lena Maria, bitr\u00e4dande f\u00f6rest\u00e5ndare f\u00f6r Vaartoe, f\u00f6rel\u00e4ste om den samiska forskningen p\u00e5 Ume\u00e5 universitet. Det blev en v\u00e4ldigt givande och lyckad f\u00f6rel\u00e4sning.<\/p>\n<p><img loading=\"lazy\" decoding=\"async\" class=\"alignnone size-full wp-image-331\" src=\"https:\/\/fn.se\/umea\/wp-content\/uploads\/sites\/95\/2020\/08\/84657538_2588212664609484_3678703041655078912_o.jpg\" alt=\"\" width=\"1440\" height=\"1520\" srcset=\"https:\/\/fn.se\/umea\/wp-content\/uploads\/sites\/95\/2020\/08\/84657538_2588212664609484_3678703041655078912_o.jpg 1440w, https:\/\/fn.se\/umea\/wp-content\/uploads\/sites\/95\/2020\/08\/84657538_2588212664609484_3678703041655078912_o-284x300.jpg 284w, https:\/\/fn.se\/umea\/wp-content\/uploads\/sites\/95\/2020\/08\/84657538_2588212664609484_3678703041655078912_o-970x1024.jpg 970w, https:\/\/fn.se\/umea\/wp-content\/uploads\/sites\/95\/2020\/08\/84657538_2588212664609484_3678703041655078912_o-768x811.jpg 768w, https:\/\/fn.se\/umea\/wp-content\/uploads\/sites\/95\/2020\/08\/84657538_2588212664609484_3678703041655078912_o-650x686.jpg 650w, https:\/\/fn.se\/umea\/wp-content\/uploads\/sites\/95\/2020\/08\/84657538_2588212664609484_3678703041655078912_o-1024x1081.jpg 1024w\" sizes=\"auto, (max-width: 1440px) 100vw, 1440px\" \/><\/p>\n<p><\/p>\n\n\n<div class=\"wp-block-image\"><figure class=\"aligncenter size-large\"><img loading=\"lazy\" decoding=\"async\" width=\"720\" height=\"960\" src=\"https:\/\/fn.se\/umea\/wp-content\/uploads\/sites\/95\/2020\/08\/78624612_2455166787914073_2282279598857125888_n-2.jpg\" alt=\"\" class=\"wp-image-344\" srcset=\"https:\/\/fn.se\/umea\/wp-content\/uploads\/sites\/95\/2020\/08\/78624612_2455166787914073_2282279598857125888_n-2.jpg 720w, https:\/\/fn.se\/umea\/wp-content\/uploads\/sites\/95\/2020\/08\/78624612_2455166787914073_2282279598857125888_n-2-225x300.jpg 225w, https:\/\/fn.se\/umea\/wp-content\/uploads\/sites\/95\/2020\/08\/78624612_2455166787914073_2282279598857125888_n-2-650x867.jpg 650w\" sizes=\"auto, (max-width: 720px) 100vw, 720px\" \/><\/figure><\/div>\n\n\n\n<p class=\"has-text-align-left\">Denna sida uppdaterades 2020-12-08.<\/p>\n","protected":false},"excerpt":{"rendered":"<p>Human rights week 2019 I samarbete med&nbsp;Amnesty Ume\u00e5 University arrangerades en f\u00f6rel\u00e4sning i samband med den samiska nationaldagen. Lena Maria,&hellip;<\/p>\n","protected":false},"author":99,"featured_media":0,"parent":0,"menu_order":0,"comment_status":"closed","ping_status":"closed","template":"templates\/template-sub.php","meta":{"_acf_changed":false,"footnotes":"","_links_to":"","_links_to_target":""},"class_list":["post-105","page","type-page","status-publish","hentry"],"acf":[],"_links":{"self":[{"href":"https:\/\/fn.se\/umea\/wp-json\/wp\/v2\/pages\/105","targetHints":{"allow":["GET"]}}],"collection":[{"href":"https:\/\/fn.se\/umea\/wp-json\/wp\/v2\/pages"}],"about":[{"href":"https:\/\/fn.se\/umea\/wp-json\/wp\/v2\/types\/page"}],"author":[{"embeddable":true,"href":"https:\/\/fn.se\/umea\/wp-json\/wp\/v2\/users\/99"}],"replies":[{"embeddable":true,"href":"https:\/\/fn.se\/umea\/wp-json\/wp\/v2\/comments?post=105"}],"version-history":[{"count":7,"href":"https:\/\/fn.se\/umea\/wp-json\/wp\/v2\/pages\/105\/revisions"}],"predecessor-version":[{"id":511,"href":"https:\/\/fn.se\/umea\/wp-json\/wp\/v2\/pages\/105\/revisions\/511"}],"wp:attachment":[{"href":"https:\/\/fn.se\/umea\/wp-json\/wp\/v2\/media?parent=105"}],"curies":[{"name":"wp","href":"https:\/\/api.w.org\/{rel}","templated":true}]}}