{"id":2,"date":"2016-08-11T10:34:07","date_gmt":"2016-08-11T10:34:07","guid":{"rendered":"http:\/\/fn.se\/uddevalla-fn-forening\/?page_id=2"},"modified":"2021-02-16T23:10:57","modified_gmt":"2021-02-16T23:10:57","slug":"sample-page","status":"publish","type":"page","link":"https:\/\/fn.se\/uddevalla\/","title":{"rendered":"V\u00e4lkommen till Uddevalla FN-f\u00f6rening!"},"content":{"rendered":"\n<h1 class=\"wp-block-heading\" style=\"font-size:35px\">V\u00e4lkommen till Uddevalla FN-f\u00f6rening!<\/h1>\n\n\n\n<figure class=\"wp-block-gallery alignright columns-1 is-cropped wp-block-gallery-1 is-layout-flex wp-block-gallery-is-layout-flex\"><ul class=\"blocks-gallery-grid\"><li class=\"blocks-gallery-item\"><figure><img loading=\"lazy\" decoding=\"async\" width=\"896\" height=\"600\" src=\"https:\/\/fn.se\/uddevalla\/wp-content\/uploads\/sites\/49\/2021\/02\/121699097_2733526873557658_4970152922342840472_o-2.jpg\" alt=\"\" data-id=\"54\" data-full-url=\"https:\/\/fn.se\/uddevalla\/wp-content\/uploads\/sites\/49\/2021\/02\/121699097_2733526873557658_4970152922342840472_o-2.jpg\" data-link=\"https:\/\/fn.se\/uddevalla\/sample-page\/121699097_2733526873557658_4970152922342840472_o-2\/\" class=\"wp-image-54\" srcset=\"https:\/\/fn.se\/uddevalla\/wp-content\/uploads\/sites\/49\/2021\/02\/121699097_2733526873557658_4970152922342840472_o-2.jpg 896w, https:\/\/fn.se\/uddevalla\/wp-content\/uploads\/sites\/49\/2021\/02\/121699097_2733526873557658_4970152922342840472_o-2-300x201.jpg 300w, https:\/\/fn.se\/uddevalla\/wp-content\/uploads\/sites\/49\/2021\/02\/121699097_2733526873557658_4970152922342840472_o-2-768x514.jpg 768w, https:\/\/fn.se\/uddevalla\/wp-content\/uploads\/sites\/49\/2021\/02\/121699097_2733526873557658_4970152922342840472_o-2-650x435.jpg 650w\" sizes=\"auto, (max-width: 896px) 100vw, 896px\" \/><\/figure><\/li><\/ul><\/figure>\n\n\n\n<p class=\"intro\" style=\"font-size:18px\"><span style=\"color: #333333\">Uddevalla FN-f\u00f6rening \u00e4r en del av den svenska FN-r\u00f6relsen och knuten till Svenska FN-f\u00f6rbundet. F\u00f6reningen \u00e4r partipolitiskt och religi\u00f6st obunden. All verksamhet bygger p\u00e5 lokala och n\u00e4ra krafter, vi t\u00e4nker globalt men handlar n\u00e4ra och lokalt. I v\u00e5r r\u00f6relse levandeg\u00f6rs visioner. Id\u00e9er formas om hur internationellt samarbete kan fr\u00e4mjas. Det \u00e4r berikande p\u00e5 m\u00e5nga s\u00e4tt.<\/span><\/p>\n\n\n\n<p style=\"font-size:18px\"><span style=\"color: #333333\">H\u00e4r f\u00e5r du m\u00f6jlighet att m\u00f6ta nya m\u00e4nniskor, l\u00e4ra dig mer om FN och internationella fr\u00e5gor, arbeta med insamlingsprojekt, p\u00e5verka och framf\u00f6r allt bidra till det viktiga arbetet f\u00f6r en b\u00e4ttre v\u00e4rld.<\/span><\/p>\n\n\n\n<p style=\"font-size:22px\"><span style=\"color: #333333\"><strong>Vi beh\u00f6ver FN! FN beh\u00f6ver dig!<\/strong><\/span><\/p>\n\n\n\n<p style=\"font-size:18px\"><span style=\"color: #0000ff\"><a style=\"color: #0000ff\" href=\"https:\/\/betalning.fn.se\/pfs\/memberregistration\/\">V\u00e4kommen som medlem i v\u00e5r f\u00f6rening!<\/a><\/span><\/p>\n\n\n\n<p style=\"font-size:18px\"><strong>KONTAKT<\/strong><\/p>\n\n\n\n<p style=\"font-size:18px\"><strong>Karl-G\u00f6ran Sundvall  <\/strong><\/p>\n\n\n\n<p style=\"font-size:18px\"><strong>Ordf\u00f6rande  <\/strong><\/p>\n\n\n\n<p style=\"font-size:18px\"><strong>Mobil: 070-960 29 3-6  <\/strong><\/p>\n\n\n\n<p style=\"font-size:18px\"><strong>E-post: Uddevallafn@gmail.com<\/strong><\/p>\n\n\n\n<div class=\"wp-block-image is-style-rounded\"><figure class=\"alignleft size-large is-resized\"><a href=\"https:\/\/www.facebook.com\/uddevalla.fn\/\"><img loading=\"lazy\" decoding=\"async\" src=\"https:\/\/fn.se\/uddevalla\/wp-content\/uploads\/sites\/49\/2021\/02\/png-clipart-facebook-logo-computer-icons-facebook-logo-facebook-2.png\" alt=\"\" class=\"wp-image-70\" width=\"125\" height=\"125\" srcset=\"https:\/\/fn.se\/uddevalla\/wp-content\/uploads\/sites\/49\/2021\/02\/png-clipart-facebook-logo-computer-icons-facebook-logo-facebook-2.png 900w, https:\/\/fn.se\/uddevalla\/wp-content\/uploads\/sites\/49\/2021\/02\/png-clipart-facebook-logo-computer-icons-facebook-logo-facebook-2-300x300.png 300w, https:\/\/fn.se\/uddevalla\/wp-content\/uploads\/sites\/49\/2021\/02\/png-clipart-facebook-logo-computer-icons-facebook-logo-facebook-2-150x150.png 150w, https:\/\/fn.se\/uddevalla\/wp-content\/uploads\/sites\/49\/2021\/02\/png-clipart-facebook-logo-computer-icons-facebook-logo-facebook-2-768x768.png 768w, https:\/\/fn.se\/uddevalla\/wp-content\/uploads\/sites\/49\/2021\/02\/png-clipart-facebook-logo-computer-icons-facebook-logo-facebook-2-650x650.png 650w\" sizes=\"auto, (max-width: 125px) 100vw, 125px\" \/><\/a><\/figure><\/div>\n\n\n\n<div class=\"wp-block-image is-style-rounded\"><figure class=\"alignleft size-large is-resized\"><a href=\"https:\/\/www.instagram.com\/fnuddevalla\/\"><img loading=\"lazy\" decoding=\"async\" src=\"https:\/\/fn.se\/uddevalla\/wp-content\/uploads\/sites\/49\/2021\/02\/72a3d9408d41335f39e9f014dc35cf44.jpg\" alt=\"\" class=\"wp-image-55\" width=\"143\" height=\"104\" srcset=\"https:\/\/fn.se\/uddevalla\/wp-content\/uploads\/sites\/49\/2021\/02\/72a3d9408d41335f39e9f014dc35cf44.jpg 900w, https:\/\/fn.se\/uddevalla\/wp-content\/uploads\/sites\/49\/2021\/02\/72a3d9408d41335f39e9f014dc35cf44-300x220.jpg 300w, https:\/\/fn.se\/uddevalla\/wp-content\/uploads\/sites\/49\/2021\/02\/72a3d9408d41335f39e9f014dc35cf44-768x563.jpg 768w, https:\/\/fn.se\/uddevalla\/wp-content\/uploads\/sites\/49\/2021\/02\/72a3d9408d41335f39e9f014dc35cf44-650x477.jpg 650w\" sizes=\"auto, (max-width: 143px) 100vw, 143px\" \/><\/a><\/figure><\/div>\n","protected":false},"excerpt":{"rendered":"<p>V\u00e4lkommen till Uddevalla FN-f\u00f6rening! Uddevalla FN-f\u00f6rening \u00e4r en del av den svenska FN-r\u00f6relsen och knuten till Svenska FN-f\u00f6rbundet. F\u00f6reningen \u00e4r&hellip;<\/p>\n","protected":false},"author":16,"featured_media":49,"parent":0,"menu_order":0,"comment_status":"closed","ping_status":"open","template":"templates\/template-sub.php","meta":{"_acf_changed":false,"footnotes":"","_links_to":"","_links_to_target":""},"class_list":["post-2","page","type-page","status-publish","has-post-thumbnail","hentry"],"acf":[],"_links":{"self":[{"href":"https:\/\/fn.se\/uddevalla\/wp-json\/wp\/v2\/pages\/2","targetHints":{"allow":["GET"]}}],"collection":[{"href":"https:\/\/fn.se\/uddevalla\/wp-json\/wp\/v2\/pages"}],"about":[{"href":"https:\/\/fn.se\/uddevalla\/wp-json\/wp\/v2\/types\/page"}],"author":[{"embeddable":true,"href":"https:\/\/fn.se\/uddevalla\/wp-json\/wp\/v2\/users\/16"}],"replies":[{"embeddable":true,"href":"https:\/\/fn.se\/uddevalla\/wp-json\/wp\/v2\/comments?post=2"}],"version-history":[{"count":22,"href":"https:\/\/fn.se\/uddevalla\/wp-json\/wp\/v2\/pages\/2\/revisions"}],"predecessor-version":[{"id":80,"href":"https:\/\/fn.se\/uddevalla\/wp-json\/wp\/v2\/pages\/2\/revisions\/80"}],"wp:featuredmedia":[{"embeddable":true,"href":"https:\/\/fn.se\/uddevalla\/wp-json\/wp\/v2\/media\/49"}],"wp:attachment":[{"href":"https:\/\/fn.se\/uddevalla\/wp-json\/wp\/v2\/media?parent=2"}],"curies":[{"name":"wp","href":"https:\/\/api.w.org\/{rel}","templated":true}]}}