{"id":12,"date":"2016-09-23T15:38:31","date_gmt":"2016-09-23T15:38:31","guid":{"rendered":"http:\/\/fn.se\/trollhattan\/?page_id=12"},"modified":"2025-06-26T12:28:25","modified_gmt":"2025-06-26T12:28:25","slug":"kontakt","status":"publish","type":"page","link":"https:\/\/fn.se\/trollhattan\/","title":{"rendered":"Kontakt"},"content":{"rendered":"<h2>Kontakt<\/h2>\n<p>Trollh\u00e4ttans FN-f\u00f6rening har tyv\u00e4rr upph\u00f6rt 2025. Vi f\u00e5r h\u00e4nvisa till n\u00e4raliggande orter som Uddevalla och G\u00f6teborg.<\/p>\n","protected":false},"excerpt":{"rendered":"<p>Kontakt Trollh\u00e4ttans FN-f\u00f6rening har tyv\u00e4rr upph\u00f6rt 2025. Vi f\u00e5r h\u00e4nvisa till n\u00e4raliggande orter som Uddevalla och G\u00f6teborg.<\/p>\n","protected":false},"author":17,"featured_media":0,"parent":0,"menu_order":0,"comment_status":"closed","ping_status":"closed","template":"templates\/template-sub.php","meta":{"_acf_changed":false,"footnotes":"","_links_to":"","_links_to_target":""},"class_list":["post-12","page","type-page","status-publish","hentry"],"acf":[],"_links":{"self":[{"href":"https:\/\/fn.se\/trollhattan\/wp-json\/wp\/v2\/pages\/12","targetHints":{"allow":["GET"]}}],"collection":[{"href":"https:\/\/fn.se\/trollhattan\/wp-json\/wp\/v2\/pages"}],"about":[{"href":"https:\/\/fn.se\/trollhattan\/wp-json\/wp\/v2\/types\/page"}],"author":[{"embeddable":true,"href":"https:\/\/fn.se\/trollhattan\/wp-json\/wp\/v2\/users\/17"}],"replies":[{"embeddable":true,"href":"https:\/\/fn.se\/trollhattan\/wp-json\/wp\/v2\/comments?post=12"}],"version-history":[{"count":2,"href":"https:\/\/fn.se\/trollhattan\/wp-json\/wp\/v2\/pages\/12\/revisions"}],"predecessor-version":[{"id":24,"href":"https:\/\/fn.se\/trollhattan\/wp-json\/wp\/v2\/pages\/12\/revisions\/24"}],"wp:attachment":[{"href":"https:\/\/fn.se\/trollhattan\/wp-json\/wp\/v2\/media?parent=12"}],"curies":[{"name":"wp","href":"https:\/\/api.w.org\/{rel}","templated":true}]}}