{"id":72,"date":"2020-04-27T10:10:33","date_gmt":"2020-04-27T10:10:33","guid":{"rendered":"https:\/\/fn.se\/torsby\/?page_id=72"},"modified":"2022-03-24T10:34:59","modified_gmt":"2022-03-24T10:34:59","slug":"verksamhetsberattelser","status":"publish","type":"page","link":"https:\/\/fn.se\/torsby\/verksamhet\/verksamhetsberattelser\/","title":{"rendered":"Verksamhetsber\u00e4ttelser"},"content":{"rendered":"\n<p><strong>VERKSAMHETSBER\u00c4TTELSER<\/strong><\/p>\n\n\n\n<p>H\u00e4r hittar du v\u00e5ra verksamhetsber\u00e4ttelser.<\/p>\n\n\n\n<p><a href=\"https:\/\/fn.se\/torsby\/wp-content\/uploads\/sites\/94\/2022\/03\/Verksamhetsberattelse-torsby-2021.pdf\" target=\"_blank\" rel=\"noreferrer noopener\">Verksamhetsber\u00e4ttelse 2021<\/a><\/p>\n\n\n\n<p><a href=\"https:\/\/fn.se\/torsby\/wp-content\/uploads\/sites\/94\/2021\/05\/Verksamhetsberattelse-2020.pdf\" target=\"_blank\" rel=\"noreferrer noopener\">Verksamhetsber\u00e4ttelse 2020<\/a><\/p>\n\n\n\n<p><a href=\"https:\/\/fn.se\/torsby\/wp-content\/uploads\/sites\/94\/2020\/04\/Verks.ber\u00e4ttelse_Tby-FN-_f_2019.pdf\">Verksamhetsber\u00e4ttelse 2019<\/a><\/p>\n\n\n\n<p><a href=\"https:\/\/fn.se\/torsby\/wp-content\/uploads\/sites\/94\/2020\/04\/Verks.ber_Tby-FN-f_2018.pdf\">Verksamhetsber\u00e4ttelse 2018<\/a><\/p>\n\n\n\n<p><a href=\"https:\/\/fn.se\/torsby\/wp-content\/uploads\/sites\/94\/2020\/04\/Verks.ber\u00e4ttelse_Tby-FN-f_2017.pdf\">Verksamhetsber\u00e4ttelse 2017<\/a><\/p>\n\n\n\n<p><a href=\"https:\/\/fn.se\/torsby\/wp-content\/uploads\/sites\/94\/2020\/04\/Verks.ber\u00e4ttelse-Tby-FN-f_2016.pdf\">Verksamhetsber\u00e4ttelse 2016<\/a><\/p>\n","protected":false},"excerpt":{"rendered":"<p>VERKSAMHETSBER\u00c4TTELSER H\u00e4r hittar du v\u00e5ra verksamhetsber\u00e4ttelser. Verksamhetsber\u00e4ttelse 2021 Verksamhetsber\u00e4ttelse 2020 Verksamhetsber\u00e4ttelse 2019 Verksamhetsber\u00e4ttelse 2018 Verksamhetsber\u00e4ttelse 2017 Verksamhetsber\u00e4ttelse 2016<\/p>\n","protected":false},"author":96,"featured_media":0,"parent":17,"menu_order":0,"comment_status":"closed","ping_status":"closed","template":"templates\/template-sub.php","meta":{"_acf_changed":false,"footnotes":"","_links_to":"","_links_to_target":""},"class_list":["post-72","page","type-page","status-publish","hentry"],"acf":[],"_links":{"self":[{"href":"https:\/\/fn.se\/torsby\/wp-json\/wp\/v2\/pages\/72","targetHints":{"allow":["GET"]}}],"collection":[{"href":"https:\/\/fn.se\/torsby\/wp-json\/wp\/v2\/pages"}],"about":[{"href":"https:\/\/fn.se\/torsby\/wp-json\/wp\/v2\/types\/page"}],"author":[{"embeddable":true,"href":"https:\/\/fn.se\/torsby\/wp-json\/wp\/v2\/users\/96"}],"replies":[{"embeddable":true,"href":"https:\/\/fn.se\/torsby\/wp-json\/wp\/v2\/comments?post=72"}],"version-history":[{"count":4,"href":"https:\/\/fn.se\/torsby\/wp-json\/wp\/v2\/pages\/72\/revisions"}],"predecessor-version":[{"id":90,"href":"https:\/\/fn.se\/torsby\/wp-json\/wp\/v2\/pages\/72\/revisions\/90"}],"up":[{"embeddable":true,"href":"https:\/\/fn.se\/torsby\/wp-json\/wp\/v2\/pages\/17"}],"wp:attachment":[{"href":"https:\/\/fn.se\/torsby\/wp-json\/wp\/v2\/media?parent=72"}],"curies":[{"name":"wp","href":"https:\/\/api.w.org\/{rel}","templated":true}]}}