{"id":37,"date":"2016-09-26T08:53:05","date_gmt":"2016-09-26T08:53:05","guid":{"rendered":"http:\/\/fn.se\/torsby\/?page_id=37"},"modified":"2022-04-28T09:29:01","modified_gmt":"2022-04-28T09:29:01","slug":"styrelse","status":"publish","type":"page","link":"https:\/\/fn.se\/torsby\/styrelse\/","title":{"rendered":"Styrelse"},"content":{"rendered":"<h2>Styrelsen<\/h2>\n<p class=\"intro\">H\u00e4r hittar du kontaktuppgifter till v\u00e5r styrelse.<\/p>\n<p><strong>Ordf\u00f6rande<br \/>\n<\/strong>Ann-Mari Lannge<br \/>\nTelefon: 070-666 29 84<br \/>\nE-post: annmari.lannge@gmail.com<br \/>\nAdress: Utterbyn 56, 685 92 Torsby<\/p>\n<p><strong>Kass\u00f6r<br \/>\n<\/strong>Per T\u00e4ppers<br \/>\nTelefon:\u00a0070-521 05 50<br \/>\nE-post: pertappers@gmail.com<\/p>\n<p><strong>Sekreterare<br \/>\n<\/strong>Gertrud Ryd\u00e9n<br \/>\nTelefon: 070-511 84 73<br \/>\nE-post: ryden.gertrud@gmail.com<\/p>\n<p><strong>Ledam\u00f6ter<br \/>\n<\/strong>Birgitta Hamberg-Sem<br \/>\nTelefon: 079-313 26 04<br \/>\nE-post: birgitta.hamberg-sem@telia.com<\/p>\n<p>Ing-Marie Junler<br \/>\nTelefon:\u00a0070-364 04 26<br \/>\nE-post: imj@vildmark.se<\/p>\n<p><strong>Suppleant<br \/>\n<\/strong>Eva Lindahl<br \/>\nTelefon: 0705-34 12 72<br \/>\nE-post: eva_lindahl@live.se<\/p>\n<p>Ann Svenson<br \/>\nTelefon: 0705-51 28 89<br \/>\nE-post: annmariasvenson@gmail.com<\/p>\n<p><strong>Revisorer<br \/>\n<\/strong>Magnus Larsson<br \/>\nTelefon:\u00a0070-662 46 63<br \/>\nE-post: mitril@telia.com<\/p>\n<p>Johan Persson<br \/>\nTelefon: 070-249 22 89<br \/>\nE-post: johan@tepro.nu<\/p>\n","protected":false},"excerpt":{"rendered":"<p>Styrelsen H\u00e4r hittar du kontaktuppgifter till v\u00e5r styrelse. Ordf\u00f6rande Ann-Mari Lannge Telefon: 070-666 29 84 E-post: annmari.lannge@gmail.com Adress: Utterbyn 56,&hellip;<\/p>\n","protected":false},"author":16,"featured_media":0,"parent":0,"menu_order":0,"comment_status":"closed","ping_status":"closed","template":"templates\/template-sub.php","meta":{"_acf_changed":false,"footnotes":"","_links_to":"","_links_to_target":""},"class_list":["post-37","page","type-page","status-publish","hentry"],"acf":[],"_links":{"self":[{"href":"https:\/\/fn.se\/torsby\/wp-json\/wp\/v2\/pages\/37","targetHints":{"allow":["GET"]}}],"collection":[{"href":"https:\/\/fn.se\/torsby\/wp-json\/wp\/v2\/pages"}],"about":[{"href":"https:\/\/fn.se\/torsby\/wp-json\/wp\/v2\/types\/page"}],"author":[{"embeddable":true,"href":"https:\/\/fn.se\/torsby\/wp-json\/wp\/v2\/users\/16"}],"replies":[{"embeddable":true,"href":"https:\/\/fn.se\/torsby\/wp-json\/wp\/v2\/comments?post=37"}],"version-history":[{"count":7,"href":"https:\/\/fn.se\/torsby\/wp-json\/wp\/v2\/pages\/37\/revisions"}],"predecessor-version":[{"id":92,"href":"https:\/\/fn.se\/torsby\/wp-json\/wp\/v2\/pages\/37\/revisions\/92"}],"wp:attachment":[{"href":"https:\/\/fn.se\/torsby\/wp-json\/wp\/v2\/media?parent=37"}],"curies":[{"name":"wp","href":"https:\/\/api.w.org\/{rel}","templated":true}]}}