{"id":17,"date":"2016-09-26T08:57:25","date_gmt":"2016-09-26T08:57:25","guid":{"rendered":"http:\/\/fn.se\/torsby\/?page_id=17"},"modified":"2020-04-27T10:16:07","modified_gmt":"2020-04-27T10:16:07","slug":"verksamhet","status":"publish","type":"page","link":"https:\/\/fn.se\/torsby\/verksamhet\/","title":{"rendered":"Verksamhet"},"content":{"rendered":"<h2>Verksamhet<\/h2>\n<p class=\"intro\">H\u00e4r kan du l\u00e4sa om vad vi arbetar med i f\u00f6reningen.<\/p>\n<p>Via l\u00e4nkarna till v\u00e4nster hittar du information om v\u00e5r styrelse. Tveka inte att kontakta oss om du har fr\u00e5gor. Du kan l\u00e4sa v\u00e5ra verksamhetsber\u00e4ttelser via l\u00e4nken nedan. Vi har ocks\u00e5 en Facebookgrupp du kan g\u00e5 med i: <a href=\"http:\/\/www.facebook.com\/groups\/436651399746411\/\">Torsby FN-f\u00f6rening<\/a>.<\/p>\n<p><a href=\"https:\/\/fn.se\/torsby\/verksamhet\/verksamhetsberattelser\/\">H\u00e4r hittar du v\u00e5ra verksamhetsber\u00e4ttelser.<\/a><\/p>\n","protected":false},"excerpt":{"rendered":"<p>Verksamhet H\u00e4r kan du l\u00e4sa om vad vi arbetar med i f\u00f6reningen. Via l\u00e4nkarna till v\u00e4nster hittar du information om&hellip;<\/p>\n","protected":false},"author":17,"featured_media":0,"parent":0,"menu_order":0,"comment_status":"closed","ping_status":"closed","template":"templates\/template-sub.php","meta":{"_acf_changed":false,"footnotes":"","_links_to":"","_links_to_target":""},"class_list":["post-17","page","type-page","status-publish","hentry"],"acf":[],"_links":{"self":[{"href":"https:\/\/fn.se\/torsby\/wp-json\/wp\/v2\/pages\/17","targetHints":{"allow":["GET"]}}],"collection":[{"href":"https:\/\/fn.se\/torsby\/wp-json\/wp\/v2\/pages"}],"about":[{"href":"https:\/\/fn.se\/torsby\/wp-json\/wp\/v2\/types\/page"}],"author":[{"embeddable":true,"href":"https:\/\/fn.se\/torsby\/wp-json\/wp\/v2\/users\/17"}],"replies":[{"embeddable":true,"href":"https:\/\/fn.se\/torsby\/wp-json\/wp\/v2\/comments?post=17"}],"version-history":[{"count":4,"href":"https:\/\/fn.se\/torsby\/wp-json\/wp\/v2\/pages\/17\/revisions"}],"predecessor-version":[{"id":76,"href":"https:\/\/fn.se\/torsby\/wp-json\/wp\/v2\/pages\/17\/revisions\/76"}],"wp:attachment":[{"href":"https:\/\/fn.se\/torsby\/wp-json\/wp\/v2\/media?parent=17"}],"curies":[{"name":"wp","href":"https:\/\/api.w.org\/{rel}","templated":true}]}}