{"id":12,"date":"2016-09-26T08:10:53","date_gmt":"2016-09-26T08:10:53","guid":{"rendered":"http:\/\/fn.se\/torsby\/?page_id=12"},"modified":"2020-04-20T15:13:39","modified_gmt":"2020-04-20T15:13:39","slug":"kontakt","status":"publish","type":"page","link":"https:\/\/fn.se\/torsby\/kontakt\/","title":{"rendered":"Kontakt"},"content":{"rendered":"<h2>Kontakt<\/h2>\n<p>Tveka inte att kontakta v\u00e5r ordf\u00f6rande Ann-Mari Lannge om du har fr\u00e5gor om v\u00e5r f\u00f6rening. Kontaktuppgifter till \u00f6vriga i styrelsen hittar du h\u00e4r: <a href=\"https:\/\/fn.se\/torsby\/styrelse\/\">Styrelsen<\/a>.<\/p>\n<h4>Ann-Mari Lannge<\/h4>\n<p>Ordf\u00f6rande<\/p>\n<p>Telefon: 070-666 29 84<\/p>\n<p>Mail: <a href=\"mailto:annmari.lannge@gmail.com\">annmari.lannge@gmail.com<\/a><\/p>\n","protected":false},"excerpt":{"rendered":"<p>Kontakt Tveka inte att kontakta v\u00e5r ordf\u00f6rande Ann-Mari Lannge om du har fr\u00e5gor om v\u00e5r f\u00f6rening. Kontaktuppgifter till \u00f6vriga i&hellip;<\/p>\n","protected":false},"author":17,"featured_media":0,"parent":0,"menu_order":0,"comment_status":"closed","ping_status":"closed","template":"templates\/template-sub.php","meta":{"_acf_changed":false,"footnotes":"","_links_to":"","_links_to_target":""},"class_list":["post-12","page","type-page","status-publish","hentry"],"acf":[],"_links":{"self":[{"href":"https:\/\/fn.se\/torsby\/wp-json\/wp\/v2\/pages\/12","targetHints":{"allow":["GET"]}}],"collection":[{"href":"https:\/\/fn.se\/torsby\/wp-json\/wp\/v2\/pages"}],"about":[{"href":"https:\/\/fn.se\/torsby\/wp-json\/wp\/v2\/types\/page"}],"author":[{"embeddable":true,"href":"https:\/\/fn.se\/torsby\/wp-json\/wp\/v2\/users\/17"}],"replies":[{"embeddable":true,"href":"https:\/\/fn.se\/torsby\/wp-json\/wp\/v2\/comments?post=12"}],"version-history":[{"count":5,"href":"https:\/\/fn.se\/torsby\/wp-json\/wp\/v2\/pages\/12\/revisions"}],"predecessor-version":[{"id":63,"href":"https:\/\/fn.se\/torsby\/wp-json\/wp\/v2\/pages\/12\/revisions\/63"}],"wp:attachment":[{"href":"https:\/\/fn.se\/torsby\/wp-json\/wp\/v2\/media?parent=12"}],"curies":[{"name":"wp","href":"https:\/\/api.w.org\/{rel}","templated":true}]}}