{"id":2,"date":"2016-08-11T11:06:52","date_gmt":"2016-08-11T11:06:52","guid":{"rendered":"http:\/\/fn.se\/tierps-fn-forening\/?page_id=2"},"modified":"2020-03-02T12:39:10","modified_gmt":"2020-03-02T12:39:10","slug":"sample-page","status":"publish","type":"page","link":"https:\/\/fn.se\/tierp\/","title":{"rendered":"Hem"},"content":{"rendered":"<h1>V\u00e4lkommen till\u00a0Tierps FN-f\u00f6rening!<\/h1>\n<p class=\"intro\">Tierps FN-f\u00f6rening \u00e4r en del av den svenska FN-r\u00f6relsen och knuten till Svenska FN-f\u00f6rbundet. F\u00f6reningen \u00e4r partipolitiskt och religi\u00f6st obunden. All verksamhet bygger p\u00e5 lokala och n\u00e4ra krafter, vi <img loading=\"lazy\" decoding=\"async\" class=\"alignright size-medium wp-image-9\" src=\"https:\/\/fn.se\/tierp\/wp-content\/uploads\/sites\/89\/2016\/08\/SFN_FO\u0308RENING_Tierps-121x300.jpg\" alt=\"sfn_fo%cc%88rening_tierps\" width=\"121\" height=\"300\" srcset=\"https:\/\/fn.se\/tierp\/wp-content\/uploads\/sites\/89\/2016\/08\/SFN_FO\u0308RENING_Tierps-121x300.jpg 121w, https:\/\/fn.se\/tierp\/wp-content\/uploads\/sites\/89\/2016\/08\/SFN_FO\u0308RENING_Tierps-413x1024.jpg 413w, https:\/\/fn.se\/tierp\/wp-content\/uploads\/sites\/89\/2016\/08\/SFN_FO\u0308RENING_Tierps-129x320.jpg 129w, https:\/\/fn.se\/tierp\/wp-content\/uploads\/sites\/89\/2016\/08\/SFN_FO\u0308RENING_Tierps-282x700.jpg 282w, https:\/\/fn.se\/tierp\/wp-content\/uploads\/sites\/89\/2016\/08\/SFN_FO\u0308RENING_Tierps.jpg 489w\" sizes=\"auto, (max-width: 121px) 100vw, 121px\" \/>t\u00e4nker globalt men handlar n\u00e4ra och lokalt. I v\u00e5r r\u00f6relse levandeg\u00f6rs visioner. Id\u00e9er formas om hur internationellt samarbete kan fr\u00e4mjas. Det \u00e4r berikande p\u00e5 m\u00e5nga s\u00e4tt.<\/p>\n<p>H\u00e4r f\u00e5r du m\u00f6jlighet att m\u00f6ta nya m\u00e4nniskor, l\u00e4ra dig mer om FN och internationella fr\u00e5gor, arbeta med insamlingsprojekt, p\u00e5verka och framf\u00f6r allt bidra till det viktiga arbetet f\u00f6r en b\u00e4ttre v\u00e4rld.<\/p>\n<p>Vi beh\u00f6ver FN! FN beh\u00f6ver dig!<\/p>\n<p><a class=\"new-window\" href=\"https:\/\/betalning.fn.se\/pfs\/memberregistration\/\" target=\"_blank\" rel=\"noopener noreferrer\">V\u00e4lkommen som medlem i v\u00e5r f\u00f6rening!<\/a><\/p>\n<h4>KONTAKT<\/h4>\n<p>Mats B\u00e4ckman<\/p>\n<p><strong>Telefon:<\/strong> \u00a00295-109 06 eller 072-230 99 06<\/p>\n<p><strong>Mail:<\/strong> <strong><a href=\"mailto:nallman55@hotmail.com\">Mats B\u00e4ckman<\/a><\/strong><\/p>\n<p style=\"text-align: center\"><strong>H\u00f6gbergsskolan i Tierp \u00e4r en av landets m\u00e5nga FN-skolor.<\/strong><\/p>\n<p style=\"text-align: center\">F\u00f6lj g\u00e4rna v\u00e5r FN-f\u00f6rening och FN-skolan p\u00e5 Instagram.<\/p>\n<p style=\"text-align: center\">@tierpsfnforening<\/p>\n<p style=\"text-align: center\">@fn_hogbergs<\/p>\n","protected":false},"excerpt":{"rendered":"<p>V\u00e4lkommen till\u00a0Tierps FN-f\u00f6rening! Tierps FN-f\u00f6rening \u00e4r en del av den svenska FN-r\u00f6relsen och knuten till Svenska FN-f\u00f6rbundet. F\u00f6reningen \u00e4r partipolitiskt&hellip;<\/p>\n","protected":false},"author":16,"featured_media":5,"parent":0,"menu_order":0,"comment_status":"closed","ping_status":"open","template":"templates\/template-sub.php","meta":{"_acf_changed":false,"footnotes":"","_links_to":"","_links_to_target":""},"class_list":["post-2","page","type-page","status-publish","has-post-thumbnail","hentry"],"acf":[],"_links":{"self":[{"href":"https:\/\/fn.se\/tierp\/wp-json\/wp\/v2\/pages\/2","targetHints":{"allow":["GET"]}}],"collection":[{"href":"https:\/\/fn.se\/tierp\/wp-json\/wp\/v2\/pages"}],"about":[{"href":"https:\/\/fn.se\/tierp\/wp-json\/wp\/v2\/types\/page"}],"author":[{"embeddable":true,"href":"https:\/\/fn.se\/tierp\/wp-json\/wp\/v2\/users\/16"}],"replies":[{"embeddable":true,"href":"https:\/\/fn.se\/tierp\/wp-json\/wp\/v2\/comments?post=2"}],"version-history":[{"count":7,"href":"https:\/\/fn.se\/tierp\/wp-json\/wp\/v2\/pages\/2\/revisions"}],"predecessor-version":[{"id":82,"href":"https:\/\/fn.se\/tierp\/wp-json\/wp\/v2\/pages\/2\/revisions\/82"}],"wp:featuredmedia":[{"embeddable":true,"href":"https:\/\/fn.se\/tierp\/wp-json\/wp\/v2\/media\/5"}],"wp:attachment":[{"href":"https:\/\/fn.se\/tierp\/wp-json\/wp\/v2\/media?parent=2"}],"curies":[{"name":"wp","href":"https:\/\/api.w.org\/{rel}","templated":true}]}}