{"id":12,"date":"2016-09-27T12:58:45","date_gmt":"2016-09-27T12:58:45","guid":{"rendered":"http:\/\/fn.se\/sunne\/?page_id=12"},"modified":"2025-04-13T14:04:01","modified_gmt":"2025-04-13T14:04:01","slug":"kontakt","status":"publish","type":"page","link":"https:\/\/fn.se\/sunne\/kontakt\/","title":{"rendered":"Kontakt"},"content":{"rendered":"<h2>Kontakt<\/h2>\n<p>Ordf\u00f6rande Eva Hallstr\u00f6m<\/p>\n<p><strong>Adress:<\/strong><br \/>\nAplung 82<\/p>\n<p>686 95 V\u00e4stra \u00c4mtervik<\/p>\n<p><strong>Telefon<\/strong>: 070-561 23 67<\/p>\n<p><strong>Mail<\/strong>: <a href=\"mailto:eva.hallstrom@mp.se\">Eva Hallstr\u00f6m<\/a><\/p>\n","protected":false},"excerpt":{"rendered":"<p>Kontakt Ordf\u00f6rande Eva Hallstr\u00f6m Adress: Aplung 82 686 95 V\u00e4stra \u00c4mtervik Telefon: 070-561 23 67 Mail: Eva Hallstr\u00f6m<\/p>\n","protected":false},"author":17,"featured_media":0,"parent":0,"menu_order":0,"comment_status":"closed","ping_status":"closed","template":"templates\/template-sub.php","meta":{"_acf_changed":false,"footnotes":"","_links_to":"","_links_to_target":""},"class_list":["post-12","page","type-page","status-publish","hentry"],"acf":[],"_links":{"self":[{"href":"https:\/\/fn.se\/sunne\/wp-json\/wp\/v2\/pages\/12","targetHints":{"allow":["GET"]}}],"collection":[{"href":"https:\/\/fn.se\/sunne\/wp-json\/wp\/v2\/pages"}],"about":[{"href":"https:\/\/fn.se\/sunne\/wp-json\/wp\/v2\/types\/page"}],"author":[{"embeddable":true,"href":"https:\/\/fn.se\/sunne\/wp-json\/wp\/v2\/users\/17"}],"replies":[{"embeddable":true,"href":"https:\/\/fn.se\/sunne\/wp-json\/wp\/v2\/comments?post=12"}],"version-history":[{"count":2,"href":"https:\/\/fn.se\/sunne\/wp-json\/wp\/v2\/pages\/12\/revisions"}],"predecessor-version":[{"id":23,"href":"https:\/\/fn.se\/sunne\/wp-json\/wp\/v2\/pages\/12\/revisions\/23"}],"wp:attachment":[{"href":"https:\/\/fn.se\/sunne\/wp-json\/wp\/v2\/media?parent=12"}],"curies":[{"name":"wp","href":"https:\/\/api.w.org\/{rel}","templated":true}]}}