{"id":63,"date":"2016-09-27T14:33:04","date_gmt":"2016-09-27T14:33:04","guid":{"rendered":"http:\/\/fn.se\/strangnas\/?page_id=63"},"modified":"2016-10-17T15:09:56","modified_gmt":"2016-10-17T15:09:56","slug":"2010-04-30-rod-gront-klimatforslag","status":"publish","type":"page","link":"https:\/\/fn.se\/strangnas\/2010-04-30-rod-gront-klimatforslag\/","title":{"rendered":"2010-04-30 R\u00f6d-gr\u00f6nt klimatf\u00f6rslag"},"content":{"rendered":"<h1>R\u00f6d-gr\u00f6nt klimatf\u00f6rslag<\/h1>\n<p class=\"intro\">De r\u00f6dgr\u00f6na partierna vill inte bara \u00f6ka koldioxidskatten, som Dagens klimatnyheter ber\u00e4ttade om i g\u00e5r. De vill ocks\u00e5 ge 5 000 kr i st\u00f6d till den som konverterar sin bensinbil till en etanolbil och 10 000 kr till den som bygger om sin bensinbil till en biogasbil, utreda ett f\u00e4rdmedelsneutralt avst\u00e5ndsbaserat reseavdrag, s\u00e4nka fordonsskatten p\u00e5 bussar, p\u00e5skynda omst\u00e4llningen till produktion av mer milj\u00f6smarta fordon, satsa 600 miljoner kronor p\u00e5 ett nystartat Klimatinvesteringsprogram \u00f6ver perioden 2011-2012 och inf\u00f6ra en kilometerskatt f\u00f6r tunga lastbilar.<\/p>\n<p>Aftonbladet har, med anledning av det r\u00f6dgr\u00f6na f\u00f6rslaget, genomf\u00f6rt en Sifom\u00e4tning som anger att 13 procent vill h\u00f6ja bensinskatten, 44 procent vill ha den of\u00f6r\u00e4ndrad och 38 procent vill s\u00e4nka den.<\/p>\n<p><a href=\"http:\/\/www.aftonbladet.se\/nyheter\/article7039926.ab\">L\u00e4s Aftonbladets artikel om Sifom\u00e4tningen\u2028\u2028<\/a><\/p>\n<p><a href=\"http:\/\/www.svd.se\/naringsliv\/nyheter\/maud-olofsson-orattvist-ofardigt-och-otillrackligt_4630067.svd\">L\u00e4s kommentar fr\u00e5n Maud Olofsson i Svenska Dagbladet: &#8221;Or\u00e4ttvist, of\u00e4rdigt och otillr\u00e4ckligt&#8221;\u2028\u2028\u2028<\/a><\/p>\n","protected":false},"excerpt":{"rendered":"<p>R\u00f6d-gr\u00f6nt klimatf\u00f6rslag De r\u00f6dgr\u00f6na partierna vill inte bara \u00f6ka koldioxidskatten, som Dagens klimatnyheter ber\u00e4ttade om i g\u00e5r. De vill ocks\u00e5&hellip;<\/p>\n","protected":false},"author":17,"featured_media":0,"parent":0,"menu_order":0,"comment_status":"closed","ping_status":"closed","template":"templates\/template-sub.php","meta":{"_acf_changed":false,"footnotes":"","_links_to":"","_links_to_target":""},"class_list":["post-63","page","type-page","status-publish","hentry"],"acf":[],"_links":{"self":[{"href":"https:\/\/fn.se\/strangnas\/wp-json\/wp\/v2\/pages\/63","targetHints":{"allow":["GET"]}}],"collection":[{"href":"https:\/\/fn.se\/strangnas\/wp-json\/wp\/v2\/pages"}],"about":[{"href":"https:\/\/fn.se\/strangnas\/wp-json\/wp\/v2\/types\/page"}],"author":[{"embeddable":true,"href":"https:\/\/fn.se\/strangnas\/wp-json\/wp\/v2\/users\/17"}],"replies":[{"embeddable":true,"href":"https:\/\/fn.se\/strangnas\/wp-json\/wp\/v2\/comments?post=63"}],"version-history":[{"count":1,"href":"https:\/\/fn.se\/strangnas\/wp-json\/wp\/v2\/pages\/63\/revisions"}],"predecessor-version":[{"id":65,"href":"https:\/\/fn.se\/strangnas\/wp-json\/wp\/v2\/pages\/63\/revisions\/65"}],"wp:attachment":[{"href":"https:\/\/fn.se\/strangnas\/wp-json\/wp\/v2\/media?parent=63"}],"curies":[{"name":"wp","href":"https:\/\/api.w.org\/{rel}","templated":true}]}}