{"id":58,"date":"2016-09-27T14:24:24","date_gmt":"2016-09-27T14:24:24","guid":{"rendered":"http:\/\/fn.se\/strangnas\/?page_id=58"},"modified":"2016-10-17T15:10:02","modified_gmt":"2016-10-17T15:10:02","slug":"2010-04-30-klimatpaverkan-fran-nya-bilar-minskar-rekordsnabbt-stora-kommunvisa-skillnader","status":"publish","type":"page","link":"https:\/\/fn.se\/strangnas\/2010-04-30-klimatpaverkan-fran-nya-bilar-minskar-rekordsnabbt-stora-kommunvisa-skillnader\/","title":{"rendered":"2010-04-30 Klimatp\u00e5verkan fr\u00e5n nya bilar minskar rekordsnabbt \u2013 stora kommunvisa skillnader"},"content":{"rendered":"<h2>Klimatp\u00e5verkan fr\u00e5n nya bilar minskar rekordsnabbt \u2013 stora kommunvisa skillnader<\/h2>\n<p class=\"intro\">Under 2009 minskade de genomsnittliga koldioxidutsl\u00e4ppen fr\u00e5n nya bilar i Sverige med 5,3 procent, fr\u00e5n 174 till 165 gram per kilometer. Men det \u00e4r stora skillnader mellan kommunerna, d\u00e4r utsl\u00e4ppen varierar mellan 142 och 186 gram per kilometer.<\/p>\n<p>Det framg\u00e5r av ett index \u00f6ver nya bilars klimatp\u00e5verkan, som i dag presenteras av Trafikverket, Naturv\u00e5rdsverket och Konsumentverket.<\/p>\n<p>\u2013 Utsl\u00e4ppen fr\u00e5n de nya bilarna minskar i allt snabbare takt, vilket \u00e4r mycket gl\u00e4djande. En kraftfull energieffektivisering \u00e4r en f\u00f6ruts\u00e4ttning f\u00f6r att n\u00e5 regeringens m\u00e5l om en fossiloberoende fordonspark, eftersom tillg\u00e5ngen p\u00e5 h\u00e5llbart producerade biobr\u00e4nslen \u00e4r begr\u00e4nsad, s\u00e4ger Lars Nilsson, direkt\u00f6r f\u00f6r milj\u00f6 och h\u00e4lsa p\u00e5 Trafikverket.<\/p>\n<p>&nbsp;<\/p>\n<p>&nbsp;<\/p>\n","protected":false},"excerpt":{"rendered":"<p>Klimatp\u00e5verkan fr\u00e5n nya bilar minskar rekordsnabbt \u2013 stora kommunvisa skillnader Under 2009 minskade de genomsnittliga koldioxidutsl\u00e4ppen fr\u00e5n nya bilar i&hellip;<\/p>\n","protected":false},"author":17,"featured_media":0,"parent":0,"menu_order":0,"comment_status":"closed","ping_status":"closed","template":"templates\/template-sub.php","meta":{"_acf_changed":false,"footnotes":"","_links_to":"","_links_to_target":""},"class_list":["post-58","page","type-page","status-publish","hentry"],"acf":[],"_links":{"self":[{"href":"https:\/\/fn.se\/strangnas\/wp-json\/wp\/v2\/pages\/58","targetHints":{"allow":["GET"]}}],"collection":[{"href":"https:\/\/fn.se\/strangnas\/wp-json\/wp\/v2\/pages"}],"about":[{"href":"https:\/\/fn.se\/strangnas\/wp-json\/wp\/v2\/types\/page"}],"author":[{"embeddable":true,"href":"https:\/\/fn.se\/strangnas\/wp-json\/wp\/v2\/users\/17"}],"replies":[{"embeddable":true,"href":"https:\/\/fn.se\/strangnas\/wp-json\/wp\/v2\/comments?post=58"}],"version-history":[{"count":3,"href":"https:\/\/fn.se\/strangnas\/wp-json\/wp\/v2\/pages\/58\/revisions"}],"predecessor-version":[{"id":62,"href":"https:\/\/fn.se\/strangnas\/wp-json\/wp\/v2\/pages\/58\/revisions\/62"}],"wp:attachment":[{"href":"https:\/\/fn.se\/strangnas\/wp-json\/wp\/v2\/media?parent=58"}],"curies":[{"name":"wp","href":"https:\/\/api.w.org\/{rel}","templated":true}]}}