{"id":55,"date":"2016-09-27T14:23:02","date_gmt":"2016-09-27T14:23:02","guid":{"rendered":"http:\/\/fn.se\/strangnas\/?page_id=55"},"modified":"2016-10-17T15:10:10","modified_gmt":"2016-10-17T15:10:10","slug":"2010-04-30-danmark-sjalvkritiskt-om-klimatmotet","status":"publish","type":"page","link":"https:\/\/fn.se\/strangnas\/2010-04-30-danmark-sjalvkritiskt-om-klimatmotet\/","title":{"rendered":"2010-04-30 Danmark sj\u00e4lvkritiskt om klimatm\u00f6tet"},"content":{"rendered":"<h1>Danmark sj\u00e4lvkritiskt om klimatm\u00f6tet<\/h1>\n<p class=\"intro\">Det var bristande tillit mellan Danmark och FN som satte krokben f\u00f6r det stora klimattoppm\u00f6tet i december f\u00f6rra \u00e5ret i K\u00f6penhamn.<\/p>\n<p>Det avsl\u00f6jas i en hemlig utv\u00e4rdering i den danske statsministerns kansli som tidningen Politiken har kommit \u00f6ver och som refereras av Ekot.<\/p>\n<p>Att Danmark inte f\u00f6rstod hur FN-kulturen fungerar gjorde att det aldrig blev ett tillitsfullt samarbete mellan FN:s klimatsekretariat och de danska v\u00e4rdarna f\u00f6r toppm\u00f6tet. D\u00e4rf\u00f6r blev det inte heller n\u00e5got bra resultat.<\/p>\n<p><a href=\"http:\/\/sverigesradio.se\/sida\/artikel.aspx?programid=83&amp;artikel=3659453\">L\u00e4s artikeln p\u00e5 Ekots webbplats\u2028\u2028<\/a><\/p>\n<p><a href=\"http:\/\/politiken.dk\/klima\/article958764.ece\">L\u00e4s artikeln i Politiken: &#8221;Hemmeligt notat: Mistillid til FN \u00f8delagde topm\u00f8de&#8221; (danska)<\/a><\/p>\n","protected":false},"excerpt":{"rendered":"<p>Danmark sj\u00e4lvkritiskt om klimatm\u00f6tet Det var bristande tillit mellan Danmark och FN som satte krokben f\u00f6r det stora klimattoppm\u00f6tet i&hellip;<\/p>\n","protected":false},"author":17,"featured_media":0,"parent":0,"menu_order":0,"comment_status":"closed","ping_status":"closed","template":"templates\/template-sub.php","meta":{"_acf_changed":false,"footnotes":"","_links_to":"","_links_to_target":""},"class_list":["post-55","page","type-page","status-publish","hentry"],"acf":[],"_links":{"self":[{"href":"https:\/\/fn.se\/strangnas\/wp-json\/wp\/v2\/pages\/55","targetHints":{"allow":["GET"]}}],"collection":[{"href":"https:\/\/fn.se\/strangnas\/wp-json\/wp\/v2\/pages"}],"about":[{"href":"https:\/\/fn.se\/strangnas\/wp-json\/wp\/v2\/types\/page"}],"author":[{"embeddable":true,"href":"https:\/\/fn.se\/strangnas\/wp-json\/wp\/v2\/users\/17"}],"replies":[{"embeddable":true,"href":"https:\/\/fn.se\/strangnas\/wp-json\/wp\/v2\/comments?post=55"}],"version-history":[{"count":1,"href":"https:\/\/fn.se\/strangnas\/wp-json\/wp\/v2\/pages\/55\/revisions"}],"predecessor-version":[{"id":57,"href":"https:\/\/fn.se\/strangnas\/wp-json\/wp\/v2\/pages\/55\/revisions\/57"}],"wp:attachment":[{"href":"https:\/\/fn.se\/strangnas\/wp-json\/wp\/v2\/media?parent=55"}],"curies":[{"name":"wp","href":"https:\/\/api.w.org\/{rel}","templated":true}]}}