{"id":51,"date":"2016-09-27T14:19:04","date_gmt":"2016-09-27T14:19:04","guid":{"rendered":"http:\/\/fn.se\/strangnas\/?page_id=51"},"modified":"2016-10-17T15:09:48","modified_gmt":"2016-10-17T15:09:48","slug":"2010-05-10-svenskarnas-attityder-forvantningar-och-konsumtion","status":"publish","type":"page","link":"https:\/\/fn.se\/strangnas\/2010-05-10-svenskarnas-attityder-forvantningar-och-konsumtion\/","title":{"rendered":"2010-05-10 Svenskarnas attityder, f\u00f6rv\u00e4ntningar och konsumtion"},"content":{"rendered":"<h1>Svenskarnas attityder, f\u00f6rv\u00e4ntningar och konsumtion<\/h1>\n<p class=\"intro\">F\u00f6r Sveriges Television, Roger Jansson. Synovate Sweden AB. Anna Flory Kjellin. Februari 2010<\/p>\n<p><a href=\"https:\/\/fn.se\/strangnas\/wp-content\/uploads\/sites\/33\/2016\/09\/Klimat-attityder-2010.pdf\">Ladda ner och l\u00e4s rapport som PDF (PDF-dokument, 164 kB)<\/a><\/p>\n","protected":false},"excerpt":{"rendered":"<p>Svenskarnas attityder, f\u00f6rv\u00e4ntningar och konsumtion F\u00f6r Sveriges Television, Roger Jansson. Synovate Sweden AB. Anna Flory Kjellin. Februari 2010 Ladda ner&hellip;<\/p>\n","protected":false},"author":17,"featured_media":0,"parent":0,"menu_order":0,"comment_status":"closed","ping_status":"closed","template":"templates\/template-sub.php","meta":{"_acf_changed":false,"footnotes":"","_links_to":"","_links_to_target":""},"class_list":["post-51","page","type-page","status-publish","hentry"],"acf":[],"_links":{"self":[{"href":"https:\/\/fn.se\/strangnas\/wp-json\/wp\/v2\/pages\/51","targetHints":{"allow":["GET"]}}],"collection":[{"href":"https:\/\/fn.se\/strangnas\/wp-json\/wp\/v2\/pages"}],"about":[{"href":"https:\/\/fn.se\/strangnas\/wp-json\/wp\/v2\/types\/page"}],"author":[{"embeddable":true,"href":"https:\/\/fn.se\/strangnas\/wp-json\/wp\/v2\/users\/17"}],"replies":[{"embeddable":true,"href":"https:\/\/fn.se\/strangnas\/wp-json\/wp\/v2\/comments?post=51"}],"version-history":[{"count":1,"href":"https:\/\/fn.se\/strangnas\/wp-json\/wp\/v2\/pages\/51\/revisions"}],"predecessor-version":[{"id":54,"href":"https:\/\/fn.se\/strangnas\/wp-json\/wp\/v2\/pages\/51\/revisions\/54"}],"wp:attachment":[{"href":"https:\/\/fn.se\/strangnas\/wp-json\/wp\/v2\/media?parent=51"}],"curies":[{"name":"wp","href":"https:\/\/api.w.org\/{rel}","templated":true}]}}