{"id":48,"date":"2016-09-27T14:15:19","date_gmt":"2016-09-27T14:15:19","guid":{"rendered":"http:\/\/fn.se\/strangnas\/?page_id=48"},"modified":"2016-10-17T15:09:38","modified_gmt":"2016-10-17T15:09:38","slug":"2010-10-18-sa-ska-empire-state-building-bli-en-gron-skrapa","status":"publish","type":"page","link":"https:\/\/fn.se\/strangnas\/2010-10-18-sa-ska-empire-state-building-bli-en-gron-skrapa\/","title":{"rendered":"2010-10-18 S\u00e5 ska Empire State Building bli en &#8221;gr\u00f6n&#8221; skrapa"},"content":{"rendered":"<h2>S\u00e5 ska Empire State Building bli en &#8221;gr\u00f6n&#8221; skrapa<\/h2>\n<p><img decoding=\"async\" class=\"right alignright\" src=\"http:\/\/fnold.episerverhosting.com\/PageFiles\/15784\/4169246584_1.jpg\" alt=\"\" \/><\/p>\n<p>Empire State Building har f\u00e5tt nya, energieffektiva f\u00f6nster. D\u00e4rmed \u00e4r f\u00f6rsta delen av en omfattande gr\u00f6n renovering avklarad, ett initiativ som kommer att spara b\u00e5de energi och pengar, skriver Milj\u00f6aktuellt.<\/p>\n<p>Skyskrapan i New York har f\u00e5tt sina 6 514 f\u00f6nster renoverade i en banbrytande process d\u00e4r 96 procent av de gamla glasen och ramarna har \u00e5teranv\u00e4nts. Totalt kommer man att spara 4,4 miljoner dollar om \u00e5ret i energikostnader, samt minska byggnadens koldioxidutsl\u00e4pp med 105 000 ton under de kommande 15 \u00e5ren.<\/p>\n<p><a href=\"http:\/\/www.aktuellhallbarhet.se\/sa-ska-empire-state-building-bli-en-gron-skrapa\/\">L\u00e4s artikeln i Aktuell h\u00e5llbarhet<\/a><\/p>\n","protected":false},"excerpt":{"rendered":"<p>S\u00e5 ska Empire State Building bli en &#8221;gr\u00f6n&#8221; skrapa Empire State Building har f\u00e5tt nya, energieffektiva f\u00f6nster. D\u00e4rmed \u00e4r f\u00f6rsta&hellip;<\/p>\n","protected":false},"author":17,"featured_media":0,"parent":0,"menu_order":0,"comment_status":"closed","ping_status":"closed","template":"templates\/template-sub.php","meta":{"_acf_changed":false,"footnotes":"","_links_to":"","_links_to_target":""},"class_list":["post-48","page","type-page","status-publish","hentry"],"acf":[],"_links":{"self":[{"href":"https:\/\/fn.se\/strangnas\/wp-json\/wp\/v2\/pages\/48","targetHints":{"allow":["GET"]}}],"collection":[{"href":"https:\/\/fn.se\/strangnas\/wp-json\/wp\/v2\/pages"}],"about":[{"href":"https:\/\/fn.se\/strangnas\/wp-json\/wp\/v2\/types\/page"}],"author":[{"embeddable":true,"href":"https:\/\/fn.se\/strangnas\/wp-json\/wp\/v2\/users\/17"}],"replies":[{"embeddable":true,"href":"https:\/\/fn.se\/strangnas\/wp-json\/wp\/v2\/comments?post=48"}],"version-history":[{"count":1,"href":"https:\/\/fn.se\/strangnas\/wp-json\/wp\/v2\/pages\/48\/revisions"}],"predecessor-version":[{"id":50,"href":"https:\/\/fn.se\/strangnas\/wp-json\/wp\/v2\/pages\/48\/revisions\/50"}],"wp:attachment":[{"href":"https:\/\/fn.se\/strangnas\/wp-json\/wp\/v2\/media?parent=48"}],"curies":[{"name":"wp","href":"https:\/\/api.w.org\/{rel}","templated":true}]}}